{"id":787,"date":"2018-02-01T15:10:04","date_gmt":"2018-02-01T15:10:04","guid":{"rendered":"http:\/\/www.easymarket.travel\/ro\/?page_id=787"},"modified":"2019-01-31T15:35:31","modified_gmt":"2019-01-31T15:35:31","slug":"lucreaza-cu-noi","status":"publish","type":"page","link":"https:\/\/www.easymarket.travel\/ro\/lucreaza-cu-noi\/","title":{"rendered":"Lucreaz\u0103 cu noi \u00een Easy Market"},"content":{"rendered":"<section class=\"wpb-content-wrapper\">[vc_row content_width=&#8221;grid&#8221; css=&#8221;.vc_custom_1516264753147{margin-bottom: 30px !important;padding-top: 20px !important;padding-right: 20px !important;padding-left: 20px !important;}&#8221;][vc_column][vc_column_text]\n<h2 style=\"text-align: center;\"><strong>Lucreaz\u0103 cu noi <\/strong> \u00een Easy Market!<\/h2>\n<h3 style=\"text-align: left;\">Compania noastr\u0103, \u00een continu\u0103 evolu\u021bie, caut\u0103 colegi noi pentru a-\u0219i extinde personalul din echip\u0103.<\/h3>\n<hr style=\"margin-bottom: 20px;\" \/>\n<div id=\"attachment_8368\" style=\"width: 310px\" class=\"wp-caption alignleft\"><img aria-describedby=\"caption-attachment-8368\" decoding=\"async\" loading=\"lazy\" class=\"wp-image-8368 size-medium\" title=\"Personale Easy Market\" src=\"http:\/\/www.easymarket.travel\/it\/wp-content\/uploads\/sites\/2\/2017\/12\/foto_uffici_01-300x200.jpg\" alt=\"Lavora con noi in Easy Market\" width=\"300\" height=\"200\" \/><p id=\"caption-attachment-8368\" class=\"wp-caption-text\">Personal Easy Market<\/p><\/div>\n<p><img decoding=\"async\" loading=\"lazy\" class=\"size-medium alignleft\" title=\"Personal Easy Market\" src=\"http:\/\/www.easymarket.travel\/it\/wp-content\/uploads\/sites\/2\/2018\/01\/foto_uffici_02.jpg\" alt=\"Lavora con noi in Easy Market\" width=\"300\" height=\"200\" \/><\/p>\n<h4>Easy Market este o companie t\u00e2n\u0103r\u0103 \u0219i dinamic\u0103, cu o echip\u0103 de profesioni\u0219ti \u00een continu\u0103 dezvoltare.<\/h4>\n<h4>Focus-ul nostru actual este c\u0103tre dezvoltarea \u00een continuare a echipei pentru a putea oferi agen\u021biilor de turism partenere, abilit\u0103\u021bi, angajament \u0219i pasiune pentru munca lor!<\/h4>\n[\/vc_column_text][\/vc_column][\/vc_row][vc_row content_width=&#8221;grid&#8221; content_aligment=&#8221;center&#8221; css=&#8221;.vc_custom_1517492417490{margin-bottom: 30px !important;padding-top: 30px !important;padding-bottom: 30px !important;background-color: #2399dd !important;}&#8221;][vc_column][vc_column_text]\n<h2 class=\"white\"><strong>Dori\u021bi s\u0103 face\u021bi parte din echipa noastr\u0103? <\/strong><\/h2>\n<h3 class=\"white\">V\u0103 invit\u0103m s\u0103 verifica\u021bi lista posturilor vacante \u0219i s\u0103 ne trimite\u021bi candidatura!<\/h3>\n[\/vc_column_text][vc_raw_html]JTNDc3R5bGUlM0UlMEEud2hpdGUlMjAlN0Jjb2xvciUzQSUyM2ZmZiUzQiU3RCUwQSUzQyUyRnN0eWxlJTNF[\/vc_raw_html][\/vc_column][\/vc_row]\n<\/section>","protected":false},"excerpt":{"rendered":"<p>[vc_row content_width=&#8221;grid&#8221; css=&#8221;.vc_custom_1516264753147{margin-bottom: 30px !important;padding-top: 20px !important;padding-right: 20px !important;padding-left: 20px !important;}&#8221;][vc_column][vc_column_text] Lucreaz\u0103 cu noi \u00een Easy Market! Compania noastr\u0103, \u00een continu\u0103 evolu\u021bie, caut\u0103 colegi noi pentru a-\u0219i extinde personalul din echip\u0103. Easy Market este o companie t\u00e2n\u0103r\u0103 \u0219i dinamic\u0103, cu o echip\u0103 de profesioni\u0219ti \u00een continu\u0103 dezvoltare. Focus-ul nostru actual este c\u0103tre dezvoltarea \u00een continuare a echipei pentru a putea oferi agen\u021biilor de turism partenere, abilit\u0103\u021bi, angajament \u0219i pasiune pentru munca lor! [\/vc_column_text][\/vc_column][\/vc_row][vc_row content_width=&#8221;grid&#8221; content_aligment=&#8221;center&#8221; css=&#8221;.vc_custom_1517492417490{margin-bottom: 30px !important;padding-top: 30px !important;padding-bottom: 30px !important;background-color: #2399dd !important;}&#8221;][vc_column][vc_column_text] Dori\u021bi s\u0103 face\u021bi parte din echipa noastr\u0103? V\u0103 invit\u0103m s\u0103 verifica\u021bi lista posturilor vacante \u0219i s\u0103&#8230;<\/p>\n","protected":false},"author":2,"featured_media":0,"parent":0,"menu_order":0,"comment_status":"closed","ping_status":"closed","template":"blog-masonry-gallery.php","meta":[],"acf":[],"yoast_head":"<!-- This site is optimized with the Yoast SEO plugin v21.8 - https:\/\/yoast.com\/wordpress\/plugins\/seo\/ -->\n<title>Lucreaz\u0103 cu noi \u00een Easy Market | Easy Market | RO<\/title>\n<meta name=\"robots\" content=\"index, follow, max-snippet:-1, max-image-preview:large, max-video-preview:-1\" \/>\n<link rel=\"canonical\" href=\"https:\/\/www.easymarket.travel\/ro\/lucreaza-cu-noi\/\" \/>\n<meta property=\"og:locale\" content=\"ro_RO\" \/>\n<meta property=\"og:type\" content=\"article\" \/>\n<meta property=\"og:title\" content=\"Lucreaz\u0103 cu noi \u00een Easy Market | Easy Market | RO\" \/>\n<meta property=\"og:description\" content=\"[vc_row content_width=&#8221;grid&#8221; css=&#8221;.vc_custom_1516264753147{margin-bottom: 30px !important;padding-top: 20px !important;padding-right: 20px !important;padding-left: 20px !important;}&#8221;][vc_column][vc_column_text] Lucreaz\u0103 cu noi \u00een Easy Market! Compania noastr\u0103, \u00een continu\u0103 evolu\u021bie, caut\u0103 colegi noi pentru a-\u0219i extinde personalul din echip\u0103. Easy Market este o companie t\u00e2n\u0103r\u0103 \u0219i dinamic\u0103, cu o echip\u0103 de profesioni\u0219ti \u00een continu\u0103 dezvoltare. Focus-ul nostru actual este c\u0103tre dezvoltarea \u00een continuare a echipei pentru a putea oferi agen\u021biilor de turism partenere, abilit\u0103\u021bi, angajament \u0219i pasiune pentru munca lor! [\/vc_column_text][\/vc_column][\/vc_row][vc_row content_width=&#8221;grid&#8221; content_aligment=&#8221;center&#8221; css=&#8221;.vc_custom_1517492417490{margin-bottom: 30px !important;padding-top: 30px !important;padding-bottom: 30px !important;background-color: #2399dd !important;}&#8221;][vc_column][vc_column_text] Dori\u021bi s\u0103 face\u021bi parte din echipa noastr\u0103? V\u0103 invit\u0103m s\u0103 verifica\u021bi lista posturilor vacante \u0219i s\u0103...\" \/>\n<meta property=\"og:url\" content=\"https:\/\/www.easymarket.travel\/ro\/lucreaza-cu-noi\/\" \/>\n<meta property=\"og:site_name\" content=\"Easy Market | RO\" \/>\n<meta property=\"article:modified_time\" content=\"2019-01-31T15:35:31+00:00\" \/>\n<meta property=\"og:image\" content=\"http:\/\/www.easymarket.travel\/it\/wp-content\/uploads\/sites\/2\/2017\/12\/foto_uffici_01-300x200.jpg\" \/>\n<meta name=\"twitter:label1\" content=\"Timp estimat pentru citire\" \/>\n\t<meta name=\"twitter:data1\" content=\"1 minut\" \/>\n<script type=\"application\/ld+json\" class=\"yoast-schema-graph\">{\"@context\":\"https:\/\/schema.org\",\"@graph\":[{\"@type\":\"WebPage\",\"@id\":\"https:\/\/www.easymarket.travel\/ro\/lucreaza-cu-noi\/\",\"url\":\"https:\/\/www.easymarket.travel\/ro\/lucreaza-cu-noi\/\",\"name\":\"Lucreaz\u0103 cu noi \u00een Easy Market | Easy Market | RO\",\"isPartOf\":{\"@id\":\"https:\/\/www.easymarket.travel\/ro\/#website\"},\"datePublished\":\"2018-02-01T15:10:04+00:00\",\"dateModified\":\"2019-01-31T15:35:31+00:00\",\"breadcrumb\":{\"@id\":\"https:\/\/www.easymarket.travel\/ro\/lucreaza-cu-noi\/#breadcrumb\"},\"inLanguage\":\"ro-RO\",\"potentialAction\":[{\"@type\":\"ReadAction\",\"target\":[\"https:\/\/www.easymarket.travel\/ro\/lucreaza-cu-noi\/\"]}]},{\"@type\":\"BreadcrumbList\",\"@id\":\"https:\/\/www.easymarket.travel\/ro\/lucreaza-cu-noi\/#breadcrumb\",\"itemListElement\":[{\"@type\":\"ListItem\",\"position\":1,\"name\":\"Home\",\"item\":\"https:\/\/www.easymarket.travel\/ro\/\"},{\"@type\":\"ListItem\",\"position\":2,\"name\":\"Lucreaz\u0103 cu noi \u00een Easy Market\"}]},{\"@type\":\"WebSite\",\"@id\":\"https:\/\/www.easymarket.travel\/ro\/#website\",\"url\":\"https:\/\/www.easymarket.travel\/ro\/\",\"name\":\"Easy Market | RO\",\"description\":\"Easy Market CRS pentru agen\u021biile de turism!\",\"publisher\":{\"@id\":\"https:\/\/www.easymarket.travel\/ro\/#organization\"},\"potentialAction\":[{\"@type\":\"SearchAction\",\"target\":{\"@type\":\"EntryPoint\",\"urlTemplate\":\"https:\/\/www.easymarket.travel\/ro\/?s={search_term_string}\"},\"query-input\":\"required name=search_term_string\"}],\"inLanguage\":\"ro-RO\"},{\"@type\":\"Organization\",\"@id\":\"https:\/\/www.easymarket.travel\/ro\/#organization\",\"name\":\"Easy Market\",\"url\":\"https:\/\/www.easymarket.travel\/ro\/\",\"logo\":{\"@type\":\"ImageObject\",\"inLanguage\":\"ro-RO\",\"@id\":\"https:\/\/www.easymarket.travel\/ro\/#\/schema\/logo\/image\/\",\"url\":\"https:\/\/www.easymarket.travel\/ro\/wp-content\/uploads\/sites\/5\/2017\/11\/logo-easymarket-220.png\",\"contentUrl\":\"https:\/\/www.easymarket.travel\/ro\/wp-content\/uploads\/sites\/5\/2017\/11\/logo-easymarket-220.png\",\"width\":220,\"height\":57,\"caption\":\"Easy Market\"},\"image\":{\"@id\":\"https:\/\/www.easymarket.travel\/ro\/#\/schema\/logo\/image\/\"}}]}<\/script>\n<!-- \/ Yoast SEO plugin. -->","yoast_head_json":{"title":"Lucreaz\u0103 cu noi \u00een Easy Market | Easy Market | RO","robots":{"index":"index","follow":"follow","max-snippet":"max-snippet:-1","max-image-preview":"max-image-preview:large","max-video-preview":"max-video-preview:-1"},"canonical":"https:\/\/www.easymarket.travel\/ro\/lucreaza-cu-noi\/","og_locale":"ro_RO","og_type":"article","og_title":"Lucreaz\u0103 cu noi \u00een Easy Market | Easy Market | RO","og_description":"[vc_row content_width=&#8221;grid&#8221; css=&#8221;.vc_custom_1516264753147{margin-bottom: 30px !important;padding-top: 20px !important;padding-right: 20px !important;padding-left: 20px !important;}&#8221;][vc_column][vc_column_text] Lucreaz\u0103 cu noi \u00een Easy Market! Compania noastr\u0103, \u00een continu\u0103 evolu\u021bie, caut\u0103 colegi noi pentru a-\u0219i extinde personalul din echip\u0103. Easy Market este o companie t\u00e2n\u0103r\u0103 \u0219i dinamic\u0103, cu o echip\u0103 de profesioni\u0219ti \u00een continu\u0103 dezvoltare. Focus-ul nostru actual este c\u0103tre dezvoltarea \u00een continuare a echipei pentru a putea oferi agen\u021biilor de turism partenere, abilit\u0103\u021bi, angajament \u0219i pasiune pentru munca lor! [\/vc_column_text][\/vc_column][\/vc_row][vc_row content_width=&#8221;grid&#8221; content_aligment=&#8221;center&#8221; css=&#8221;.vc_custom_1517492417490{margin-bottom: 30px !important;padding-top: 30px !important;padding-bottom: 30px !important;background-color: #2399dd !important;}&#8221;][vc_column][vc_column_text] Dori\u021bi s\u0103 face\u021bi parte din echipa noastr\u0103? V\u0103 invit\u0103m s\u0103 verifica\u021bi lista posturilor vacante \u0219i s\u0103...","og_url":"https:\/\/www.easymarket.travel\/ro\/lucreaza-cu-noi\/","og_site_name":"Easy Market | RO","article_modified_time":"2019-01-31T15:35:31+00:00","og_image":[{"url":"http:\/\/www.easymarket.travel\/it\/wp-content\/uploads\/sites\/2\/2017\/12\/foto_uffici_01-300x200.jpg"}],"twitter_misc":{"Timp estimat pentru citire":"1 minut"},"schema":{"@context":"https:\/\/schema.org","@graph":[{"@type":"WebPage","@id":"https:\/\/www.easymarket.travel\/ro\/lucreaza-cu-noi\/","url":"https:\/\/www.easymarket.travel\/ro\/lucreaza-cu-noi\/","name":"Lucreaz\u0103 cu noi \u00een Easy Market | Easy Market | RO","isPartOf":{"@id":"https:\/\/www.easymarket.travel\/ro\/#website"},"datePublished":"2018-02-01T15:10:04+00:00","dateModified":"2019-01-31T15:35:31+00:00","breadcrumb":{"@id":"https:\/\/www.easymarket.travel\/ro\/lucreaza-cu-noi\/#breadcrumb"},"inLanguage":"ro-RO","potentialAction":[{"@type":"ReadAction","target":["https:\/\/www.easymarket.travel\/ro\/lucreaza-cu-noi\/"]}]},{"@type":"BreadcrumbList","@id":"https:\/\/www.easymarket.travel\/ro\/lucreaza-cu-noi\/#breadcrumb","itemListElement":[{"@type":"ListItem","position":1,"name":"Home","item":"https:\/\/www.easymarket.travel\/ro\/"},{"@type":"ListItem","position":2,"name":"Lucreaz\u0103 cu noi \u00een Easy Market"}]},{"@type":"WebSite","@id":"https:\/\/www.easymarket.travel\/ro\/#website","url":"https:\/\/www.easymarket.travel\/ro\/","name":"Easy Market | RO","description":"Easy Market CRS pentru agen\u021biile de turism!","publisher":{"@id":"https:\/\/www.easymarket.travel\/ro\/#organization"},"potentialAction":[{"@type":"SearchAction","target":{"@type":"EntryPoint","urlTemplate":"https:\/\/www.easymarket.travel\/ro\/?s={search_term_string}"},"query-input":"required name=search_term_string"}],"inLanguage":"ro-RO"},{"@type":"Organization","@id":"https:\/\/www.easymarket.travel\/ro\/#organization","name":"Easy Market","url":"https:\/\/www.easymarket.travel\/ro\/","logo":{"@type":"ImageObject","inLanguage":"ro-RO","@id":"https:\/\/www.easymarket.travel\/ro\/#\/schema\/logo\/image\/","url":"https:\/\/www.easymarket.travel\/ro\/wp-content\/uploads\/sites\/5\/2017\/11\/logo-easymarket-220.png","contentUrl":"https:\/\/www.easymarket.travel\/ro\/wp-content\/uploads\/sites\/5\/2017\/11\/logo-easymarket-220.png","width":220,"height":57,"caption":"Easy Market"},"image":{"@id":"https:\/\/www.easymarket.travel\/ro\/#\/schema\/logo\/image\/"}}]}},"_links":{"self":[{"href":"https:\/\/www.easymarket.travel\/ro\/wp-json\/wp\/v2\/pages\/787"}],"collection":[{"href":"https:\/\/www.easymarket.travel\/ro\/wp-json\/wp\/v2\/pages"}],"about":[{"href":"https:\/\/www.easymarket.travel\/ro\/wp-json\/wp\/v2\/types\/page"}],"author":[{"embeddable":true,"href":"https:\/\/www.easymarket.travel\/ro\/wp-json\/wp\/v2\/users\/2"}],"replies":[{"embeddable":true,"href":"https:\/\/www.easymarket.travel\/ro\/wp-json\/wp\/v2\/comments?post=787"}],"version-history":[{"count":9,"href":"https:\/\/www.easymarket.travel\/ro\/wp-json\/wp\/v2\/pages\/787\/revisions"}],"predecessor-version":[{"id":809,"href":"https:\/\/www.easymarket.travel\/ro\/wp-json\/wp\/v2\/pages\/787\/revisions\/809"}],"wp:attachment":[{"href":"https:\/\/www.easymarket.travel\/ro\/wp-json\/wp\/v2\/media?parent=787"}],"curies":[{"name":"wp","href":"https:\/\/api.w.org\/{rel}","templated":true}]}}