{"id":5,"date":"2014-10-29T15:05:33","date_gmt":"2014-10-29T15:05:33","guid":{"rendered":"http:\/\/www.easymarket.travel\/ro\/?page_id=5"},"modified":"2022-11-03T11:09:55","modified_gmt":"2022-11-03T11:09:55","slug":"despre-noi","status":"publish","type":"page","link":"https:\/\/www.easymarket.travel\/ro\/despre-noi\/","title":{"rendered":"Despre noi"},"content":{"rendered":"<section class=\"wpb-content-wrapper\">[vc_row content_width=&#8221;grid&#8221; css=&#8221;.vc_custom_1512044435484{margin-top: 30px !important;margin-bottom: 30px !important;padding-top: 20px !important;padding-bottom: 20px !important;background: #ffffff url(http:\/\/www.easymarket.travel\/ro\/wp-content\/uploads\/sites\/5\/2017\/11\/h8-slide-1-shape-5.png?id=764) !important;background-position: 0 0 !important;background-repeat: no-repeat !important;}&#8221;][vc_column width=&#8221;1\/2&#8243; el_class=&#8221;white-player&#8221;]\t<div class=\"mkd-video-banner-holder\">\n\t\t<a class=\"mkd-video-banner-link\" href=\"https:\/\/youtu.be\/46ZafQ-xPPU\"\n\t\t   data-rel=\"prettyPhoto[875712840]\">\n\t\t\t<img width=\"1808\" height=\"1014\" src=\"https:\/\/www.easymarket.travel\/ro\/wp-content\/uploads\/sites\/5\/2014\/10\/videoShoot_companyprofile.jpg\" class=\"attachment-full size-full\" alt=\"\" decoding=\"async\" loading=\"lazy\" srcset=\"https:\/\/www.easymarket.travel\/ro\/wp-content\/uploads\/sites\/5\/2014\/10\/videoShoot_companyprofile.jpg 1808w, https:\/\/www.easymarket.travel\/ro\/wp-content\/uploads\/sites\/5\/2014\/10\/videoShoot_companyprofile-300x168.jpg 300w, https:\/\/www.easymarket.travel\/ro\/wp-content\/uploads\/sites\/5\/2014\/10\/videoShoot_companyprofile-768x431.jpg 768w, https:\/\/www.easymarket.travel\/ro\/wp-content\/uploads\/sites\/5\/2014\/10\/videoShoot_companyprofile-1024x574.jpg 1024w\" sizes=\"(max-width: 1808px) 100vw, 1808px\" \/>\t\t\t<div class=\"mkd-video-banner-overlay\">\n\t\t\t\t<div class=\"mkd-vb-overlay-tb\">\n\t\t\t\t\t<div class=\"mkd-vb-overlay-tc\">\n\t\t\t\t\t\t<span class=\"mkd-vb-play-icon\">\n\t\t\t\t\t\t<span aria-hidden=\"true\" class=\"mkd-icon-font-elegant arrow_triangle-right \" ><\/span>\t\t\t\t\t\t<\/span>\n\t\t\t\t\t<\/div>\n\t\t\t\t<\/div>\n\t\t\t<\/div>\n\t\t<\/a>\n\t<\/div>\n[\/vc_column][vc_column width=&#8221;1\/2&#8243;][vc_empty_space height=&#8221;15px&#8221;][vc_column_text]\n<h3><strong>Easy Market Travel Solutions<\/strong><\/h3>\n<h4 style=\"color: #333;\">Suntem o companie t\u00e2n\u0103r\u0103 \u0219i dinamic\u0103 format\u0103 din profesioni\u0219ti care lucreaz\u0103 zilnic cu pasiune \u0219i entuziasm pentru a pune la dispozi\u021bia agen\u021biilor de turism partenere produse \u0219i servicii turistice de calitate, \u00een conformitate cu exigen\u021bele lor.<\/h4>\n<h4 style=\"color: #333;\">Suntem convin\u0219i c\u0103 progresul trece \u00een mod necesar prin confruntare \u0219i c\u0103 cuvintele cheie a fiec\u0103rei evolu\u021bii sunt: &#8222;trebuie s\u0103 fii mereu \u00een ac\u021biune&#8221;<\/h4>\n[\/vc_column_text][\/vc_column][\/vc_row][vc_row content_width=&#8221;grid&#8221; css=&#8221;.vc_custom_1512044522632{margin-top: 0px !important;border-bottom-width: 2px !important;padding-top: 20px !important;padding-bottom: 20px !important;background-image: url(http:\/\/www.easymarket.travel\/ro\/wp-content\/uploads\/sites\/5\/2014\/10\/bg-prism-white.gif?id=601) !important;border-bottom-color: #e2e2e2 !important;border-bottom-style: dashed !important;}&#8221;][vc_column width=&#8221;1\/3&#8243;][vc_single_image image=&#8221;370&#8243; img_size=&#8221;&#8221; alignment=&#8221;center&#8221; css=&#8221;.vc_custom_1510073099710{padding-top: 20px !important;padding-bottom: 10px !important;}&#8221;][\/vc_column][vc_column width=&#8221;2\/3&#8243;][vc_column_text]\n<h4>Societatea a fost fondat\u0103 \u00een 1999 \u0219i este leader pe pia\u021ba turistic\u0103 din Italia \u00een domeniul serviciilor turistice adresate agen\u021biilor de turism. Societatea opereaz\u0103 pentru a asigura dezvoltarea, re\u00eennoirea \u0219i eficien\u021ba serviciilor oferite, cre\u0219terea \u0219i optimizarea resurselor sale.<\/h4>\n<div id=\"target-id6a04ebc6d8c02\" class=\"collapseomatic_content \">\n<h4>Din 2010 Easy Market este parte din Hotelbeds unul din cei mai mari Playeri Globali ca \u0219i banc\u0103 de paturi B2B.<\/h4>\n<h4>Odat\u0103 cu intrarea pe pia\u021ba interna\u021bional\u0103 \u0219i cu achizi\u021bia \u00een cadrul unuia dintre cei mai importan\u021bi distribuitori de produse turistice online, Easy Market \u00ee\u0219i extinde activitatea \u0219i \u00een alte \u021b\u0103ri, precum Rom\u00e2nia, Albania, Serbia, Slovenia, Croa\u021bia, Muntenegru \u0219i Bosnia, prin portalul s\u0103u c\u0103tre un obiectiv din ce \u00een ce mai eterogen \u0219i diversificat.<\/h4>\n<h4>\u00cen 2016 dup\u0103 2 ani de activitate pe pia\u021ba turistic\u0103 rom\u00e2neasc\u0103 \u0219i dup\u0103 participarea la mai multe edi\u021bii a T\u00e2rgului de Turism al Rom\u00e2niei, Easy Market a deschis un birou de reprezentan\u021b\u0103 la Bucure\u0219ti.<\/h4>\n<\/div><span class=\"collapseomatic \" id=\"id6a04ebc6d8c02\"  tabindex=\"0\" title=\"Continuare\"    >Continuare<\/span><span id='swap-id6a04ebc6d8c02'  class='colomat-swap' style='display:none;'>\u00eenchide<\/span>[\/vc_column_text][\/vc_column][\/vc_row][vc_row content_width=&#8221;grid&#8221; css=&#8221;.vc_custom_1510073256149{margin-top: 0px !important;border-bottom-width: 2px !important;padding-top: 20px !important;padding-bottom: 20px !important;background-image: url(\/ro\/wp-content\/uploads\/sites\/5\/2014\/10\/bg-prism-white.gif?id=601) !important;border-bottom-color: #e2e2e2 !important;border-bottom-style: dashed !important;}&#8221;][vc_column width=&#8221;1\/3&#8243;][vc_single_image image=&#8221;378&#8243; img_size=&#8221;&#8221; alignment=&#8221;center&#8221; css=&#8221;.vc_custom_1510156148524{padding-top: 20px !important;padding-bottom: 10px !important;}&#8221;][\/vc_column][vc_column width=&#8221;2\/3&#8243;][vc_column_text]\n<h3><strong>Inova\u021bie, tehnologie \u0219i servicii avangardiste pe pia\u021ba B2B<\/strong><\/h3>\n<h4>De la inova\u021bia companiei este conceput Revolution\u00a9, o platform\u0103 de rezerv\u0103ri care ofer\u0103 un sistem intuitiv \u0219i de ultim\u0103 genera\u021bie pentru comercializarea \u0219i distribu\u021bia serviciilor \u0219i produselor turistice:<\/h4>\n<div id=\"target-id6a04ebc6d8d7b\" class=\"collapseomatic_content \">\n<h4>bilete de avion la tarife negociate cu companiile aeriene; hoteluri oriunde \u00een lume; \u00eenchirieri de ma\u0219ini; excursii \u0219i activit\u0103\u021bi; asigur\u0103ri; transferuri \u0219i gestionare solicit\u0103ri de grupuri.<\/h4>\n<h4>Sistemul, bazat pe nevoile opera\u021bionale ale agen\u021biilor, este dezvoltat \u00een permanen\u021b\u0103 de departamentul IT care, \u00een colaborare cu biroul comercial \u0219i departamentele opera\u021bionale ofer\u0103 o viziune \u00een timp util asupra exigen\u021belor agen\u021biilor, studiaz\u0103 mereu posibile func\u021bionalit\u0103\u021bi noi \u0219i lucreaz\u0103 pentru a optimiza cele existente.<\/h4>\n<h4>Tehnologia este de fapt, un element-cheie pentru dezvoltarea core business-ului Easy Market. Cercetarea se axeaz\u0103 \u00een mod constant pe oferirea unui sistem simplu, rapid \u0219i distractiv pentru agen\u021biile de turism \u0219i afacerea lor.<\/h4>\n<\/div><span class=\"collapseomatic \" id=\"id6a04ebc6d8d7b\"  tabindex=\"0\" title=\"Continuare\"    >Continuare<\/span><span id='swap-id6a04ebc6d8d7b'  class='colomat-swap' style='display:none;'>\u00eenchide<\/span>[\/vc_column_text][\/vc_column][\/vc_row][vc_row][vc_column css=&#8221;.vc_custom_1491292538857{margin-top: 30px !important;}&#8221;]<div class=\"mkd-section-title-holder\">\n\t<h3 class=\"mkd-section-title mkd-section-title-small mkd-section-title-center\" style=\"color: #dd3333;text-align: center;margin-bottom: 15px\">\n\t<span>\n\t\tEasy Market \u00een numere\t<\/span>\n<\/h3>\n<\/div>[\/vc_column][\/vc_row][vc_row content_width=&#8221;grid&#8221; content_aligment=&#8221;center&#8221;][vc_column width=&#8221;1\/5&#8243;]<div class=\"mkd-counter-holder mkd-counter-dark mkd-counter-circle\">\n\t<div class=\"mkd-counter zero\">\n\t\t800000\t<\/div>\n    <div class=\"mkd-counter-content\">\n                    <h5 class=\"mkd-counter-title\"> 800.000 pasageri <\/h5>\n                            <p class=\"mkd-counter-text\">\u00een 2019<\/p>\n                    <\/div>\n            <div class=\"mkd-counter-icon-holder\">\n            <div class=\"mkd-counter-icon-circle\"><\/div>\n            <div class=\"mkd-counter-icon mkd-type1-gradient-bottom-to-top-text\"><i class=\"mkd-icon-font-awesome fa fa-user \" ><\/i><\/div>\n        <\/div>\n    <\/div>[\/vc_column][vc_column width=&#8221;1\/5&#8243;]<div class=\"mkd-counter-holder mkd-counter-dark mkd-counter-circle\">\n\t<div class=\"mkd-counter zero\">\n\t\t7000000\t<\/div>\n    <div class=\"mkd-counter-content\">\n                    <h5 class=\"mkd-counter-title\"> 7.000.000 de c\u0103ut\u0103ri <\/h5>\n                            <p class=\"mkd-counter-text\">pe an<\/p>\n                    <\/div>\n            <div class=\"mkd-counter-icon-holder\">\n            <div class=\"mkd-counter-icon-circle\"><\/div>\n            <div class=\"mkd-counter-icon mkd-type1-gradient-bottom-to-top-text\"><span aria-hidden=\"true\" class=\"mkd-icon-font-elegant icon_search \" ><\/span><\/div>\n        <\/div>\n    <\/div>[\/vc_column][vc_column width=&#8221;1\/5&#8243;]<div class=\"mkd-counter-holder mkd-counter-dark mkd-counter-circle\">\n\t<div class=\"mkd-counter zero\">\n\t\t700\t<\/div>\n    <div class=\"mkd-counter-content\">\n                    <h5 class=\"mkd-counter-title\"> + 700 companii aeriene <\/h5>\n                            <p class=\"mkd-counter-text\">lucreaz\u0103 cu noi<\/p>\n                    <\/div>\n            <div class=\"mkd-counter-icon-holder\">\n            <div class=\"mkd-counter-icon-circle\"><\/div>\n            <div class=\"mkd-counter-icon mkd-type1-gradient-bottom-to-top-text\"><i class=\"mkd-icon-font-awesome fa fa-paper-plane \" ><\/i><\/div>\n        <\/div>\n    <\/div>[\/vc_column][vc_column width=&#8221;1\/5&#8243;]<div class=\"mkd-counter-holder mkd-counter-dark mkd-counter-circle\">\n\t<div class=\"mkd-counter zero\">\n\t\t1000000\t<\/div>\n    <div class=\"mkd-counter-content\">\n                    <h5 class=\"mkd-counter-title\"> + 1.000.000 de hoteluri <\/h5>\n                            <p class=\"mkd-counter-text\">din mai mult de 223 de \u021b\u0103ri<\/p>\n                    <\/div>\n            <div class=\"mkd-counter-icon-holder\">\n            <div class=\"mkd-counter-icon-circle\"><\/div>\n            <div class=\"mkd-counter-icon mkd-type1-gradient-bottom-to-top-text\"><span aria-hidden=\"true\" class=\"mkd-icon-font-elegant icon_building \" ><\/span><\/div>\n        <\/div>\n    <\/div>[\/vc_column][vc_column width=&#8221;1\/5&#8243;]<div class=\"mkd-counter-holder mkd-counter-dark mkd-counter-circle\">\n\t<div class=\"mkd-counter zero\">\n\t\t18000\t<\/div>\n    <div class=\"mkd-counter-content\">\n                    <h5 class=\"mkd-counter-title\"> + 18.000 activit\u0103\u021bi <\/h5>\n                            <p class=\"mkd-counter-text\">din mai mult de 185 de \u021b\u0103ri<\/p>\n                    <\/div>\n            <div class=\"mkd-counter-icon-holder\">\n            <div class=\"mkd-counter-icon-circle\"><\/div>\n            <div class=\"mkd-counter-icon mkd-type1-gradient-bottom-to-top-text\"><i class=\"mkd-icon-font-awesome fa fa-university \" ><\/i><\/div>\n        <\/div>\n    <\/div>[\/vc_column][\/vc_row]\n<\/section>","protected":false},"excerpt":{"rendered":"<p>[vc_row content_width=&#8221;grid&#8221; css=&#8221;.vc_custom_1512044435484{margin-top: 30px !important;margin-bottom: 30px !important;padding-top: 20px !important;padding-bottom: 20px !important;background: #ffffff url(http:\/\/www.easymarket.travel\/ro\/wp-content\/uploads\/sites\/5\/2017\/11\/h8-slide-1-shape-5.png?id=764) !important;background-position: 0 0 !important;background-repeat: no-repeat !important;}&#8221;][vc_column width=&#8221;1\/2&#8243; el_class=&#8221;white-player&#8221;][\/vc_column][vc_column width=&#8221;1\/2&#8243;][vc_empty_space height=&#8221;15px&#8221;][vc_column_text] Easy Market Travel Solutions Suntem o companie t\u00e2n\u0103r\u0103 \u0219i dinamic\u0103 format\u0103 din profesioni\u0219ti care lucreaz\u0103 zilnic cu pasiune \u0219i entuziasm pentru a pune la dispozi\u021bia agen\u021biilor de turism partenere produse \u0219i servicii turistice de calitate, \u00een conformitate cu exigen\u021bele lor. Suntem convin\u0219i c\u0103 progresul trece \u00een mod necesar prin confruntare \u0219i c\u0103 cuvintele cheie a fiec\u0103rei evolu\u021bii sunt: &#8222;trebuie s\u0103 fii mereu \u00een ac\u021biune&#8221; [\/vc_column_text][\/vc_column][\/vc_row][vc_row content_width=&#8221;grid&#8221; css=&#8221;.vc_custom_1512044522632{margin-top: 0px !important;border-bottom-width: 2px !important;padding-top: 20px !important;padding-bottom: 20px !important;background-image: url(http:\/\/www.easymarket.travel\/ro\/wp-content\/uploads\/sites\/5\/2014\/10\/bg-prism-white.gif?id=601) !important;border-bottom-color:&#8230;<\/p>\n","protected":false},"author":2,"featured_media":58,"parent":0,"menu_order":0,"comment_status":"closed","ping_status":"closed","template":"full-width.php","meta":[],"acf":[],"yoast_head":"<!-- This site is optimized with the Yoast SEO plugin v21.8 - https:\/\/yoast.com\/wordpress\/plugins\/seo\/ -->\n<title>Despre noi | Easy Market | RO<\/title>\n<meta name=\"robots\" content=\"index, follow, max-snippet:-1, max-image-preview:large, max-video-preview:-1\" \/>\n<link rel=\"canonical\" href=\"https:\/\/www.easymarket.travel\/ro\/despre-noi\/\" \/>\n<meta property=\"og:locale\" content=\"ro_RO\" \/>\n<meta property=\"og:type\" content=\"article\" \/>\n<meta property=\"og:title\" content=\"Despre noi | Easy Market | RO\" \/>\n<meta property=\"og:description\" content=\"[vc_row content_width=&#8221;grid&#8221; css=&#8221;.vc_custom_1512044435484{margin-top: 30px !important;margin-bottom: 30px !important;padding-top: 20px !important;padding-bottom: 20px !important;background: #ffffff url(http:\/\/www.easymarket.travel\/ro\/wp-content\/uploads\/sites\/5\/2017\/11\/h8-slide-1-shape-5.png?id=764) !important;background-position: 0 0 !important;background-repeat: no-repeat !important;}&#8221;][vc_column width=&#8221;1\/2&#8243; el_class=&#8221;white-player&#8221;][\/vc_column][vc_column width=&#8221;1\/2&#8243;][vc_empty_space height=&#8221;15px&#8221;][vc_column_text] Easy Market Travel Solutions Suntem o companie t\u00e2n\u0103r\u0103 \u0219i dinamic\u0103 format\u0103 din profesioni\u0219ti care lucreaz\u0103 zilnic cu pasiune \u0219i entuziasm pentru a pune la dispozi\u021bia agen\u021biilor de turism partenere produse \u0219i servicii turistice de calitate, \u00een conformitate cu exigen\u021bele lor. Suntem convin\u0219i c\u0103 progresul trece \u00een mod necesar prin confruntare \u0219i c\u0103 cuvintele cheie a fiec\u0103rei evolu\u021bii sunt: &#8222;trebuie s\u0103 fii mereu \u00een ac\u021biune&#8221; [\/vc_column_text][\/vc_column][\/vc_row][vc_row content_width=&#8221;grid&#8221; css=&#8221;.vc_custom_1512044522632{margin-top: 0px !important;border-bottom-width: 2px !important;padding-top: 20px !important;padding-bottom: 20px !important;background-image: url(http:\/\/www.easymarket.travel\/ro\/wp-content\/uploads\/sites\/5\/2014\/10\/bg-prism-white.gif?id=601) !important;border-bottom-color:...\" \/>\n<meta property=\"og:url\" content=\"https:\/\/www.easymarket.travel\/ro\/despre-noi\/\" \/>\n<meta property=\"og:site_name\" content=\"Easy Market | RO\" \/>\n<meta property=\"article:modified_time\" content=\"2022-11-03T11:09:55+00:00\" \/>\n<meta property=\"og:image\" content=\"https:\/\/www.easymarket.travel\/ro\/wp-content\/uploads\/sites\/5\/2014\/10\/desprenoi_header.jpg\" \/>\n\t<meta property=\"og:image:width\" content=\"980\" \/>\n\t<meta property=\"og:image:height\" content=\"165\" \/>\n\t<meta property=\"og:image:type\" content=\"image\/jpeg\" \/>\n<meta name=\"twitter:label1\" content=\"Timp estimat pentru citire\" \/>\n\t<meta name=\"twitter:data1\" content=\"3 minute\" \/>\n<script type=\"application\/ld+json\" class=\"yoast-schema-graph\">{\"@context\":\"https:\/\/schema.org\",\"@graph\":[{\"@type\":\"WebPage\",\"@id\":\"https:\/\/www.easymarket.travel\/ro\/despre-noi\/\",\"url\":\"https:\/\/www.easymarket.travel\/ro\/despre-noi\/\",\"name\":\"Despre noi | Easy Market | RO\",\"isPartOf\":{\"@id\":\"https:\/\/www.easymarket.travel\/ro\/#website\"},\"datePublished\":\"2014-10-29T15:05:33+00:00\",\"dateModified\":\"2022-11-03T11:09:55+00:00\",\"breadcrumb\":{\"@id\":\"https:\/\/www.easymarket.travel\/ro\/despre-noi\/#breadcrumb\"},\"inLanguage\":\"ro-RO\",\"potentialAction\":[{\"@type\":\"ReadAction\",\"target\":[\"https:\/\/www.easymarket.travel\/ro\/despre-noi\/\"]}]},{\"@type\":\"BreadcrumbList\",\"@id\":\"https:\/\/www.easymarket.travel\/ro\/despre-noi\/#breadcrumb\",\"itemListElement\":[{\"@type\":\"ListItem\",\"position\":1,\"name\":\"Home\",\"item\":\"https:\/\/www.easymarket.travel\/ro\/\"},{\"@type\":\"ListItem\",\"position\":2,\"name\":\"Despre noi\"}]},{\"@type\":\"WebSite\",\"@id\":\"https:\/\/www.easymarket.travel\/ro\/#website\",\"url\":\"https:\/\/www.easymarket.travel\/ro\/\",\"name\":\"Easy Market | RO\",\"description\":\"Easy Market CRS pentru agen\u021biile de turism!\",\"publisher\":{\"@id\":\"https:\/\/www.easymarket.travel\/ro\/#organization\"},\"potentialAction\":[{\"@type\":\"SearchAction\",\"target\":{\"@type\":\"EntryPoint\",\"urlTemplate\":\"https:\/\/www.easymarket.travel\/ro\/?s={search_term_string}\"},\"query-input\":\"required name=search_term_string\"}],\"inLanguage\":\"ro-RO\"},{\"@type\":\"Organization\",\"@id\":\"https:\/\/www.easymarket.travel\/ro\/#organization\",\"name\":\"Easy Market\",\"url\":\"https:\/\/www.easymarket.travel\/ro\/\",\"logo\":{\"@type\":\"ImageObject\",\"inLanguage\":\"ro-RO\",\"@id\":\"https:\/\/www.easymarket.travel\/ro\/#\/schema\/logo\/image\/\",\"url\":\"https:\/\/www.easymarket.travel\/ro\/wp-content\/uploads\/sites\/5\/2017\/11\/logo-easymarket-220.png\",\"contentUrl\":\"https:\/\/www.easymarket.travel\/ro\/wp-content\/uploads\/sites\/5\/2017\/11\/logo-easymarket-220.png\",\"width\":220,\"height\":57,\"caption\":\"Easy Market\"},\"image\":{\"@id\":\"https:\/\/www.easymarket.travel\/ro\/#\/schema\/logo\/image\/\"}}]}<\/script>\n<!-- \/ Yoast SEO plugin. -->","yoast_head_json":{"title":"Despre noi | Easy Market | RO","robots":{"index":"index","follow":"follow","max-snippet":"max-snippet:-1","max-image-preview":"max-image-preview:large","max-video-preview":"max-video-preview:-1"},"canonical":"https:\/\/www.easymarket.travel\/ro\/despre-noi\/","og_locale":"ro_RO","og_type":"article","og_title":"Despre noi | Easy Market | RO","og_description":"[vc_row content_width=&#8221;grid&#8221; css=&#8221;.vc_custom_1512044435484{margin-top: 30px !important;margin-bottom: 30px !important;padding-top: 20px !important;padding-bottom: 20px !important;background: #ffffff url(http:\/\/www.easymarket.travel\/ro\/wp-content\/uploads\/sites\/5\/2017\/11\/h8-slide-1-shape-5.png?id=764) !important;background-position: 0 0 !important;background-repeat: no-repeat !important;}&#8221;][vc_column width=&#8221;1\/2&#8243; el_class=&#8221;white-player&#8221;][\/vc_column][vc_column width=&#8221;1\/2&#8243;][vc_empty_space height=&#8221;15px&#8221;][vc_column_text] Easy Market Travel Solutions Suntem o companie t\u00e2n\u0103r\u0103 \u0219i dinamic\u0103 format\u0103 din profesioni\u0219ti care lucreaz\u0103 zilnic cu pasiune \u0219i entuziasm pentru a pune la dispozi\u021bia agen\u021biilor de turism partenere produse \u0219i servicii turistice de calitate, \u00een conformitate cu exigen\u021bele lor. Suntem convin\u0219i c\u0103 progresul trece \u00een mod necesar prin confruntare \u0219i c\u0103 cuvintele cheie a fiec\u0103rei evolu\u021bii sunt: &#8222;trebuie s\u0103 fii mereu \u00een ac\u021biune&#8221; [\/vc_column_text][\/vc_column][\/vc_row][vc_row content_width=&#8221;grid&#8221; css=&#8221;.vc_custom_1512044522632{margin-top: 0px !important;border-bottom-width: 2px !important;padding-top: 20px !important;padding-bottom: 20px !important;background-image: url(http:\/\/www.easymarket.travel\/ro\/wp-content\/uploads\/sites\/5\/2014\/10\/bg-prism-white.gif?id=601) !important;border-bottom-color:...","og_url":"https:\/\/www.easymarket.travel\/ro\/despre-noi\/","og_site_name":"Easy Market | RO","article_modified_time":"2022-11-03T11:09:55+00:00","og_image":[{"width":980,"height":165,"url":"https:\/\/www.easymarket.travel\/ro\/wp-content\/uploads\/sites\/5\/2014\/10\/desprenoi_header.jpg","type":"image\/jpeg"}],"twitter_misc":{"Timp estimat pentru citire":"3 minute"},"schema":{"@context":"https:\/\/schema.org","@graph":[{"@type":"WebPage","@id":"https:\/\/www.easymarket.travel\/ro\/despre-noi\/","url":"https:\/\/www.easymarket.travel\/ro\/despre-noi\/","name":"Despre noi | Easy Market | RO","isPartOf":{"@id":"https:\/\/www.easymarket.travel\/ro\/#website"},"datePublished":"2014-10-29T15:05:33+00:00","dateModified":"2022-11-03T11:09:55+00:00","breadcrumb":{"@id":"https:\/\/www.easymarket.travel\/ro\/despre-noi\/#breadcrumb"},"inLanguage":"ro-RO","potentialAction":[{"@type":"ReadAction","target":["https:\/\/www.easymarket.travel\/ro\/despre-noi\/"]}]},{"@type":"BreadcrumbList","@id":"https:\/\/www.easymarket.travel\/ro\/despre-noi\/#breadcrumb","itemListElement":[{"@type":"ListItem","position":1,"name":"Home","item":"https:\/\/www.easymarket.travel\/ro\/"},{"@type":"ListItem","position":2,"name":"Despre noi"}]},{"@type":"WebSite","@id":"https:\/\/www.easymarket.travel\/ro\/#website","url":"https:\/\/www.easymarket.travel\/ro\/","name":"Easy Market | RO","description":"Easy Market CRS pentru agen\u021biile de turism!","publisher":{"@id":"https:\/\/www.easymarket.travel\/ro\/#organization"},"potentialAction":[{"@type":"SearchAction","target":{"@type":"EntryPoint","urlTemplate":"https:\/\/www.easymarket.travel\/ro\/?s={search_term_string}"},"query-input":"required name=search_term_string"}],"inLanguage":"ro-RO"},{"@type":"Organization","@id":"https:\/\/www.easymarket.travel\/ro\/#organization","name":"Easy Market","url":"https:\/\/www.easymarket.travel\/ro\/","logo":{"@type":"ImageObject","inLanguage":"ro-RO","@id":"https:\/\/www.easymarket.travel\/ro\/#\/schema\/logo\/image\/","url":"https:\/\/www.easymarket.travel\/ro\/wp-content\/uploads\/sites\/5\/2017\/11\/logo-easymarket-220.png","contentUrl":"https:\/\/www.easymarket.travel\/ro\/wp-content\/uploads\/sites\/5\/2017\/11\/logo-easymarket-220.png","width":220,"height":57,"caption":"Easy Market"},"image":{"@id":"https:\/\/www.easymarket.travel\/ro\/#\/schema\/logo\/image\/"}}]}},"_links":{"self":[{"href":"https:\/\/www.easymarket.travel\/ro\/wp-json\/wp\/v2\/pages\/5"}],"collection":[{"href":"https:\/\/www.easymarket.travel\/ro\/wp-json\/wp\/v2\/pages"}],"about":[{"href":"https:\/\/www.easymarket.travel\/ro\/wp-json\/wp\/v2\/types\/page"}],"author":[{"embeddable":true,"href":"https:\/\/www.easymarket.travel\/ro\/wp-json\/wp\/v2\/users\/2"}],"replies":[{"embeddable":true,"href":"https:\/\/www.easymarket.travel\/ro\/wp-json\/wp\/v2\/comments?post=5"}],"version-history":[{"count":38,"href":"https:\/\/www.easymarket.travel\/ro\/wp-json\/wp\/v2\/pages\/5\/revisions"}],"predecessor-version":[{"id":966,"href":"https:\/\/www.easymarket.travel\/ro\/wp-json\/wp\/v2\/pages\/5\/revisions\/966"}],"wp:featuredmedia":[{"embeddable":true,"href":"https:\/\/www.easymarket.travel\/ro\/wp-json\/wp\/v2\/media\/58"}],"wp:attachment":[{"href":"https:\/\/www.easymarket.travel\/ro\/wp-json\/wp\/v2\/media?parent=5"}],"curies":[{"name":"wp","href":"https:\/\/api.w.org\/{rel}","templated":true}]}}