{"id":258,"date":"2016-06-21T14:24:52","date_gmt":"2016-06-21T14:24:52","guid":{"rendered":"http:\/\/www.easymarket.travel\/ro\/?page_id=258"},"modified":"2017-11-30T13:30:23","modified_gmt":"2017-11-30T13:30:23","slug":"easy-box","status":"publish","type":"page","link":"https:\/\/www.easymarket.travel\/ro\/easy-box\/","title":{"rendered":"Easy Box"},"content":{"rendered":"<section class=\"wpb-content-wrapper\">[vc_row content_width=&#8221;grid&#8221;][vc_column el_class=&#8221;dark-gray&#8221;][vc_column_text]\n<h2>Se nume\u0219te <strong>Easy box<\/strong> \u0219i este ultima noutate din REvolution!<\/h2>\n[\/vc_column_text]<div class=\"mkd-section-title-holder\">\n\t<h2 class=\"mkd-section-title mkd-section-title-medium mkd-section-title-left\" style=\"color: #1e73be;text-align: left\">\n\t<span>\n\t\tCe este?\t<\/span>\n<\/h2>\n<\/div>[vc_column_text]<strong>Este o nou\u0103 func\u021bionalitate a sistemului REvolution ce v\u0103 va u\u0219ura munca \u0219i v\u0103 va ajuta s\u0103 crea\u021bi rapid o ofert\u0103 compus\u0103 din mai multe servicii pentru clien\u021bii dvs<\/strong>.<br \/>\nC\u00e2teva click-uri \u0219i vei putea crea sau modifica \u00een orice moment ofertele tale de pre\u021b!<br \/>\nUn \u201dBox virtual\u201d \u00een care pute\u021bi ad\u0103uga toate serviciile dorite, compara\u021bi pre\u021burile \u0219i s\u0103 stabili\u021bi cele mai potrivite propuneri conform exigen\u021belor clien\u021bilor, toate acestea cu o singur\u0103 ac\u021biune![\/vc_column_text][vc_empty_space]<div class=\"mkd-section-title-holder\">\n\t<h2 class=\"mkd-section-title mkd-section-title-medium mkd-section-title-left\" style=\"color: #1e73be;text-align: left\">\n\t<span>\n\t\tCum func\u021bioneaz\u0103?\t<\/span>\n<\/h2>\n<\/div><div class=\"mkd-masonry-elements-holder four space\">\n\t<div class=\"mkd-masonry-elements-grid-sizer\"><\/div>\n\t<div class=\"mkd-masonry-elements-item mkd-large-width border\">\n\t<div class=\"mkd-masonry-elements-item-inner mkd-masonry-elements-item-custom-811672\" style=\"padding: 10px;border-width: 3px;border-color: #1d4e92\" data-item-class=\"mkd-masonry-elements-item-custom-811672\">\n\t\t<span class=\"mkd-masonry-elements-item-background\" style=\"background-color: #f1fcff\"><\/span>\n\t\t<div class=\"mkd-masonry-elements-item-inner-helper\">\n\t\t\t<div class=\"mkd-masonry-elements-item-inner-tb\">\n\t\t\t\t<div class=\"mkd-masonry-elements-item-inner-tc\" style=\"vertical-align: bottom\">\n\t\t\t\t\t<div class=\"mkd-iwt clearfix mkd-iwt-left-from-title mkd-iwt-icon-tiny\">\n\t<div class=\"mkd-iwt-content-holder\" >\n\t\t<div class=\"mkd-iwt-icon-title-holder\">\n\t\t\t<div class=\"mkd-iwt-icon-holder\">\n\t\t\t\t\t\t\t\t<span class=\"mkd-iwt-custom-icon\" style=\"margin: 10px\"><img width=\"100\" height=\"89\" src=\"https:\/\/www.easymarket.travel\/ro\/wp-content\/uploads\/sites\/5\/2016\/06\/ico_accedi_easybox.png\" class=\"attachment-full size-full\" alt=\"\" decoding=\"async\" loading=\"lazy\" \/><\/span>\n\t\t\t\t\t\t\t<\/div>\n\t\t\t\t\t\t<div class=\"mkd-iwt-title-holder\">\n\t\t\t\t<h4 style=\"color: #1d4e92;font-weight: 600\">1) Accesa\u021bi sec\u021biunea Easy Box<\/h4>\n\t\t<\/div>\n\t\t\t<\/div>\n\t<div class=\"mkd-iwt-text-holder\">\n\t\t<p ><\/p>\n\n\t\t\t<\/div>\n<\/div>\n<\/div>[vc_column_text]Trebuie doar s\u0103 face\u021bi click pe pictograma din meniul din col\u021bul dreapta-sus al paginii.<br \/>\nDe aici ve\u021bi putea accesa: la Easy Box \u00een mod standard sau la modalitatea rapid\u0103. Modalitatea \u201drapid\u0103\u201d v\u0103 va permite s\u0103 introduce\u021bi datele principale \u0219i s\u0103 completa\u021bi Easy Box-ul, cu mai mult calm, mai t\u00e2rziu![\/vc_column_text]\t\t\t\t<\/div>\n\t\t\t<\/div>\n\t\t<\/div>\n\t<\/div>\n<\/div><div class=\"mkd-masonry-elements-item mkd-large-width border\">\n\t<div class=\"mkd-masonry-elements-item-inner mkd-masonry-elements-item-custom-129711\" style=\"padding: 10px;border-width: 3px;border-color: #7ab620\" data-item-class=\"mkd-masonry-elements-item-custom-129711\">\n\t\t<span class=\"mkd-masonry-elements-item-background\" style=\"background-color: #fcfff8\"><\/span>\n\t\t<div class=\"mkd-masonry-elements-item-inner-helper\">\n\t\t\t<div class=\"mkd-masonry-elements-item-inner-tb\">\n\t\t\t\t<div class=\"mkd-masonry-elements-item-inner-tc\" style=\"vertical-align: top\">\n\t\t\t\t\t<div class=\"mkd-iwt clearfix mkd-iwt-left-from-title mkd-iwt-icon-tiny\">\n\t<div class=\"mkd-iwt-content-holder\" >\n\t\t<div class=\"mkd-iwt-icon-title-holder\">\n\t\t\t<div class=\"mkd-iwt-icon-holder\">\n\t\t\t\t\t\t\t\t<span class=\"mkd-iwt-custom-icon\" style=\"margin: 10px\"><img width=\"100\" height=\"89\" src=\"https:\/\/www.easymarket.travel\/ro\/wp-content\/uploads\/sites\/5\/2016\/06\/ico_crea_easybox.png\" class=\"attachment-full size-full\" alt=\"\" decoding=\"async\" loading=\"lazy\" \/><\/span>\n\t\t\t\t\t\t\t<\/div>\n\t\t\t\t\t\t<div class=\"mkd-iwt-title-holder\">\n\t\t\t\t<h4 style=\"color: #7ab620;font-weight: 600\">2) Crea\u021bi Easy Box-ul dvs.<\/h4>\n\t\t<\/div>\n\t\t\t<\/div>\n\t<div class=\"mkd-iwt-text-holder\">\n\t\t<p ><\/p>\n\n\t\t\t<\/div>\n<\/div>\n<\/div>[vc_column_text css=&#8221;.vc_custom_1494254987753{margin-top: 0px !important;margin-bottom: 0px !important;padding-top: 0px !important;padding-bottom: 0px !important;}&#8221;]\n<h3>Crearea unui Easy Box este simpl\u0103 \u0219i intuitiv\u0103!<\/h3>\n<h3 style=\"color: #7ab620;\">Ce trebuie s\u0103 face\u021bi?<\/h3>\n<div class=\"mkd-unordered-list  mkd-line\" >\n<ul>\n<li>Mai \u00eent\u00e2i vi se va solicita s\u0103 atribui\u021bi un nume documentului (ex. Destina\u021bie \u2013 Nume client)<\/li>\n<li>Continua\u021bi prin introducerea detaliilor clien\u021bilor, ce ve\u021bi putea modifica \u00een orice moment.<\/li>\n<li>Selecta\u021bi <strong style=\"color: #7ab620;\"> ACTIVEAZ\u0102 <\/strong> \u0219i meniul paginii va deveni verde. Aceasta \u00eenseamn\u0103 c\u0103 ai creat Easy Box-ul t\u0103u, gata pentru a fi umplut!<\/li>\n<li>\u00cen orice moment vei putea ie\u0219i \u0219i intra. Culoarea barei de sus te va ajuta s\u0103 \u00een\u021belegi dac\u0103 navighezi pe paginile motorului REvolution sau dac\u0103 te afli \u00eentr-unul dintre Easy Box-urile create. (<strong style=\"color: #7ab620;\">VERDE:<\/strong> Easy Box activ \u2013 <strong style=\"color: #1d4e92;\">BLU:<\/strong> Revolution)<\/li>\n<\/ul>\n<\/div>[\/vc_column_text]\t\t\t\t<\/div>\n\t\t\t<\/div>\n\t\t<\/div>\n\t<\/div>\n<\/div><div class=\"mkd-masonry-elements-item mkd-large-height border\">\n\t<div class=\"mkd-masonry-elements-item-inner mkd-masonry-elements-item-custom-987382\" style=\"padding: 10px;border-width: 5px;border-color: #7ab620\" data-item-class=\"mkd-masonry-elements-item-custom-987382\">\n\t\t<span class=\"mkd-masonry-elements-item-background\" style=\"background-color: #fcfff8\"><\/span>\n\t\t<div class=\"mkd-masonry-elements-item-inner-helper\">\n\t\t\t<div class=\"mkd-masonry-elements-item-inner-tb\">\n\t\t\t\t<div class=\"mkd-masonry-elements-item-inner-tc\" style=\"vertical-align: bottom\">\n\t\t\t\t\t<div class=\"mkd-iwt clearfix mkd-iwt-left-from-title mkd-iwt-icon-large\">\n\t<div class=\"mkd-iwt-content-holder\" >\n\t\t<div class=\"mkd-iwt-icon-title-holder\">\n\t\t\t<div class=\"mkd-iwt-icon-holder\">\n\t\t\t\t\t\t\t\t\t\n\t<span class=\"mkd-icon-shortcode normal mkd-icon-large\" style=\"margin: 10px\" data-color=\"#7ab620\">\n        \n\t\t\t<i class=\"mkd-icon-font-awesome fa fa-cogs mkd-icon-element\" style=\"color: #7ab620\" ><\/i>\n\t\t\t    <\/span>\n\n\t\t\t\t\t\t\t\t<\/div>\n\t\t\t\t\t\t<div class=\"mkd-iwt-title-holder\">\n\t\t\t\t<h4 style=\"color: #7ab620;font-weight: 600\">3) Selecta\u021bi serviciile dorite<\/h4>\n\t\t<\/div>\n\t\t\t<\/div>\n\t<div class=\"mkd-iwt-text-holder\">\n\t\t<p ><\/p>\n\n\t\t\t<\/div>\n<\/div>\n<\/div>[vc_column_text css=&#8221;.vc_custom_1494255105614{margin-top: 0px !important;margin-bottom: 0px !important;padding-top: 0px !important;padding-bottom: 0px !important;}&#8221;]Este momentul s\u0103 alege\u021bi serviciile \u0219i tarifele care va vor umple Easy Box-ul creat!<br \/>\n<span style=\"line-height: 1.1; margin: 0; color: #666;\"><br \/>\n&#8211; Selecteaz\u0103 serviciile \u0219i tarifele care te intereseaz\u0103 \u0219i adaug\u0103-le la Easy Box-ul creat.<br \/>\n&#8211; Pe dreapta, ve\u021bi vedea un meniu vertical cu pictograma Easy Box care va \u00eensuma toate detaliile selec\u021biilor efectuate<br \/>\n&#8211; Ad\u0103uga\u021bi toate propunerile pentu Zbor, Hotel, Excursii, Transfer, Auto ce ve\u021bi dori s\u0103 oferta\u021bi clien\u021bilor<br \/>\n&#8211; \u00cen cazul \u00een care ave\u021bi nevoie pute\u021bi ie\u0219i \u0219i reaccesa Easy Box-ul creat \u00een orice moment pentru a ad\u0103uga oferte noi sau recalcula cele existente <strong>Face\u021bi click pe Adaug\u0103 la Easy Box<\/strong> sau dac\u0103 dori\u021bi s\u0103 efectua\u021bi rezervarea , <strong>Adaug\u0103 \u0219i rezerv\u0103<\/strong><\/span>[\/vc_column_text]\t\t\t\t<\/div>\n\t\t\t<\/div>\n\t\t<\/div>\n\t<\/div>\n<\/div><div class=\"mkd-masonry-elements-item mkd-large-width border\">\n\t<div class=\"mkd-masonry-elements-item-inner mkd-masonry-elements-item-custom-522318\" style=\"padding: 20px;border-width: 10px;border-color: #9dc266\" data-item-class=\"mkd-masonry-elements-item-custom-522318\">\n\t\t<span class=\"mkd-masonry-elements-item-background\" style=\"background-color: #fcfff8\"><\/span>\n\t\t<div class=\"mkd-masonry-elements-item-inner-helper\">\n\t\t\t<div class=\"mkd-masonry-elements-item-inner-tb\">\n\t\t\t\t<div class=\"mkd-masonry-elements-item-inner-tc\" style=\"vertical-align: top\">\n\t\t\t\t\t<div class=\"mkd-iwt clearfix mkd-iwt-left-from-title mkd-iwt-icon-large\">\n\t<div class=\"mkd-iwt-content-holder\" >\n\t\t<div class=\"mkd-iwt-icon-title-holder\">\n\t\t\t<div class=\"mkd-iwt-icon-holder\">\n\t\t\t\t\t\t\t\t\t\n\t<span class=\"mkd-icon-shortcode normal mkd-icon-large\" style=\"margin: 10px\" data-color=\"#9dc266\">\n        \n\t\t\t<i class=\"mkd-icon-font-awesome fa fa-hand-pointer-o mkd-icon-element\" style=\"color: #9dc266\" ><\/i>\n\t\t\t    <\/span>\n\n\t\t\t\t\t\t\t\t<\/div>\n\t\t\t\t\t\t<div class=\"mkd-iwt-title-holder\">\n\t\t\t\t<h4 style=\"color: #9dc266;font-weight: 600\">4) Rezerva\u021bi<\/h4>\n\t\t<\/div>\n\t\t\t<\/div>\n\t<div class=\"mkd-iwt-text-holder\">\n\t\t<p ><\/p>\n\n\t\t\t<\/div>\n<\/div>\n<\/div>[vc_column_text css=&#8221;.vc_custom_1494255244866{margin-top: 0px !important;margin-bottom: 0px !important;padding-top: 0px !important;padding-bottom: 0px !important;}&#8221;]A\u021bi primit confirmarea de la clien\u021bi \u0219i dori\u021bi s\u0103 efectua\u021bi rezerv\u0103rile serviciilor ofertate? <strong>Ce trebuie s\u0103 face\u021bi?<\/strong><br \/>\n<span style=\"line-height: 1.1; margin: 0; color: #666;\"><br \/>\n&#8211; Accesa\u021bi Easy Box-ul dorit<br \/>\n&#8211; Selecta\u021bi serviciile \u0219i tarifele care v\u0103 intereseaz\u0103<br \/>\n&#8211; Recalcula\u021bi<br \/>\n<strong>Important <i class=\"fa fa-long-arrow-right\"><\/i><\/strong> Pre\u021burile vor fi nete.<br \/>\nAceasta v\u0103 va permite s\u0103 modifica\u021bi markup-ul \u00een conformitate cu modul de elaborare a ofertelor.<\/span><\/p>\n<div class=\"mkd-unordered-list  mkd-circle\" >\n<ul>\n<li>Seta\u021bi markup<\/li>\n<li>Continua\u021bi cu rezervarea serviciului singular \u0219i \u00een mod separat<\/li>\n<\/ul>\n<\/div>[\/vc_column_text]\t\t\t\t<\/div>\n\t\t\t<\/div>\n\t\t<\/div>\n\t<\/div>\n<\/div><\/div>[vc_column_text]<span style=\"color: #666; font-size: 16px;\">*Aminti\u021bi-v\u0103:<\/span><br \/>\n<span style=\"color: #666;\"><div class=\"mkd-unordered-list  mkd-circle\" ><\/span><\/p>\n<ul>\n<li>Pute\u021bi printa, elimina sau arhiva Easy Box-urile dvs. \u0219i elabora mai multe simultan;<\/li>\n<li>Pentru a lucra simultan \u0219i accesa cu mai mul\u021bi utilizatori: selecta\u021bi din meniul de sus <strong>\u201cGestionare operatori\u201d<\/strong> \u0219i crea\u021bi nume noi de utilizatori.<\/li>\n<\/ul>\n<\/div>[\/vc_column_text][\/vc_column][\/vc_row][vc_row][vc_column][\/vc_column][\/vc_row]\n<\/section>","protected":false},"excerpt":{"rendered":"<p>[vc_row content_width=&#8221;grid&#8221;][vc_column el_class=&#8221;dark-gray&#8221;][vc_column_text] Se nume\u0219te Easy box \u0219i este ultima noutate din REvolution! [\/vc_column_text][vc_column_text]Este o nou\u0103 func\u021bionalitate a sistemului REvolution ce v\u0103 va u\u0219ura munca \u0219i v\u0103 va ajuta s\u0103 crea\u021bi rapid o ofert\u0103 compus\u0103 din mai multe servicii pentru clien\u021bii dvs. C\u00e2teva click-uri \u0219i vei putea crea sau modifica \u00een orice moment ofertele tale de pre\u021b! Un \u201dBox virtual\u201d \u00een care pute\u021bi ad\u0103uga toate serviciile dorite, compara\u021bi pre\u021burile \u0219i s\u0103 stabili\u021bi cele mai potrivite propuneri conform exigen\u021belor clien\u021bilor, toate acestea cu o singur\u0103 ac\u021biune![\/vc_column_text][vc_empty_space][vc_column_text]*Aminti\u021bi-v\u0103: [\/vc_column_text][\/vc_column][\/vc_row][vc_row][vc_column][\/vc_column][\/vc_row]<\/p>\n","protected":false},"author":2,"featured_media":0,"parent":0,"menu_order":0,"comment_status":"closed","ping_status":"closed","template":"full-width.php","meta":[],"acf":[],"yoast_head":"<!-- This site is optimized with the Yoast SEO plugin v21.8 - https:\/\/yoast.com\/wordpress\/plugins\/seo\/ -->\n<title>Easy Box | Easy Market | RO<\/title>\n<meta name=\"robots\" content=\"index, follow, max-snippet:-1, max-image-preview:large, max-video-preview:-1\" \/>\n<link rel=\"canonical\" href=\"https:\/\/www.easymarket.travel\/ro\/easy-box\/\" \/>\n<meta property=\"og:locale\" content=\"ro_RO\" \/>\n<meta property=\"og:type\" content=\"article\" \/>\n<meta property=\"og:title\" content=\"Easy Box | Easy Market | RO\" \/>\n<meta property=\"og:description\" content=\"[vc_row content_width=&#8221;grid&#8221;][vc_column el_class=&#8221;dark-gray&#8221;][vc_column_text] Se nume\u0219te Easy box \u0219i este ultima noutate din REvolution! [\/vc_column_text][vc_column_text]Este o nou\u0103 func\u021bionalitate a sistemului REvolution ce v\u0103 va u\u0219ura munca \u0219i v\u0103 va ajuta s\u0103 crea\u021bi rapid o ofert\u0103 compus\u0103 din mai multe servicii pentru clien\u021bii dvs. C\u00e2teva click-uri \u0219i vei putea crea sau modifica \u00een orice moment ofertele tale de pre\u021b! Un \u201dBox virtual\u201d \u00een care pute\u021bi ad\u0103uga toate serviciile dorite, compara\u021bi pre\u021burile \u0219i s\u0103 stabili\u021bi cele mai potrivite propuneri conform exigen\u021belor clien\u021bilor, toate acestea cu o singur\u0103 ac\u021biune![\/vc_column_text][vc_empty_space][vc_column_text]*Aminti\u021bi-v\u0103: [\/vc_column_text][\/vc_column][\/vc_row][vc_row][vc_column][\/vc_column][\/vc_row]\" \/>\n<meta property=\"og:url\" content=\"https:\/\/www.easymarket.travel\/ro\/easy-box\/\" \/>\n<meta property=\"og:site_name\" content=\"Easy Market | RO\" \/>\n<meta property=\"article:modified_time\" content=\"2017-11-30T13:30:23+00:00\" \/>\n<meta name=\"twitter:label1\" content=\"Timp estimat pentru citire\" \/>\n\t<meta name=\"twitter:data1\" content=\"5 minute\" \/>\n<script type=\"application\/ld+json\" class=\"yoast-schema-graph\">{\"@context\":\"https:\/\/schema.org\",\"@graph\":[{\"@type\":\"WebPage\",\"@id\":\"https:\/\/www.easymarket.travel\/ro\/easy-box\/\",\"url\":\"https:\/\/www.easymarket.travel\/ro\/easy-box\/\",\"name\":\"Easy Box | Easy Market | RO\",\"isPartOf\":{\"@id\":\"https:\/\/www.easymarket.travel\/ro\/#website\"},\"datePublished\":\"2016-06-21T14:24:52+00:00\",\"dateModified\":\"2017-11-30T13:30:23+00:00\",\"breadcrumb\":{\"@id\":\"https:\/\/www.easymarket.travel\/ro\/easy-box\/#breadcrumb\"},\"inLanguage\":\"ro-RO\",\"potentialAction\":[{\"@type\":\"ReadAction\",\"target\":[\"https:\/\/www.easymarket.travel\/ro\/easy-box\/\"]}]},{\"@type\":\"BreadcrumbList\",\"@id\":\"https:\/\/www.easymarket.travel\/ro\/easy-box\/#breadcrumb\",\"itemListElement\":[{\"@type\":\"ListItem\",\"position\":1,\"name\":\"Home\",\"item\":\"https:\/\/www.easymarket.travel\/ro\/\"},{\"@type\":\"ListItem\",\"position\":2,\"name\":\"Easy Box\"}]},{\"@type\":\"WebSite\",\"@id\":\"https:\/\/www.easymarket.travel\/ro\/#website\",\"url\":\"https:\/\/www.easymarket.travel\/ro\/\",\"name\":\"Easy Market | RO\",\"description\":\"Easy Market CRS pentru agen\u021biile de turism!\",\"publisher\":{\"@id\":\"https:\/\/www.easymarket.travel\/ro\/#organization\"},\"potentialAction\":[{\"@type\":\"SearchAction\",\"target\":{\"@type\":\"EntryPoint\",\"urlTemplate\":\"https:\/\/www.easymarket.travel\/ro\/?s={search_term_string}\"},\"query-input\":\"required name=search_term_string\"}],\"inLanguage\":\"ro-RO\"},{\"@type\":\"Organization\",\"@id\":\"https:\/\/www.easymarket.travel\/ro\/#organization\",\"name\":\"Easy Market\",\"url\":\"https:\/\/www.easymarket.travel\/ro\/\",\"logo\":{\"@type\":\"ImageObject\",\"inLanguage\":\"ro-RO\",\"@id\":\"https:\/\/www.easymarket.travel\/ro\/#\/schema\/logo\/image\/\",\"url\":\"https:\/\/www.easymarket.travel\/ro\/wp-content\/uploads\/sites\/5\/2017\/11\/logo-easymarket-220.png\",\"contentUrl\":\"https:\/\/www.easymarket.travel\/ro\/wp-content\/uploads\/sites\/5\/2017\/11\/logo-easymarket-220.png\",\"width\":220,\"height\":57,\"caption\":\"Easy Market\"},\"image\":{\"@id\":\"https:\/\/www.easymarket.travel\/ro\/#\/schema\/logo\/image\/\"}}]}<\/script>\n<!-- \/ Yoast SEO plugin. -->","yoast_head_json":{"title":"Easy Box | Easy Market | RO","robots":{"index":"index","follow":"follow","max-snippet":"max-snippet:-1","max-image-preview":"max-image-preview:large","max-video-preview":"max-video-preview:-1"},"canonical":"https:\/\/www.easymarket.travel\/ro\/easy-box\/","og_locale":"ro_RO","og_type":"article","og_title":"Easy Box | Easy Market | RO","og_description":"[vc_row content_width=&#8221;grid&#8221;][vc_column el_class=&#8221;dark-gray&#8221;][vc_column_text] Se nume\u0219te Easy box \u0219i este ultima noutate din REvolution! [\/vc_column_text][vc_column_text]Este o nou\u0103 func\u021bionalitate a sistemului REvolution ce v\u0103 va u\u0219ura munca \u0219i v\u0103 va ajuta s\u0103 crea\u021bi rapid o ofert\u0103 compus\u0103 din mai multe servicii pentru clien\u021bii dvs. C\u00e2teva click-uri \u0219i vei putea crea sau modifica \u00een orice moment ofertele tale de pre\u021b! Un \u201dBox virtual\u201d \u00een care pute\u021bi ad\u0103uga toate serviciile dorite, compara\u021bi pre\u021burile \u0219i s\u0103 stabili\u021bi cele mai potrivite propuneri conform exigen\u021belor clien\u021bilor, toate acestea cu o singur\u0103 ac\u021biune![\/vc_column_text][vc_empty_space][vc_column_text]*Aminti\u021bi-v\u0103: [\/vc_column_text][\/vc_column][\/vc_row][vc_row][vc_column][\/vc_column][\/vc_row]","og_url":"https:\/\/www.easymarket.travel\/ro\/easy-box\/","og_site_name":"Easy Market | RO","article_modified_time":"2017-11-30T13:30:23+00:00","twitter_misc":{"Timp estimat pentru citire":"5 minute"},"schema":{"@context":"https:\/\/schema.org","@graph":[{"@type":"WebPage","@id":"https:\/\/www.easymarket.travel\/ro\/easy-box\/","url":"https:\/\/www.easymarket.travel\/ro\/easy-box\/","name":"Easy Box | Easy Market | RO","isPartOf":{"@id":"https:\/\/www.easymarket.travel\/ro\/#website"},"datePublished":"2016-06-21T14:24:52+00:00","dateModified":"2017-11-30T13:30:23+00:00","breadcrumb":{"@id":"https:\/\/www.easymarket.travel\/ro\/easy-box\/#breadcrumb"},"inLanguage":"ro-RO","potentialAction":[{"@type":"ReadAction","target":["https:\/\/www.easymarket.travel\/ro\/easy-box\/"]}]},{"@type":"BreadcrumbList","@id":"https:\/\/www.easymarket.travel\/ro\/easy-box\/#breadcrumb","itemListElement":[{"@type":"ListItem","position":1,"name":"Home","item":"https:\/\/www.easymarket.travel\/ro\/"},{"@type":"ListItem","position":2,"name":"Easy Box"}]},{"@type":"WebSite","@id":"https:\/\/www.easymarket.travel\/ro\/#website","url":"https:\/\/www.easymarket.travel\/ro\/","name":"Easy Market | RO","description":"Easy Market CRS pentru agen\u021biile de turism!","publisher":{"@id":"https:\/\/www.easymarket.travel\/ro\/#organization"},"potentialAction":[{"@type":"SearchAction","target":{"@type":"EntryPoint","urlTemplate":"https:\/\/www.easymarket.travel\/ro\/?s={search_term_string}"},"query-input":"required name=search_term_string"}],"inLanguage":"ro-RO"},{"@type":"Organization","@id":"https:\/\/www.easymarket.travel\/ro\/#organization","name":"Easy Market","url":"https:\/\/www.easymarket.travel\/ro\/","logo":{"@type":"ImageObject","inLanguage":"ro-RO","@id":"https:\/\/www.easymarket.travel\/ro\/#\/schema\/logo\/image\/","url":"https:\/\/www.easymarket.travel\/ro\/wp-content\/uploads\/sites\/5\/2017\/11\/logo-easymarket-220.png","contentUrl":"https:\/\/www.easymarket.travel\/ro\/wp-content\/uploads\/sites\/5\/2017\/11\/logo-easymarket-220.png","width":220,"height":57,"caption":"Easy Market"},"image":{"@id":"https:\/\/www.easymarket.travel\/ro\/#\/schema\/logo\/image\/"}}]}},"_links":{"self":[{"href":"https:\/\/www.easymarket.travel\/ro\/wp-json\/wp\/v2\/pages\/258"}],"collection":[{"href":"https:\/\/www.easymarket.travel\/ro\/wp-json\/wp\/v2\/pages"}],"about":[{"href":"https:\/\/www.easymarket.travel\/ro\/wp-json\/wp\/v2\/types\/page"}],"author":[{"embeddable":true,"href":"https:\/\/www.easymarket.travel\/ro\/wp-json\/wp\/v2\/users\/2"}],"replies":[{"embeddable":true,"href":"https:\/\/www.easymarket.travel\/ro\/wp-json\/wp\/v2\/comments?post=258"}],"version-history":[{"count":16,"href":"https:\/\/www.easymarket.travel\/ro\/wp-json\/wp\/v2\/pages\/258\/revisions"}],"predecessor-version":[{"id":510,"href":"https:\/\/www.easymarket.travel\/ro\/wp-json\/wp\/v2\/pages\/258\/revisions\/510"}],"wp:attachment":[{"href":"https:\/\/www.easymarket.travel\/ro\/wp-json\/wp\/v2\/media?parent=258"}],"curies":[{"name":"wp","href":"https:\/\/api.w.org\/{rel}","templated":true}]}}