{"id":12,"date":"2014-10-29T15:16:24","date_gmt":"2014-10-29T15:16:24","guid":{"rendered":"http:\/\/www.easymarket.travel\/ro\/?page_id=12"},"modified":"2019-01-31T15:18:12","modified_gmt":"2019-01-31T15:18:12","slug":"mission","status":"publish","type":"page","link":"https:\/\/www.easymarket.travel\/ro\/mission\/","title":{"rendered":"Misiune"},"content":{"rendered":"<section class=\"wpb-content-wrapper\">[vc_row content_width=&#8221;grid&#8221;][vc_column]<div class=\"mkd-section-title-holder\">\n\t<h2 class=\"mkd-section-title mkd-section-title-medium mkd-section-title-left\" style=\"color: #1e73be;text-align: left;margin-bottom: 20px\">\n\t<span>\n\t\tInova\u021bie \u0219i servicii integrate\t<\/span>\n<\/h2>\n<\/div>[vc_column_text]\n<h4><span style=\"color: #333333;\">Easy Market opereaz\u0103 cu scopul de a oferi agen\u021biilor de turism un sistem de rezerv\u0103ri, unic, simplu \u0219i flexibil, care permite accesul la o gam\u0103 larg\u0103 de servicii \u0219i tarifele unui amplu num\u0103r de furnizori.<\/span><\/h4>\n<h4><span style=\"color: #333333;\">Ofer\u0103 un sistem intuitiv, dar mai presus de toate, avangardist pentru a compara cu u\u0219urin\u021b\u0103 tarifele zborurilor tuturor companiilor aeriene (de linie \u0219i low-cost) integrate, dispune de o ofert\u0103 vast\u0103 de hoteluri, transferuri, activit\u0103\u021bi \u0219i excursii oriunde \u00een lume, la tarife exclusive, \u0219i \u00een cele din urm\u0103 propune ofertele speciale a celor mai bune companii de \u00eenchirieri auto.<\/span><\/h4>\n<h4><span style=\"color: #1fbdf2;\"><strong>De ce Revolution?<\/strong><\/span><\/h4>\n<div class=\"mkd-unordered-list  mkd-circle\" >\n<ul>\n<li style=\"font-size: 20px; color: #333333;\">este o platform\u0103 \u00een continu\u0103 dezvoltare \u0219i, datorit\u0103 unui propriu departament IT, poate conta pe o actualizare constant\u0103, integrarea de noi func\u021bionalit\u0103\u021bi \u0219i optimizarea celor existente!<\/li>\n<li style=\"font-size: 20px; color: #333333;\">func\u021bionarea motoarelor de c\u0103utare este deosebit de intuitiv\u0103 \u0219i simpl\u0103, menit\u0103 s\u0103 faciliteze munca zilnic\u0103 \u00een agen\u021bie!<\/li>\n<\/ul>\n<\/div>\n<h4><span style=\"color: #1fbdf2;\"><strong>De ce Easy Market?<\/strong><\/span><\/h4>\n<h4><strong>Lucr\u0103m pentru a v\u0103 asigura cele mai bune servicii!<\/strong><\/h4>\n<div class=\"mkd-unordered-list  mkd-circle\" >\n<ul>\n<li style=\"font-size: 20px; color: #333333;\">Easy Market este mult mai mult dec\u00e2t o simpl\u0103 OLTA! Punem la dispozi\u021bia agen\u021biilor de turism partenere, o re\u021bea comercial\u0103 de agen\u021bi dedica\u021bi format\u0103 din profesioni\u0219ti mereu gata s\u0103 se confrunte \u0219i s\u0103 le sus\u021bin\u0103 personal \u00een activitatea lor.<\/li>\n<li style=\"font-size: 20px; color: #333333;\">Munca noastr\u0103 nu se termin\u0103 pe online, dar dep\u0103\u0219e\u0219te serviciile oferite pe platform\u0103! Printre obiectivele principale se num\u0103r\u0103 stabilirea unei rela\u021bii de colaborare cu agen\u021biile partenere. Cum? Prin evenimente, t\u00e2rguri de turism sau diverse ini\u021biative concepute special pentru ei.<\/li>\n<\/ul>\n<\/div>[\/vc_column_text][\/vc_column][\/vc_row][vc_row css=&#8221;.vc_custom_1512044704189{margin-top: 50px !important;margin-bottom: 30px !important;border-bottom-width: 0px !important;padding-top: 30px !important;background: #eaeaea url(http:\/\/www.easymarket.travel\/ro\/wp-content\/uploads\/sites\/5\/2016\/06\/bg-row-page-revolution.png?id=396) !important;background-position: 0 0 !important;background-repeat: repeat !important;}&#8221;][vc_column]<div class=\"mkd-elements-holder mkd-responsive-mode-768\" ><div class=\"mkd-elements-holder-item mkd-width-1-1 mkd-vertical-alignment-middle mkd-horizontal-alignment-center\" data-item-class=\"mkd-elements-holder-custom-957780\" >\n\t<div class=\"mkd-elements-holder-item-inner\">\n\t\t<div\n\t\t\tclass=\"mkd-elements-holder-item-content mkd-elements-holder-custom-957780\" >\n\t\t\t<div class=\"mkd-elements-holder-item-content-inner\">\n\t\t\t\t<div class=\"mkd-section-title-holder\">\n\t<h1 class=\"mkd-section-title mkd-section-title-large mkd-section-title-center\" style=\"color: #1e73be;text-align: center\">\n\t<span>\n\t\tObosit de vechiul t\u0103u CRS?\t<\/span>\n<\/h1>\n<\/div>[vc_column_text]<span style=\"color: #1e73be; font-size: 30px; margin: 35px auto -5px auto; display: block; clear: left;\">Alege<\/span><br \/>\n<a href=\"http:\/\/www.revolution.travel\" target=\"_blank\" rel=\"noopener\"><img decoding=\"async\" style=\"display: block; margin: 0 auto;\" src=\"\/it\/wp-content\/uploads\/sites\/2\/eventi\/revolution-logo-big-300x95.png\" alt=\"revolution-logo-big\" \/><\/a><br \/>\n<span style=\"display: block; clear: left; margin: 0 auto; color: #1e73be; font-size: 35px;\">\u0219i lucreaz\u0103 f\u0103r\u0103 stress<\/span>[\/vc_column_text][vc_column_text]\n<div style=\"text-align: center; margin: 35px auto 0 auto;\"><img decoding=\"async\" loading=\"lazy\" class=\"alignnone wp-image-6023\" src=\"\/it\/wp-content\/uploads\/sites\/2\/2014\/10\/ico_circle_hotel.png\" alt=\"ico_circle_hotel\" width=\"50\" height=\"50\" \/> <img decoding=\"async\" loading=\"lazy\" class=\"alignnone wp-image-6024\" src=\"\/it\/wp-content\/uploads\/sites\/2\/2014\/10\/ico_circle_voli.png\" alt=\"ico_circle_voli\" width=\"50\" height=\"50\" \/> \u00a0<img decoding=\"async\" loading=\"lazy\" class=\"alignnone wp-image-6033\" src=\"\/it\/wp-content\/uploads\/sites\/2\/2014\/10\/ico_circle_transfer.png\" alt=\"ico_circle_transfer\" width=\"50\" height=\"50\" \/> <img decoding=\"async\" loading=\"lazy\" class=\"alignnone wp-image-6031\" src=\"\/it\/wp-content\/uploads\/sites\/2\/2014\/10\/ico_circle_activity.png\" alt=\"ico_circle_activity\" width=\"50\" height=\"50\" \/> <img decoding=\"async\" loading=\"lazy\" class=\"alignnone wp-image-6027\" src=\"\/it\/wp-content\/uploads\/sites\/2\/2014\/10\/ico_circle_auto.png\" alt=\"ico_circle_auto\" width=\"50\" height=\"50\" \/><\/div>\n[\/vc_column_text]\t\t\t<\/div>\n\t\t<\/div>\n\t<\/div>\n<\/div><div class=\"mkd-elements-holder-item mkd-width-3-5 mkd-vertical-alignment-bottom mkd-horizontal-alignment-left\" data-item-class=\"mkd-elements-holder-custom-291109\" >\n\t<div class=\"mkd-elements-holder-item-inner\">\n\t\t<div\n\t\t\tclass=\"mkd-elements-holder-item-content mkd-elements-holder-custom-291109\" >\n\t\t\t<div class=\"mkd-elements-holder-item-content-inner\">\n\t\t\t\t<div class=\"mkd-animations-holder mkd-element-from-right\" data-animation=\"mkd-element-from-right\">\n\t<div style=\"transition-delay: 300ms;-webkit-animation-delay: 300ms;animation-delay: 300ms;animation-duration: 500ms;-webkit-animation-duration: 500ms;-moz-animation-duration: 500ms\">\n\t\t[vc_single_image image=&#8221;559&#8243; img_size=&#8221;543&#215;511&#8243; alignment=&#8221;center&#8221; onclick=&#8221;custom_link&#8221; img_link_target=&#8221;_blank&#8221; link=&#8221;https:\/\/www.revolution.travel\/register&#8221; css=&#8221;.vc_custom_1498222062275{margin-bottom: 20px !important;}&#8221;]\t<\/div>\n\n<\/div>\t\t\t<\/div>\n\t\t<\/div>\n\t<\/div>\n<\/div><\/div>[\/vc_column][\/vc_row]\n<\/section>","protected":false},"excerpt":{"rendered":"<p>[vc_row content_width=&#8221;grid&#8221;][vc_column][vc_column_text] Easy Market opereaz\u0103 cu scopul de a oferi agen\u021biilor de turism un sistem de rezerv\u0103ri, unic, simplu \u0219i flexibil, care permite accesul la o gam\u0103 larg\u0103 de servicii \u0219i tarifele unui amplu num\u0103r de furnizori. Ofer\u0103 un sistem intuitiv, dar mai presus de toate, avangardist pentru a compara cu u\u0219urin\u021b\u0103 tarifele zborurilor tuturor companiilor aeriene (de linie \u0219i low-cost) integrate, dispune de o ofert\u0103 vast\u0103 de hoteluri, transferuri, activit\u0103\u021bi \u0219i excursii oriunde \u00een lume, la tarife exclusive, \u0219i \u00een cele din urm\u0103 propune ofertele speciale a celor mai bune companii de \u00eenchirieri auto. De ce Revolution? De ce&#8230;<\/p>\n","protected":false},"author":2,"featured_media":0,"parent":0,"menu_order":0,"comment_status":"closed","ping_status":"closed","template":"full-width.php","meta":[],"acf":[],"yoast_head":"<!-- This site is optimized with the Yoast SEO plugin v21.8 - https:\/\/yoast.com\/wordpress\/plugins\/seo\/ -->\n<title>Misiune | Easy Market | RO<\/title>\n<meta name=\"robots\" content=\"index, follow, max-snippet:-1, max-image-preview:large, max-video-preview:-1\" \/>\n<link rel=\"canonical\" href=\"https:\/\/www.easymarket.travel\/ro\/mission\/\" \/>\n<meta property=\"og:locale\" content=\"ro_RO\" \/>\n<meta property=\"og:type\" content=\"article\" \/>\n<meta property=\"og:title\" content=\"Misiune | Easy Market | RO\" \/>\n<meta property=\"og:description\" content=\"[vc_row content_width=&#8221;grid&#8221;][vc_column][vc_column_text] Easy Market opereaz\u0103 cu scopul de a oferi agen\u021biilor de turism un sistem de rezerv\u0103ri, unic, simplu \u0219i flexibil, care permite accesul la o gam\u0103 larg\u0103 de servicii \u0219i tarifele unui amplu num\u0103r de furnizori. Ofer\u0103 un sistem intuitiv, dar mai presus de toate, avangardist pentru a compara cu u\u0219urin\u021b\u0103 tarifele zborurilor tuturor companiilor aeriene (de linie \u0219i low-cost) integrate, dispune de o ofert\u0103 vast\u0103 de hoteluri, transferuri, activit\u0103\u021bi \u0219i excursii oriunde \u00een lume, la tarife exclusive, \u0219i \u00een cele din urm\u0103 propune ofertele speciale a celor mai bune companii de \u00eenchirieri auto. De ce Revolution? De ce...\" \/>\n<meta property=\"og:url\" content=\"https:\/\/www.easymarket.travel\/ro\/mission\/\" \/>\n<meta property=\"og:site_name\" content=\"Easy Market | RO\" \/>\n<meta property=\"article:modified_time\" content=\"2019-01-31T15:18:12+00:00\" \/>\n<meta property=\"og:image\" content=\"https:\/\/www.easymarket.travel\/it\/wp-content\/uploads\/sites\/2\/eventi\/revolution-logo-big-300x95.png\" \/>\n<meta name=\"twitter:label1\" content=\"Timp estimat pentru citire\" \/>\n\t<meta name=\"twitter:data1\" content=\"2 minute\" \/>\n<script type=\"application\/ld+json\" class=\"yoast-schema-graph\">{\"@context\":\"https:\/\/schema.org\",\"@graph\":[{\"@type\":\"WebPage\",\"@id\":\"https:\/\/www.easymarket.travel\/ro\/mission\/\",\"url\":\"https:\/\/www.easymarket.travel\/ro\/mission\/\",\"name\":\"Misiune | Easy Market | RO\",\"isPartOf\":{\"@id\":\"https:\/\/www.easymarket.travel\/ro\/#website\"},\"datePublished\":\"2014-10-29T15:16:24+00:00\",\"dateModified\":\"2019-01-31T15:18:12+00:00\",\"breadcrumb\":{\"@id\":\"https:\/\/www.easymarket.travel\/ro\/mission\/#breadcrumb\"},\"inLanguage\":\"ro-RO\",\"potentialAction\":[{\"@type\":\"ReadAction\",\"target\":[\"https:\/\/www.easymarket.travel\/ro\/mission\/\"]}]},{\"@type\":\"BreadcrumbList\",\"@id\":\"https:\/\/www.easymarket.travel\/ro\/mission\/#breadcrumb\",\"itemListElement\":[{\"@type\":\"ListItem\",\"position\":1,\"name\":\"Home\",\"item\":\"https:\/\/www.easymarket.travel\/ro\/\"},{\"@type\":\"ListItem\",\"position\":2,\"name\":\"Misiune\"}]},{\"@type\":\"WebSite\",\"@id\":\"https:\/\/www.easymarket.travel\/ro\/#website\",\"url\":\"https:\/\/www.easymarket.travel\/ro\/\",\"name\":\"Easy Market | RO\",\"description\":\"Easy Market CRS pentru agen\u021biile de turism!\",\"publisher\":{\"@id\":\"https:\/\/www.easymarket.travel\/ro\/#organization\"},\"potentialAction\":[{\"@type\":\"SearchAction\",\"target\":{\"@type\":\"EntryPoint\",\"urlTemplate\":\"https:\/\/www.easymarket.travel\/ro\/?s={search_term_string}\"},\"query-input\":\"required name=search_term_string\"}],\"inLanguage\":\"ro-RO\"},{\"@type\":\"Organization\",\"@id\":\"https:\/\/www.easymarket.travel\/ro\/#organization\",\"name\":\"Easy Market\",\"url\":\"https:\/\/www.easymarket.travel\/ro\/\",\"logo\":{\"@type\":\"ImageObject\",\"inLanguage\":\"ro-RO\",\"@id\":\"https:\/\/www.easymarket.travel\/ro\/#\/schema\/logo\/image\/\",\"url\":\"https:\/\/www.easymarket.travel\/ro\/wp-content\/uploads\/sites\/5\/2017\/11\/logo-easymarket-220.png\",\"contentUrl\":\"https:\/\/www.easymarket.travel\/ro\/wp-content\/uploads\/sites\/5\/2017\/11\/logo-easymarket-220.png\",\"width\":220,\"height\":57,\"caption\":\"Easy Market\"},\"image\":{\"@id\":\"https:\/\/www.easymarket.travel\/ro\/#\/schema\/logo\/image\/\"}}]}<\/script>\n<!-- \/ Yoast SEO plugin. -->","yoast_head_json":{"title":"Misiune | Easy Market | RO","robots":{"index":"index","follow":"follow","max-snippet":"max-snippet:-1","max-image-preview":"max-image-preview:large","max-video-preview":"max-video-preview:-1"},"canonical":"https:\/\/www.easymarket.travel\/ro\/mission\/","og_locale":"ro_RO","og_type":"article","og_title":"Misiune | Easy Market | RO","og_description":"[vc_row content_width=&#8221;grid&#8221;][vc_column][vc_column_text] Easy Market opereaz\u0103 cu scopul de a oferi agen\u021biilor de turism un sistem de rezerv\u0103ri, unic, simplu \u0219i flexibil, care permite accesul la o gam\u0103 larg\u0103 de servicii \u0219i tarifele unui amplu num\u0103r de furnizori. Ofer\u0103 un sistem intuitiv, dar mai presus de toate, avangardist pentru a compara cu u\u0219urin\u021b\u0103 tarifele zborurilor tuturor companiilor aeriene (de linie \u0219i low-cost) integrate, dispune de o ofert\u0103 vast\u0103 de hoteluri, transferuri, activit\u0103\u021bi \u0219i excursii oriunde \u00een lume, la tarife exclusive, \u0219i \u00een cele din urm\u0103 propune ofertele speciale a celor mai bune companii de \u00eenchirieri auto. De ce Revolution? De ce...","og_url":"https:\/\/www.easymarket.travel\/ro\/mission\/","og_site_name":"Easy Market | RO","article_modified_time":"2019-01-31T15:18:12+00:00","og_image":[{"url":"https:\/\/www.easymarket.travel\/it\/wp-content\/uploads\/sites\/2\/eventi\/revolution-logo-big-300x95.png"}],"twitter_misc":{"Timp estimat pentru citire":"2 minute"},"schema":{"@context":"https:\/\/schema.org","@graph":[{"@type":"WebPage","@id":"https:\/\/www.easymarket.travel\/ro\/mission\/","url":"https:\/\/www.easymarket.travel\/ro\/mission\/","name":"Misiune | Easy Market | RO","isPartOf":{"@id":"https:\/\/www.easymarket.travel\/ro\/#website"},"datePublished":"2014-10-29T15:16:24+00:00","dateModified":"2019-01-31T15:18:12+00:00","breadcrumb":{"@id":"https:\/\/www.easymarket.travel\/ro\/mission\/#breadcrumb"},"inLanguage":"ro-RO","potentialAction":[{"@type":"ReadAction","target":["https:\/\/www.easymarket.travel\/ro\/mission\/"]}]},{"@type":"BreadcrumbList","@id":"https:\/\/www.easymarket.travel\/ro\/mission\/#breadcrumb","itemListElement":[{"@type":"ListItem","position":1,"name":"Home","item":"https:\/\/www.easymarket.travel\/ro\/"},{"@type":"ListItem","position":2,"name":"Misiune"}]},{"@type":"WebSite","@id":"https:\/\/www.easymarket.travel\/ro\/#website","url":"https:\/\/www.easymarket.travel\/ro\/","name":"Easy Market | RO","description":"Easy Market CRS pentru agen\u021biile de turism!","publisher":{"@id":"https:\/\/www.easymarket.travel\/ro\/#organization"},"potentialAction":[{"@type":"SearchAction","target":{"@type":"EntryPoint","urlTemplate":"https:\/\/www.easymarket.travel\/ro\/?s={search_term_string}"},"query-input":"required name=search_term_string"}],"inLanguage":"ro-RO"},{"@type":"Organization","@id":"https:\/\/www.easymarket.travel\/ro\/#organization","name":"Easy Market","url":"https:\/\/www.easymarket.travel\/ro\/","logo":{"@type":"ImageObject","inLanguage":"ro-RO","@id":"https:\/\/www.easymarket.travel\/ro\/#\/schema\/logo\/image\/","url":"https:\/\/www.easymarket.travel\/ro\/wp-content\/uploads\/sites\/5\/2017\/11\/logo-easymarket-220.png","contentUrl":"https:\/\/www.easymarket.travel\/ro\/wp-content\/uploads\/sites\/5\/2017\/11\/logo-easymarket-220.png","width":220,"height":57,"caption":"Easy Market"},"image":{"@id":"https:\/\/www.easymarket.travel\/ro\/#\/schema\/logo\/image\/"}}]}},"_links":{"self":[{"href":"https:\/\/www.easymarket.travel\/ro\/wp-json\/wp\/v2\/pages\/12"}],"collection":[{"href":"https:\/\/www.easymarket.travel\/ro\/wp-json\/wp\/v2\/pages"}],"about":[{"href":"https:\/\/www.easymarket.travel\/ro\/wp-json\/wp\/v2\/types\/page"}],"author":[{"embeddable":true,"href":"https:\/\/www.easymarket.travel\/ro\/wp-json\/wp\/v2\/users\/2"}],"replies":[{"embeddable":true,"href":"https:\/\/www.easymarket.travel\/ro\/wp-json\/wp\/v2\/comments?post=12"}],"version-history":[{"count":15,"href":"https:\/\/www.easymarket.travel\/ro\/wp-json\/wp\/v2\/pages\/12\/revisions"}],"predecessor-version":[{"id":868,"href":"https:\/\/www.easymarket.travel\/ro\/wp-json\/wp\/v2\/pages\/12\/revisions\/868"}],"wp:attachment":[{"href":"https:\/\/www.easymarket.travel\/ro\/wp-json\/wp\/v2\/media?parent=12"}],"curies":[{"name":"wp","href":"https:\/\/api.w.org\/{rel}","templated":true}]}}