{"id":83,"date":"2014-10-23T16:10:42","date_gmt":"2014-10-23T16:10:42","guid":{"rendered":"http:\/\/www.easymarket.travel\/it\/?page_id=83"},"modified":"2022-03-04T11:01:30","modified_gmt":"2022-03-04T11:01:30","slug":"mission","status":"publish","type":"page","link":"https:\/\/www.easymarket.travel\/it\/mission\/","title":{"rendered":"Mission"},"content":{"rendered":"<section class=\"wpb-content-wrapper\">[vc_row content_width=&#8221;grid&#8221; css=&#8221;.vc_custom_1641977388549{margin-top: 30px !important;}&#8221;][vc_column]<div class=\"mkd-section-title-holder\">\n\t<h2 class=\"mkd-section-title mkd-section-title-medium mkd-section-title-left\" style=\"color: #1e73be;text-align: left;margin-bottom: 20px\">\n\t<span>\n\t\tMission: innovazione e integrazione di servizi\t<\/span>\n<\/h2>\n<\/div>[vc_column_text]\n<h4><span style=\"color: #333333;\">Easy Market opera con lo scopo di fornire alle agenzie di viaggi un <strong>unico sistema di prenotazione,<\/strong> semplice e flessibile, che permette l&#8217;accesso ad una <strong>vasta gamma di servizi e tariffe di un ampio numero di fornitori.<\/strong><\/span><\/h4>\n<h4><span style=\"color: #333333;\">Consolida il prodotto dei migliori tour operator esistenti sul mercato italiano, offre un sistema intuitivo ma soprattutto all&#8217;avanguardia che permette un facile confronto delle tariffe volo di tutte le compagnie aeree (linea e low cost) integrate, ha una vasta offerta di hotel, in tutto il mondo, a tariffe nette ed esclusive, propone tutte le offerte speciali delle migliori compagnie di autonoleggio, attivit\u00e0 in tutto il mondo, soluzioni per i viaggi di gruppo.<\/span><\/h4>\n<h4><span style=\"color: #1fbdf2;\"><strong>Perch\u00e8 Revolution?<\/strong><\/span><\/h4>\n<div class=\"mkd-unordered-list  mkd-circle\" >\n<ul>\n<li style=\"font-size: 20px; color: #333333;\">\u00e8 una piattaforma in continuo sviluppo e, grazie ad un reparto IT inside, pu\u00f2 contare su un aggiornamento costante, integrazione di nuove funzionalit\u00e0, e ottimizzazione di quelle esistenti!<\/li>\n<li style=\"font-size: 20px; color: #333333;\">Il funzionamento dei motori di ricerca \u00e8 particolarmente intuitivo e semplice, pensato per facilitare il lavoro quotidiano in Agenzia!<\/li>\n<\/ul>\n<\/div>\n<h4><span style=\"color: #1fbdf2;\"><strong>Perch\u00e9 Easy Market?<\/strong><\/span><\/h4>\n<h4><strong>Lavoriamo per garantivi solo il meglio!<\/strong><\/h4>\n<div class=\"mkd-unordered-list  mkd-circle\" >\n<ul>\n<li style=\"font-size: 20px; color: #333333;\">Easy Market \u00e8 molto pi\u00f9 di una semplice OLTA! A disposizione delle Agenzie, infatti, una capillare rete commerciale, presente su tutto il territorio nazionale e non solo, fatta di professionisti pronti a confrontarsi e supportarle di persona nel proprio lavoro.<\/li>\n<li style=\"font-size: 20px; color: #333333;\">Il nostro lavoro non si esaurisce sull\u2019on-line ma va ben al di l\u00e0 dei servizi offerti sulla piattaforma! Tra gli obiettivi principali c&#8217;\u00e8 quello di curare personalmente il rapporto con le Agenzie. In che modo? Attraverso eventi, fiere o iniziative varie ideate appositamente per loro.<\/li>\n<\/ul>\n<\/div>[\/vc_column_text][\/vc_column][\/vc_row][vc_row css=&#8221;.vc_custom_1542278372116{margin-top: 50px !important;margin-bottom: 0px !important;border-bottom-width: 0px !important;padding-top: 30px !important;background: #eaeaea url(\/it\/wp-content\/uploads\/sites\/2\/2015\/07\/bg-row-page-revolution.png?id=6917) !important;background-position: 0 0 !important;background-repeat: repeat !important;}&#8221;][vc_column css=&#8221;.vc_custom_1542278474876{margin-bottom: 0px !important;}&#8221;]<div class=\"mkd-elements-holder mkd-responsive-mode-768\" ><div class=\"mkd-elements-holder-item mkd-width-1-1 mkd-vertical-alignment-middle mkd-horizontal-alignment-center\" data-item-class=\"mkd-elements-holder-custom-359686\" >\n\t<div class=\"mkd-elements-holder-item-inner\">\n\t\t<div\n\t\t\tclass=\"mkd-elements-holder-item-content mkd-elements-holder-custom-359686\" style=\"margin: 0\">\n\t\t\t<div class=\"mkd-elements-holder-item-content-inner\">\n\t\t\t\t<div class=\"mkd-section-title-holder\">\n\t<h1 class=\"mkd-section-title mkd-section-title-large mkd-section-title-center\" style=\"color: #1e73be;text-align: center\">\n\t<span>\n\t\tStanco del tuo vecchio CRS?\t<\/span>\n<\/h1>\n<\/div>[vc_column_text]<span style=\"color: #1e73be; font-size: 30px; margin: 35px auto -5px auto; display: block; clear: left;\">Scegli<\/span><br \/>\n<a href=\"https:\/\/www.revolution.travel\" target=\"_blank\" rel=\"noopener noreferrer\"><img decoding=\"async\" style=\"display: block; margin: 0 auto;\" src=\"\/it\/wp-content\/uploads\/sites\/2\/eventi\/revolution-logo-big-300x95.png\" alt=\"revolution-logo-big\" \/><\/a><br \/>\n<span style=\"display: block; clear: left; margin: 0 auto; color: #1e73be; font-size: 35px;\">e lavori senza stress<\/span>[\/vc_column_text][vc_column_text]\n<div style=\"text-align: center; margin: 35px auto 0 auto;\"><img decoding=\"async\" loading=\"lazy\" class=\"alignnone wp-image-6023\" src=\"\/it\/wp-content\/uploads\/sites\/2\/2014\/10\/ico_circle_hotel.png\" alt=\"ico_circle_hotel\" width=\"50\" height=\"50\" \/> <img decoding=\"async\" loading=\"lazy\" class=\"alignnone wp-image-6024\" src=\"\/it\/wp-content\/uploads\/sites\/2\/2014\/10\/ico_circle_voli.png\" alt=\"ico_circle_voli\" width=\"50\" height=\"50\" \/>\u00a0 <img decoding=\"async\" loading=\"lazy\" class=\"alignnone wp-image-6033\" src=\"\/it\/wp-content\/uploads\/sites\/2\/2014\/10\/ico_circle_transfer.png\" alt=\"ico_circle_transfer\" width=\"50\" height=\"50\" \/> <img decoding=\"async\" loading=\"lazy\" class=\"alignnone wp-image-6031\" src=\"\/it\/wp-content\/uploads\/sites\/2\/2014\/10\/ico_circle_activity.png\" alt=\"ico_circle_activity\" width=\"50\" height=\"50\" \/> <img decoding=\"async\" loading=\"lazy\" class=\"alignnone wp-image-6027\" src=\"\/it\/wp-content\/uploads\/sites\/2\/2014\/10\/ico_circle_auto.png\" alt=\"ico_circle_auto\" width=\"50\" height=\"50\" \/> <img decoding=\"async\" loading=\"lazy\" class=\"alignnone wp-image-6025\" src=\"\/it\/wp-content\/uploads\/sites\/2\/2014\/10\/ico_circle_gruppi.png\" alt=\"ico_circle_gruppi\" width=\"50\" height=\"50\" \/><\/div>\n[\/vc_column_text]\t\t\t<\/div>\n\t\t<\/div>\n\t<\/div>\n<\/div><div class=\"mkd-elements-holder-item mkd-width-3-5 mkd-vertical-alignment-bottom mkd-horizontal-alignment-left\" data-item-class=\"mkd-elements-holder-custom-531854\" >\n\t<div class=\"mkd-elements-holder-item-inner\">\n\t\t<div\n\t\t\tclass=\"mkd-elements-holder-item-content mkd-elements-holder-custom-531854\" >\n\t\t\t<div class=\"mkd-elements-holder-item-content-inner\">\n\t\t\t\t<div class=\"mkd-animations-holder mkd-element-from-right\" data-animation=\"mkd-element-from-right\">\n\t<div style=\"transition-delay: 300ms;-webkit-animation-delay: 300ms;animation-delay: 300ms;animation-duration: 500ms;-webkit-animation-duration: 500ms;-moz-animation-duration: 500ms\">\n\t\t[vc_single_image image=&#8221;7499&#8243; img_size=&#8221;543&#215;511&#8243; alignment=&#8221;center&#8221; onclick=&#8221;custom_link&#8221; img_link_target=&#8221;_blank&#8221; link=&#8221;https:\/\/www.revolution.travel\/register&#8221; css=&#8221;.vc_custom_1496755001973{margin-bottom: 20px !important;}&#8221;]\t<\/div>\n\n<\/div>\t\t\t<\/div>\n\t\t<\/div>\n\t<\/div>\n<\/div><\/div>[\/vc_column][\/vc_row]\n<\/section>","protected":false},"excerpt":{"rendered":"<p>[vc_row content_width=&#8221;grid&#8221; css=&#8221;.vc_custom_1641977388549{margin-top: 30px !important;}&#8221;][vc_column][vc_column_text] Easy Market opera con lo scopo di fornire alle agenzie di viaggi un unico sistema di prenotazione, semplice e flessibile, che permette l&#8217;accesso ad una vasta gamma di servizi e tariffe di un ampio numero di fornitori. Consolida il prodotto dei migliori tour operator esistenti sul mercato italiano, offre un sistema intuitivo ma soprattutto all&#8217;avanguardia che permette un facile confronto delle tariffe volo di tutte le compagnie aeree (linea e low cost) integrate, ha una vasta offerta di hotel, in tutto il mondo, a tariffe nette ed esclusive, propone tutte le offerte speciali delle migliori&#8230;<\/p>\n","protected":false},"author":10,"featured_media":0,"parent":0,"menu_order":0,"comment_status":"closed","ping_status":"closed","template":"full-width.php","meta":[],"acf":[],"yoast_head":"<!-- This site is optimized with the Yoast SEO plugin v21.8 - https:\/\/yoast.com\/wordpress\/plugins\/seo\/ -->\n<title>Mission | Easy Market | IT<\/title>\n<meta name=\"description\" content=\"Mission:forniamo alle agenzie di viaggio un unico sistema di prenotazione con una vasta gamma di servizi e tariffe di un ampio numero di fornitori.\" \/>\n<meta name=\"robots\" content=\"index, follow, max-snippet:-1, max-image-preview:large, max-video-preview:-1\" \/>\n<link rel=\"canonical\" href=\"https:\/\/www.easymarket.travel\/it\/mission\/\" \/>\n<meta property=\"og:locale\" content=\"it_IT\" \/>\n<meta property=\"og:type\" content=\"article\" \/>\n<meta property=\"og:title\" content=\"Mission | Easy Market | IT\" \/>\n<meta property=\"og:description\" content=\"Mission:forniamo alle agenzie di viaggio un unico sistema di prenotazione con una vasta gamma di servizi e tariffe di un ampio numero di fornitori.\" \/>\n<meta property=\"og:url\" content=\"https:\/\/www.easymarket.travel\/it\/mission\/\" \/>\n<meta property=\"og:site_name\" content=\"Easy Market | IT\" \/>\n<meta property=\"article:publisher\" content=\"https:\/\/www.facebook.com\/EasyMarketTravel\" \/>\n<meta property=\"article:modified_time\" content=\"2022-03-04T11:01:30+00:00\" \/>\n<meta property=\"og:image\" content=\"https:\/\/www.easymarket.travel\/it\/wp-content\/uploads\/sites\/2\/eventi\/revolution-logo-big-300x95.png\" \/>\n<meta name=\"twitter:card\" content=\"summary_large_image\" \/>\n<meta name=\"twitter:site\" content=\"@easymarketspa\" \/>\n<meta name=\"twitter:label1\" content=\"Tempo di lettura stimato\" \/>\n\t<meta name=\"twitter:data1\" content=\"2 minuti\" \/>\n<script type=\"application\/ld+json\" class=\"yoast-schema-graph\">{\"@context\":\"https:\/\/schema.org\",\"@graph\":[{\"@type\":\"WebPage\",\"@id\":\"https:\/\/www.easymarket.travel\/it\/mission\/\",\"url\":\"https:\/\/www.easymarket.travel\/it\/mission\/\",\"name\":\"Mission | Easy Market | IT\",\"isPartOf\":{\"@id\":\"https:\/\/www.easymarket.travel\/it\/#website\"},\"datePublished\":\"2014-10-23T16:10:42+00:00\",\"dateModified\":\"2022-03-04T11:01:30+00:00\",\"description\":\"Mission:forniamo alle agenzie di viaggio un unico sistema di prenotazione con una vasta gamma di servizi e tariffe di un ampio numero di fornitori.\",\"breadcrumb\":{\"@id\":\"https:\/\/www.easymarket.travel\/it\/mission\/#breadcrumb\"},\"inLanguage\":\"it-IT\",\"potentialAction\":[{\"@type\":\"ReadAction\",\"target\":[\"https:\/\/www.easymarket.travel\/it\/mission\/\"]}]},{\"@type\":\"BreadcrumbList\",\"@id\":\"https:\/\/www.easymarket.travel\/it\/mission\/#breadcrumb\",\"itemListElement\":[{\"@type\":\"ListItem\",\"position\":1,\"name\":\"Home\",\"item\":\"https:\/\/www.easymarket.travel\/it\/\"},{\"@type\":\"ListItem\",\"position\":2,\"name\":\"Mission\"}]},{\"@type\":\"WebSite\",\"@id\":\"https:\/\/www.easymarket.travel\/it\/#website\",\"url\":\"https:\/\/www.easymarket.travel\/it\/\",\"name\":\"Easy Market | IT\",\"description\":\"Sistema di prenotazione per Agenzie Viaggi\",\"publisher\":{\"@id\":\"https:\/\/www.easymarket.travel\/it\/#organization\"},\"potentialAction\":[{\"@type\":\"SearchAction\",\"target\":{\"@type\":\"EntryPoint\",\"urlTemplate\":\"https:\/\/www.easymarket.travel\/it\/?s={search_term_string}\"},\"query-input\":\"required name=search_term_string\"}],\"inLanguage\":\"it-IT\"},{\"@type\":\"Organization\",\"@id\":\"https:\/\/www.easymarket.travel\/it\/#organization\",\"name\":\"Easy Market Travel Solutions\",\"url\":\"https:\/\/www.easymarket.travel\/it\/\",\"logo\":{\"@type\":\"ImageObject\",\"inLanguage\":\"it-IT\",\"@id\":\"https:\/\/www.easymarket.travel\/it\/#\/schema\/logo\/image\/\",\"url\":\"https:\/\/www.easymarket.travel\/it\/wp-content\/uploads\/sites\/2\/2017\/11\/em-logo.png\",\"contentUrl\":\"https:\/\/www.easymarket.travel\/it\/wp-content\/uploads\/sites\/2\/2017\/11\/em-logo.png\",\"width\":280,\"height\":65,\"caption\":\"Easy Market Travel Solutions\"},\"image\":{\"@id\":\"https:\/\/www.easymarket.travel\/it\/#\/schema\/logo\/image\/\"},\"sameAs\":[\"https:\/\/www.facebook.com\/EasyMarketTravel\",\"https:\/\/twitter.com\/easymarketspa\",\"https:\/\/it.linkedin.com\/company\/easy-market-s-p-a-\",\"https:\/\/www.youtube.com\/channel\/UCo41Eg2yO4vAQDiYoICfn9w\"]}]}<\/script>\n<!-- \/ Yoast SEO plugin. -->","yoast_head_json":{"title":"Mission | Easy Market | IT","description":"Mission:forniamo alle agenzie di viaggio un unico sistema di prenotazione con una vasta gamma di servizi e tariffe di un ampio numero di fornitori.","robots":{"index":"index","follow":"follow","max-snippet":"max-snippet:-1","max-image-preview":"max-image-preview:large","max-video-preview":"max-video-preview:-1"},"canonical":"https:\/\/www.easymarket.travel\/it\/mission\/","og_locale":"it_IT","og_type":"article","og_title":"Mission | Easy Market | IT","og_description":"Mission:forniamo alle agenzie di viaggio un unico sistema di prenotazione con una vasta gamma di servizi e tariffe di un ampio numero di fornitori.","og_url":"https:\/\/www.easymarket.travel\/it\/mission\/","og_site_name":"Easy Market | IT","article_publisher":"https:\/\/www.facebook.com\/EasyMarketTravel","article_modified_time":"2022-03-04T11:01:30+00:00","og_image":[{"url":"https:\/\/www.easymarket.travel\/it\/wp-content\/uploads\/sites\/2\/eventi\/revolution-logo-big-300x95.png"}],"twitter_card":"summary_large_image","twitter_site":"@easymarketspa","twitter_misc":{"Tempo di lettura stimato":"2 minuti"},"schema":{"@context":"https:\/\/schema.org","@graph":[{"@type":"WebPage","@id":"https:\/\/www.easymarket.travel\/it\/mission\/","url":"https:\/\/www.easymarket.travel\/it\/mission\/","name":"Mission | Easy Market | IT","isPartOf":{"@id":"https:\/\/www.easymarket.travel\/it\/#website"},"datePublished":"2014-10-23T16:10:42+00:00","dateModified":"2022-03-04T11:01:30+00:00","description":"Mission:forniamo alle agenzie di viaggio un unico sistema di prenotazione con una vasta gamma di servizi e tariffe di un ampio numero di fornitori.","breadcrumb":{"@id":"https:\/\/www.easymarket.travel\/it\/mission\/#breadcrumb"},"inLanguage":"it-IT","potentialAction":[{"@type":"ReadAction","target":["https:\/\/www.easymarket.travel\/it\/mission\/"]}]},{"@type":"BreadcrumbList","@id":"https:\/\/www.easymarket.travel\/it\/mission\/#breadcrumb","itemListElement":[{"@type":"ListItem","position":1,"name":"Home","item":"https:\/\/www.easymarket.travel\/it\/"},{"@type":"ListItem","position":2,"name":"Mission"}]},{"@type":"WebSite","@id":"https:\/\/www.easymarket.travel\/it\/#website","url":"https:\/\/www.easymarket.travel\/it\/","name":"Easy Market | IT","description":"Sistema di prenotazione per Agenzie Viaggi","publisher":{"@id":"https:\/\/www.easymarket.travel\/it\/#organization"},"potentialAction":[{"@type":"SearchAction","target":{"@type":"EntryPoint","urlTemplate":"https:\/\/www.easymarket.travel\/it\/?s={search_term_string}"},"query-input":"required name=search_term_string"}],"inLanguage":"it-IT"},{"@type":"Organization","@id":"https:\/\/www.easymarket.travel\/it\/#organization","name":"Easy Market Travel Solutions","url":"https:\/\/www.easymarket.travel\/it\/","logo":{"@type":"ImageObject","inLanguage":"it-IT","@id":"https:\/\/www.easymarket.travel\/it\/#\/schema\/logo\/image\/","url":"https:\/\/www.easymarket.travel\/it\/wp-content\/uploads\/sites\/2\/2017\/11\/em-logo.png","contentUrl":"https:\/\/www.easymarket.travel\/it\/wp-content\/uploads\/sites\/2\/2017\/11\/em-logo.png","width":280,"height":65,"caption":"Easy Market Travel Solutions"},"image":{"@id":"https:\/\/www.easymarket.travel\/it\/#\/schema\/logo\/image\/"},"sameAs":["https:\/\/www.facebook.com\/EasyMarketTravel","https:\/\/twitter.com\/easymarketspa","https:\/\/it.linkedin.com\/company\/easy-market-s-p-a-","https:\/\/www.youtube.com\/channel\/UCo41Eg2yO4vAQDiYoICfn9w"]}]}},"_links":{"self":[{"href":"https:\/\/www.easymarket.travel\/it\/wp-json\/wp\/v2\/pages\/83"}],"collection":[{"href":"https:\/\/www.easymarket.travel\/it\/wp-json\/wp\/v2\/pages"}],"about":[{"href":"https:\/\/www.easymarket.travel\/it\/wp-json\/wp\/v2\/types\/page"}],"author":[{"embeddable":true,"href":"https:\/\/www.easymarket.travel\/it\/wp-json\/wp\/v2\/users\/10"}],"replies":[{"embeddable":true,"href":"https:\/\/www.easymarket.travel\/it\/wp-json\/wp\/v2\/comments?post=83"}],"version-history":[{"count":93,"href":"https:\/\/www.easymarket.travel\/it\/wp-json\/wp\/v2\/pages\/83\/revisions"}],"predecessor-version":[{"id":14341,"href":"https:\/\/www.easymarket.travel\/it\/wp-json\/wp\/v2\/pages\/83\/revisions\/14341"}],"wp:attachment":[{"href":"https:\/\/www.easymarket.travel\/it\/wp-json\/wp\/v2\/media?parent=83"}],"curies":[{"name":"wp","href":"https:\/\/api.w.org\/{rel}","templated":true}]}}