{"id":60,"date":"2014-10-21T15:00:10","date_gmt":"2014-10-21T15:00:10","guid":{"rendered":"http:\/\/www.easymarket.travel\/it\/?page_id=60"},"modified":"2024-10-08T08:21:06","modified_gmt":"2024-10-08T08:21:06","slug":"chi-siamo","status":"publish","type":"page","link":"https:\/\/www.easymarket.travel\/it\/chi-siamo\/","title":{"rendered":"Chi siamo"},"content":{"rendered":"<section class=\"wpb-content-wrapper\">[vc_row content_width=&#8221;grid&#8221; css=&#8221;.vc_custom_1512044285158{margin-top: 30px !important;margin-bottom: 0px !important;padding-top: 20px !important;padding-bottom: 20px !important;background: #ffffff url(\/it\/wp-content\/uploads\/sites\/2\/revslider\/home-8\/h8-slide-1-shape-5.png?id=5450) !important;background-position: 0 0 !important;background-repeat: no-repeat !important;}&#8221;][vc_column width=&#8221;1\/2&#8243; el_class=&#8221;white-player&#8221;]\t<div class=\"mkd-video-banner-holder\">\n\t\t<a class=\"mkd-video-banner-link\" href=\"https:\/\/youtu.be\/wlvnSfrHJzM\"\n\t\t   data-rel=\"prettyPhoto[1665711121]\">\n\t\t\t<img width=\"1781\" height=\"1001\" src=\"https:\/\/www.easymarket.travel\/it\/wp-content\/uploads\/sites\/2\/2019\/06\/miniatura_videoEM.jpg\" class=\"attachment-full size-full\" alt=\"\" decoding=\"async\" loading=\"lazy\" \/>\t\t\t<div class=\"mkd-video-banner-overlay\">\n\t\t\t\t<div class=\"mkd-vb-overlay-tb\">\n\t\t\t\t\t<div class=\"mkd-vb-overlay-tc\">\n\t\t\t\t\t\t<span class=\"mkd-vb-play-icon\">\n\t\t\t\t\t\t<span aria-hidden=\"true\" class=\"mkd-icon-font-elegant arrow_triangle-right \" ><\/span>\t\t\t\t\t\t<\/span>\n\t\t\t\t\t<\/div>\n\t\t\t\t<\/div>\n\t\t\t<\/div>\n\t\t<\/a>\n\t<\/div>\n[\/vc_column][vc_column width=&#8221;1\/2&#8243;][vc_empty_space height=&#8221;15px&#8221;][vc_column_text]\n<h3><strong>Easy Market Travel Solutions<\/strong><\/h3>\n<h4 style=\"text-align: justify;\">Azienda giovane e dinamica fatta di professionisti che lavorano quotidianamente con passione per mettere a disposizione delle <strong>Agenzie di Viaggio<\/strong> prodotti turistici di qualit\u00e0 e servizi in linea con le loro reali esigenze attraverso una piattaforma web altamente<br \/>\ntecnologica in costante aggiornamento.<\/h4>\n<h4 style=\"text-align: justify;\">Alla base della filosofia di Easy Market c\u2019\u00e8 una costante spinta alla crescita e al miglioramento. Siamo convinti che il progresso passi necessariamente per il confronto e che le parole d\u2019ordine di ogni<br \/>\nevoluzione siano: \u201cmettersi in gioco sempre\u201d!<\/h4>\n[\/vc_column_text][\/vc_column][\/vc_row][vc_row content_width=&#8221;grid&#8221; css=&#8221;.vc_custom_1512044476370{margin-top: 0px !important;margin-bottom: 0px !important;border-bottom-width: 2px !important;padding-top: 20px !important;padding-bottom: 20px !important;background-image: url(\/it\/wp-content\/uploads\/sites\/2\/2014\/10\/bg-prism-white.gif?id=8033) !important;border-bottom-color: #cecece !important;border-bottom-style: dashed !important;}&#8221;][vc_column width=&#8221;1\/3&#8243;][vc_single_image image=&#8221;8013&#8243; img_size=&#8221;&#8221; add_caption=&#8221;yes&#8221; alignment=&#8221;center&#8221; css=&#8221;.vc_custom_1516012056400{padding-top: 20px !important;padding-bottom: 10px !important;}&#8221;][\/vc_column][vc_column width=&#8221;2\/3&#8243;][vc_column_text]\n<h4>Easy Market nasce nel 2000 come primo consolidatore di offerte vacanze per le Agenzie di viaggi, opera per assicurare sviluppo, rinnovamento ed efficienza dei servizi offerti, crescita e ottimizzazione delle risorse.<\/h4>\n<div id=\"target-id69d98d8ee01a7\" class=\"collapseomatic_content \">\n<h4>Dal 2010 Easy Market \u00e8 parte di Hotelbeds Group, la prima banca letti mondiale B2B.<\/h4>\n<h4>Con l\u2019ingresso nel mercato internazionale e l\u2019acquisizione all&#8217;interno di uno dei principali distributori di prodotti turistici on line, Easy Market estende i propri servizi ad altri paesi quali: Romania, Albania, Serbia, Slovenia, Croazia, Montenegro e Bosnia rivolgendosi, attraverso il proprio portale, ad un target sempre pi\u00f9 eterogeneo e diversificato.<\/h4>\n<\/div><span class=\"collapseomatic \" id=\"id69d98d8ee01a7\"  tabindex=\"0\" title=\"leggi tutto\"    >leggi tutto<\/span><span id='swap-id69d98d8ee01a7'  class='colomat-swap' style='display:none;'>Riduci<\/span>[\/vc_column_text][\/vc_column][\/vc_row][vc_row content_width=&#8221;grid&#8221; css=&#8221;.vc_custom_1512044505215{margin-top: 0px !important;margin-bottom: 30px !important;padding-top: 20px !important;padding-bottom: 10px !important;background-image: url(\/it\/wp-content\/uploads\/sites\/2\/2014\/10\/bg-prism-white.gif?id=8033) !important;}&#8221;][vc_column width=&#8221;1\/3&#8243;][vc_single_image image=&#8221;8024&#8243; img_size=&#8221;&#8221; alignment=&#8221;center&#8221; css=&#8221;.vc_custom_1509702424571{padding-top: 20px !important;padding-bottom: 10px !important;}&#8221;][\/vc_column][vc_column width=&#8221;2\/3&#8243;][vc_column_text]\n<h3>Innovazione, tecnologia e avanguardia al servizio del mercato B2B<\/h3>\n<h4>Dall&#8217;innovazione dell\u2019azienda viene ideata<strong> Revolution,<\/strong> una piattaforma che offre un sistema intuitivo e all&#8217;avanguardia per la commercializzazione e distribuzione di servizi e prodotti turistici:<\/h4>\n<div id=\"target-id69d98d8ee0246\" class=\"collapseomatic_content \">\n<h4>dai Voli a tariffe negoziate, Hotel in tutto il mondo, Autonoleggi, Escursioni, Attivit\u00e0 ed Assicurazioni, Gruppi e Transfer.<\/h4>\n<h4>Il sistema, basato sulle esigenze operative delle agenzie, \u00e8 in costante sviluppo da parte del reparto IT che, in cooperazione con l\u2019ufficio commerciale e i reparti operativi che forniscono una visione puntuale delle esigenze delle agenzie, studia sempre nuove possibili funzionalit\u00e0 e lavora all&#8217;ottimizzazione di quelle gi\u00e0 esistenti.<\/h4>\n<h4>La tecnologia \u00e8, infatti, un asset fondamentale per lo sviluppo del core business di Easy Market. La ricerca \u00e8 costantemente orientata ad offrire un sistema semplice, veloce e divertente per le agenzie e la loro attivit\u00e0.<\/h4>\n<\/div><span class=\"collapseomatic \" id=\"id69d98d8ee0246\"  tabindex=\"0\" title=\"leggi tutto\"    >leggi tutto<\/span><span id='swap-id69d98d8ee0246'  class='colomat-swap' style='display:none;'>Riduci<\/span>[\/vc_column_text][\/vc_column][\/vc_row][vc_row content_width=&#8221;grid&#8221; css=&#8221;.vc_custom_1512044505215{margin-top: 0px !important;margin-bottom: 30px !important;padding-top: 20px !important;padding-bottom: 10px !important;background-image: url(\/it\/wp-content\/uploads\/sites\/2\/2014\/10\/bg-prism-white.gif?id=8033) !important;}&#8221;][vc_column width=&#8221;1\/3&#8243;][vc_single_image image=&#8221;15703&#8243; img_size=&#8221;medium&#8221; alignment=&#8221;center&#8221; onclick=&#8221;custom_link&#8221; img_link_target=&#8221;_blank&#8221; css=&#8221;.vc_custom_1679482416434{padding-top: 20px !important;padding-bottom: 10px !important;}&#8221; link=&#8221;https:\/\/cdn.easymarketcrs.it\/statics\/rev\/download\/company_profile_easy_market_it.pdf&#8221;][\/vc_column][vc_column width=&#8221;2\/3&#8243;][vc_column_text]\n<h3 style=\"margin-borrom: 30px;\"><strong>COMPANY PROFILE<\/strong><\/h3>\n<h5 class=\"red\"><a href=\"https:\/\/cdn.easymarketcrs.it\/statics\/rev\/download\/company_profile_easy_market_it.pdf\">Scarica il Company Profile di Easy Market<\/a><\/h5>\n[\/vc_column_text][\/vc_column][\/vc_row][vc_row content_aligment=&#8221;center&#8221; el_class=&#8221;big-title&#8221;][vc_column css=&#8221;.vc_custom_1491292538857{margin-top: 30px !important;}&#8221;]<div class=\"mkd-section-title-holder\">\n\t<h2 class=\"mkd-section-title mkd-section-title-medium mkd-section-title-center\" style=\"color: #dd3333;text-align: center;margin-bottom: 35px\">\n\t<span>\n\t\tEasy Market in numeri\t<\/span>\n<\/h2>\n<\/div>[vc_row_inner][vc_column_inner width=&#8221;1\/5&#8243;]<div class=\"mkd-counter-holder mkd-counter-dark mkd-counter-circle\">\n\t<div class=\"mkd-counter zero\">\n\t\t800000\t<\/div>\n    <div class=\"mkd-counter-content\">\n                    <h5 class=\"mkd-counter-title\"> 800.000 passeggeri <\/h5>\n                            <p class=\"mkd-counter-text\">nel 2019<\/p>\n                    <\/div>\n            <div class=\"mkd-counter-icon-holder\">\n            <div class=\"mkd-counter-icon-circle\"><\/div>\n            <div class=\"mkd-counter-icon mkd-type1-gradient-bottom-to-top-text\"><i class=\"mkd-icon-font-awesome fa fa-user \" ><\/i><\/div>\n        <\/div>\n    <\/div>[\/vc_column_inner][vc_column_inner width=&#8221;1\/5&#8243;]<div class=\"mkd-counter-holder mkd-counter-dark mkd-counter-circle\">\n\t<div class=\"mkd-counter zero\">\n\t\t7000000\t<\/div>\n    <div class=\"mkd-counter-content\">\n                    <h5 class=\"mkd-counter-title\"> 7.000.000 di ricerche <\/h5>\n                            <p class=\"mkd-counter-text\">all&#039;anno<\/p>\n                    <\/div>\n            <div class=\"mkd-counter-icon-holder\">\n            <div class=\"mkd-counter-icon-circle\"><\/div>\n            <div class=\"mkd-counter-icon mkd-type1-gradient-bottom-to-top-text\"><span aria-hidden=\"true\" class=\"mkd-icon-font-elegant icon_search \" ><\/span><\/div>\n        <\/div>\n    <\/div>[\/vc_column_inner][vc_column_inner width=&#8221;1\/5&#8243;]<div class=\"mkd-counter-holder mkd-counter-dark mkd-counter-circle\">\n\t<div class=\"mkd-counter zero\">\n\t\t700\t<\/div>\n    <div class=\"mkd-counter-content\">\n                    <h5 class=\"mkd-counter-title\"> + 700 compagnie aeree <\/h5>\n                            <p class=\"mkd-counter-text\">lavorano con noi<\/p>\n                    <\/div>\n            <div class=\"mkd-counter-icon-holder\">\n            <div class=\"mkd-counter-icon-circle\"><\/div>\n            <div class=\"mkd-counter-icon mkd-type1-gradient-bottom-to-top-text\"><i class=\"mkd-icon-font-awesome fa fa-plane \" ><\/i><\/div>\n        <\/div>\n    <\/div>[\/vc_column_inner][vc_column_inner width=&#8221;1\/5&#8243;]<div class=\"mkd-counter-holder mkd-counter-dark mkd-counter-circle\">\n\t<div class=\"mkd-counter zero\">\n\t\t1000000\t<\/div>\n    <div class=\"mkd-counter-content\">\n                    <h5 class=\"mkd-counter-title\"> + 1.000.000 Hotel <\/h5>\n                            <p class=\"mkd-counter-text\">in pi\u00f9 di 223 paesi<\/p>\n                    <\/div>\n            <div class=\"mkd-counter-icon-holder\">\n            <div class=\"mkd-counter-icon-circle\"><\/div>\n            <div class=\"mkd-counter-icon mkd-type1-gradient-bottom-to-top-text\"><span aria-hidden=\"true\" class=\"mkd-icon-font-elegant icon_building \" ><\/span><\/div>\n        <\/div>\n    <\/div>[\/vc_column_inner][vc_column_inner width=&#8221;1\/5&#8243;]<div class=\"mkd-counter-holder mkd-counter-dark mkd-counter-circle\">\n\t<div class=\"mkd-counter zero\">\n\t\t18000\t<\/div>\n    <div class=\"mkd-counter-content\">\n                    <h5 class=\"mkd-counter-title\"> + 18.000 Attivit\u00e0 <\/h5>\n                            <p class=\"mkd-counter-text\">in pi\u00f9 di 185 paesi<\/p>\n                    <\/div>\n            <div class=\"mkd-counter-icon-holder\">\n            <div class=\"mkd-counter-icon-circle\"><\/div>\n            <div class=\"mkd-counter-icon mkd-type1-gradient-bottom-to-top-text\"><i class=\"mkd-icon-font-awesome fa fa-university \" ><\/i><\/div>\n        <\/div>\n    <\/div>[\/vc_column_inner][\/vc_row_inner][vc_row_inner content_width=&#8221;grid&#8221; content_aligment=&#8221;center&#8221;][vc_column_inner]\n<h4 class=\"mkd-custom-font-holder\" style=\"font-family: monsterrat, sans-serif;;font-size: 16px;line-height: 20px;font-weight: 400;color: #333333\" data-font-size= 16  data-line-height= 20>\n<\/h4>[\/vc_column_inner][\/vc_row_inner][\/vc_column][\/vc_row]\n<\/section>","protected":false},"excerpt":{"rendered":"<p>[vc_row content_width=&#8221;grid&#8221; css=&#8221;.vc_custom_1512044285158{margin-top: 30px !important;margin-bottom: 0px !important;padding-top: 20px !important;padding-bottom: 20px !important;background: #ffffff url(\/it\/wp-content\/uploads\/sites\/2\/revslider\/home-8\/h8-slide-1-shape-5.png?id=5450) !important;background-position: 0 0 !important;background-repeat: no-repeat !important;}&#8221;][vc_column width=&#8221;1\/2&#8243; el_class=&#8221;white-player&#8221;][\/vc_column][vc_column width=&#8221;1\/2&#8243;][vc_empty_space height=&#8221;15px&#8221;][vc_column_text] Easy Market Travel Solutions Azienda giovane e dinamica fatta di professionisti che lavorano quotidianamente con passione per mettere a disposizione delle Agenzie di Viaggio prodotti turistici di qualit\u00e0 e servizi in linea con le loro reali esigenze attraverso una piattaforma web altamente tecnologica in costante aggiornamento. Alla base della filosofia di Easy Market c\u2019\u00e8 una costante spinta alla crescita e al miglioramento. Siamo convinti che il progresso passi necessariamente per il confronto e che le parole d\u2019ordine&#8230;<\/p>\n","protected":false},"author":10,"featured_media":0,"parent":0,"menu_order":0,"comment_status":"closed","ping_status":"closed","template":"full-width.php","meta":[],"acf":[],"yoast_head":"<!-- This site is optimized with the Yoast SEO plugin v21.8 - https:\/\/yoast.com\/wordpress\/plugins\/seo\/ -->\n<title>Chi siamo | Easy Market | IT<\/title>\n<meta name=\"description\" content=\"Easy Market: azienda giovane e dinamica che mettere a disposizione delle Agenzie di Viaggio prodotti e servizi turistici di qualit\u00e0\" \/>\n<meta name=\"robots\" content=\"index, follow, max-snippet:-1, max-image-preview:large, max-video-preview:-1\" \/>\n<link rel=\"canonical\" href=\"https:\/\/www.easymarket.travel\/it\/chi-siamo\/\" \/>\n<meta property=\"og:locale\" content=\"it_IT\" \/>\n<meta property=\"og:type\" content=\"article\" \/>\n<meta property=\"og:title\" content=\"Chi siamo | Easy Market | IT\" \/>\n<meta property=\"og:description\" content=\"Easy Market: azienda giovane e dinamica che mettere a disposizione delle Agenzie di Viaggio prodotti e servizi turistici di qualit\u00e0\" \/>\n<meta property=\"og:url\" content=\"https:\/\/www.easymarket.travel\/it\/chi-siamo\/\" \/>\n<meta property=\"og:site_name\" content=\"Easy Market | IT\" \/>\n<meta property=\"article:publisher\" content=\"https:\/\/www.facebook.com\/EasyMarketTravel\" \/>\n<meta property=\"article:modified_time\" content=\"2024-10-08T08:21:06+00:00\" \/>\n<meta name=\"twitter:card\" content=\"summary_large_image\" \/>\n<meta name=\"twitter:site\" content=\"@easymarketspa\" \/>\n<meta name=\"twitter:label1\" content=\"Tempo di lettura stimato\" \/>\n\t<meta name=\"twitter:data1\" content=\"3 minuti\" \/>\n<script type=\"application\/ld+json\" class=\"yoast-schema-graph\">{\"@context\":\"https:\/\/schema.org\",\"@graph\":[{\"@type\":\"WebPage\",\"@id\":\"https:\/\/www.easymarket.travel\/it\/chi-siamo\/\",\"url\":\"https:\/\/www.easymarket.travel\/it\/chi-siamo\/\",\"name\":\"Chi siamo | Easy Market | IT\",\"isPartOf\":{\"@id\":\"https:\/\/www.easymarket.travel\/it\/#website\"},\"datePublished\":\"2014-10-21T15:00:10+00:00\",\"dateModified\":\"2024-10-08T08:21:06+00:00\",\"description\":\"Easy Market: azienda giovane e dinamica che mettere a disposizione delle Agenzie di Viaggio prodotti e servizi turistici di qualit\u00e0\",\"breadcrumb\":{\"@id\":\"https:\/\/www.easymarket.travel\/it\/chi-siamo\/#breadcrumb\"},\"inLanguage\":\"it-IT\",\"potentialAction\":[{\"@type\":\"ReadAction\",\"target\":[\"https:\/\/www.easymarket.travel\/it\/chi-siamo\/\"]}]},{\"@type\":\"BreadcrumbList\",\"@id\":\"https:\/\/www.easymarket.travel\/it\/chi-siamo\/#breadcrumb\",\"itemListElement\":[{\"@type\":\"ListItem\",\"position\":1,\"name\":\"Home\",\"item\":\"https:\/\/www.easymarket.travel\/it\/\"},{\"@type\":\"ListItem\",\"position\":2,\"name\":\"Chi siamo\"}]},{\"@type\":\"WebSite\",\"@id\":\"https:\/\/www.easymarket.travel\/it\/#website\",\"url\":\"https:\/\/www.easymarket.travel\/it\/\",\"name\":\"Easy Market | IT\",\"description\":\"Sistema di prenotazione per Agenzie Viaggi\",\"publisher\":{\"@id\":\"https:\/\/www.easymarket.travel\/it\/#organization\"},\"potentialAction\":[{\"@type\":\"SearchAction\",\"target\":{\"@type\":\"EntryPoint\",\"urlTemplate\":\"https:\/\/www.easymarket.travel\/it\/?s={search_term_string}\"},\"query-input\":\"required name=search_term_string\"}],\"inLanguage\":\"it-IT\"},{\"@type\":\"Organization\",\"@id\":\"https:\/\/www.easymarket.travel\/it\/#organization\",\"name\":\"Easy Market Travel Solutions\",\"url\":\"https:\/\/www.easymarket.travel\/it\/\",\"logo\":{\"@type\":\"ImageObject\",\"inLanguage\":\"it-IT\",\"@id\":\"https:\/\/www.easymarket.travel\/it\/#\/schema\/logo\/image\/\",\"url\":\"https:\/\/www.easymarket.travel\/it\/wp-content\/uploads\/sites\/2\/2017\/11\/em-logo.png\",\"contentUrl\":\"https:\/\/www.easymarket.travel\/it\/wp-content\/uploads\/sites\/2\/2017\/11\/em-logo.png\",\"width\":280,\"height\":65,\"caption\":\"Easy Market Travel Solutions\"},\"image\":{\"@id\":\"https:\/\/www.easymarket.travel\/it\/#\/schema\/logo\/image\/\"},\"sameAs\":[\"https:\/\/www.facebook.com\/EasyMarketTravel\",\"https:\/\/twitter.com\/easymarketspa\",\"https:\/\/it.linkedin.com\/company\/easy-market-s-p-a-\",\"https:\/\/www.youtube.com\/channel\/UCo41Eg2yO4vAQDiYoICfn9w\"]}]}<\/script>\n<!-- \/ Yoast SEO plugin. -->","yoast_head_json":{"title":"Chi siamo | Easy Market | IT","description":"Easy Market: azienda giovane e dinamica che mettere a disposizione delle Agenzie di Viaggio prodotti e servizi turistici di qualit\u00e0","robots":{"index":"index","follow":"follow","max-snippet":"max-snippet:-1","max-image-preview":"max-image-preview:large","max-video-preview":"max-video-preview:-1"},"canonical":"https:\/\/www.easymarket.travel\/it\/chi-siamo\/","og_locale":"it_IT","og_type":"article","og_title":"Chi siamo | Easy Market | IT","og_description":"Easy Market: azienda giovane e dinamica che mettere a disposizione delle Agenzie di Viaggio prodotti e servizi turistici di qualit\u00e0","og_url":"https:\/\/www.easymarket.travel\/it\/chi-siamo\/","og_site_name":"Easy Market | IT","article_publisher":"https:\/\/www.facebook.com\/EasyMarketTravel","article_modified_time":"2024-10-08T08:21:06+00:00","twitter_card":"summary_large_image","twitter_site":"@easymarketspa","twitter_misc":{"Tempo di lettura stimato":"3 minuti"},"schema":{"@context":"https:\/\/schema.org","@graph":[{"@type":"WebPage","@id":"https:\/\/www.easymarket.travel\/it\/chi-siamo\/","url":"https:\/\/www.easymarket.travel\/it\/chi-siamo\/","name":"Chi siamo | Easy Market | IT","isPartOf":{"@id":"https:\/\/www.easymarket.travel\/it\/#website"},"datePublished":"2014-10-21T15:00:10+00:00","dateModified":"2024-10-08T08:21:06+00:00","description":"Easy Market: azienda giovane e dinamica che mettere a disposizione delle Agenzie di Viaggio prodotti e servizi turistici di qualit\u00e0","breadcrumb":{"@id":"https:\/\/www.easymarket.travel\/it\/chi-siamo\/#breadcrumb"},"inLanguage":"it-IT","potentialAction":[{"@type":"ReadAction","target":["https:\/\/www.easymarket.travel\/it\/chi-siamo\/"]}]},{"@type":"BreadcrumbList","@id":"https:\/\/www.easymarket.travel\/it\/chi-siamo\/#breadcrumb","itemListElement":[{"@type":"ListItem","position":1,"name":"Home","item":"https:\/\/www.easymarket.travel\/it\/"},{"@type":"ListItem","position":2,"name":"Chi siamo"}]},{"@type":"WebSite","@id":"https:\/\/www.easymarket.travel\/it\/#website","url":"https:\/\/www.easymarket.travel\/it\/","name":"Easy Market | IT","description":"Sistema di prenotazione per Agenzie Viaggi","publisher":{"@id":"https:\/\/www.easymarket.travel\/it\/#organization"},"potentialAction":[{"@type":"SearchAction","target":{"@type":"EntryPoint","urlTemplate":"https:\/\/www.easymarket.travel\/it\/?s={search_term_string}"},"query-input":"required name=search_term_string"}],"inLanguage":"it-IT"},{"@type":"Organization","@id":"https:\/\/www.easymarket.travel\/it\/#organization","name":"Easy Market Travel Solutions","url":"https:\/\/www.easymarket.travel\/it\/","logo":{"@type":"ImageObject","inLanguage":"it-IT","@id":"https:\/\/www.easymarket.travel\/it\/#\/schema\/logo\/image\/","url":"https:\/\/www.easymarket.travel\/it\/wp-content\/uploads\/sites\/2\/2017\/11\/em-logo.png","contentUrl":"https:\/\/www.easymarket.travel\/it\/wp-content\/uploads\/sites\/2\/2017\/11\/em-logo.png","width":280,"height":65,"caption":"Easy Market Travel Solutions"},"image":{"@id":"https:\/\/www.easymarket.travel\/it\/#\/schema\/logo\/image\/"},"sameAs":["https:\/\/www.facebook.com\/EasyMarketTravel","https:\/\/twitter.com\/easymarketspa","https:\/\/it.linkedin.com\/company\/easy-market-s-p-a-","https:\/\/www.youtube.com\/channel\/UCo41Eg2yO4vAQDiYoICfn9w"]}]}},"_links":{"self":[{"href":"https:\/\/www.easymarket.travel\/it\/wp-json\/wp\/v2\/pages\/60"}],"collection":[{"href":"https:\/\/www.easymarket.travel\/it\/wp-json\/wp\/v2\/pages"}],"about":[{"href":"https:\/\/www.easymarket.travel\/it\/wp-json\/wp\/v2\/types\/page"}],"author":[{"embeddable":true,"href":"https:\/\/www.easymarket.travel\/it\/wp-json\/wp\/v2\/users\/10"}],"replies":[{"embeddable":true,"href":"https:\/\/www.easymarket.travel\/it\/wp-json\/wp\/v2\/comments?post=60"}],"version-history":[{"count":167,"href":"https:\/\/www.easymarket.travel\/it\/wp-json\/wp\/v2\/pages\/60\/revisions"}],"predecessor-version":[{"id":17003,"href":"https:\/\/www.easymarket.travel\/it\/wp-json\/wp\/v2\/pages\/60\/revisions\/17003"}],"wp:attachment":[{"href":"https:\/\/www.easymarket.travel\/it\/wp-json\/wp\/v2\/media?parent=60"}],"curies":[{"name":"wp","href":"https:\/\/api.w.org\/{rel}","templated":true}]}}