{"id":16712,"date":"2024-05-22T09:41:09","date_gmt":"2024-05-22T09:41:09","guid":{"rendered":"https:\/\/www.easymarket.travel\/it\/?page_id=16712"},"modified":"2024-06-27T07:17:45","modified_gmt":"2024-06-27T07:17:45","slug":"legal-notice","status":"publish","type":"page","link":"https:\/\/www.easymarket.travel\/it\/legal-notice\/","title":{"rendered":"Legal Notice"},"content":{"rendered":"<section class=\"wpb-content-wrapper\">[vc_row][vc_column css=&#8221;.vc_custom_1716370579036{margin-bottom: 20px !important;}&#8221;][vc_column_text css=&#8221;.vc_custom_1719410413615{margin-bottom: 40px !important;}&#8221; el_class=&#8221;box&#8221;]\n<h4>Le presenti Note Legali regolano l&#8217;accesso, la navigazione e l&#8217;utilizzo del sito web sito in <strong>https:\/\/www.easymarket.travel<\/strong> (&#8220;Sito&#8221;), e mediante le quali La informiamo dei Suoi diritti e obblighi in relazione ai contenuti mostrati su di esso, ai loghi e ai marchi utilizzati, nonch\u00e9 le responsabilit\u00e0 che possono derivare dal suo uso.<\/h4>\n<h4 class=\"mini-title\">Contenuto e utilizzo del sito web di Easy Market:<\/h4>\n<h4>I termini di prenotazione e acquisto dei prodotti e dei servizi disponibili sul sito web di <strong>Easy Market<\/strong> sono disciplinati dai termini e dalle condizioni del contratto con i fornitori dei prodotti e dei servizi. Per finalizzare la prenotazione\/acquisto, ogni utente deve riconoscere e accettare le presenti Condizioni Generali. La raccolta, il trattamento e qualsiasi altra operazione in relazione ai dati raccolti in relazione all&#8217;acquisto sono conformi all&#8217;Informativa sulla privacy e alle Condizioni generali.<br \/>\nL&#8217;Utente si impegna a utilizzare Easy Market, Easy Market strumenti e servizi esclusivamente per scopi legali, in conformit\u00e0 con le Condizioni Generali e le condizioni contrattuali che regolano la fornitura di servizi.<\/h4>\n<h4 class=\"mini-title\">Link esterni:<\/h4>\n<h4>Easy Market fornisce collegamenti ipertestuali a siti Web di partner commerciali di <strong>Easy Market<\/strong> o siti Web di terzi. La divulgazione di collegamenti ipertestuali sul sito Web di Easy Market ha lo scopo di fornire informazioni e supportare la navigazione degli utenti. La divulgazione dei collegamenti ipertestuali non deve essere intesa come approvazione o approvazione del loro contenuto. <strong>Easy Market<\/strong> non \u00e8 responsabile dell&#8217;accuratezza del contenuto e delle informazioni contenute nei collegamenti ipertestuali n\u00e9 costituisce un&#8217;approvazione. <strong>Easy Market<\/strong> non \u00e8 responsabile dei contenuti e delle informazioni dei collegamenti ipertestuali, n\u00e9 dei servizi e\/o dei prodotti offerti. Easy Market non \u00e8 responsabile e non garantisce che le informazioni fornite nei collegamenti ipertestuali siano corrette, accurate e aggiornate. Salvo diversa indicazione, la divulgazione sul sito web di <strong>Easy Market<\/strong> di collegamenti ipertestuali ad altre fonti internet di informazioni non costituisce alcuna associazione commerciale e\/o partnership tra Easy Market e gli operatori dei siti web collegati. Easy Market non \u00e8 responsabile degli obblighi assunti dai fornitori dei prodotti e dei servizi. <strong>Easy Market<\/strong> \u00e8 un intermediario nella fornitura di prodotti e servizi ed \u00e8 responsabile esclusivamente degli obblighi derivanti da Easy Market che agisce in quanto tale e comunque nei limiti previsti dalla legge ai sensi del Decreto Legislativo n. 62\/2018 che recepisce la Direttiva (UE) 2015\/2302.<br \/>\n<strong>Easy Market<\/strong> adotta reti sicure e implementa qualsiasi misura di sicurezza contro danni, abuso, alterazione dei dati degli utenti. Solo il personale autorizzato ha accesso ai dati personali. Ad esempio, i dipendenti di Easy Market, che sono autorizzati ad accedere ai dati personali, devono attenersi a regole rigorose.<\/h4>\n<h4 class=\"mini-title\">Copyright:<\/h4>\n<h4>Il sito non pu\u00f2 essere modificato, copiato, riprodotto, distribuito, visualizzato, venduto o, pi\u00f9 in generale, sfruttato per scopi commerciali.<br \/>\n\u00c8 inoltre vietato qualsiasi uso illegale o vietato di questo sito web.<\/h4>\n<h4 class=\"mini-title\">Altro:<\/h4>\n<h4>Nessuna prenotazione, pagamento o altra attivit\u00e0 per Cuba-bound Travel Services pu\u00f2 essere facilitata, organizzata o condotta da o attraverso qualsiasi persona o entit\u00e0 residente negli Stati Uniti a meno che non sia autorizzata dalle leggi sulle sanzioni degli Stati Uniti.<br \/>\nL&#8217;agente di viaggio che acquista tramite <strong>EM Revolution<\/strong> riconosce che i viaggi a Cuba da parte di cittadini e residenti degli Stati Uniti sono soggetti alle leggi degli Stati Uniti relative all&#8217;embargo su Cuba e quindi richiede una licenza del governo degli Stati Uniti. Nessun rimborso o risarcimento sar\u00e0 effettuato in connessione con eventuali accordi di viaggio effettuati da cittadini o residenti degli Stati Uniti senza le licenze richieste. Le parti dichiarano che rispetteranno tutte le leggi indiane applicabili e i requisiti della Foreign Exchange Management Act, 1999, compresa la raccolta di dati PAN di tutti i clienti indiani che avrebbero utilizzato strutture alberghiere all&#8217;estero e le cui transazioni sono soggette a segnalazione ai sensi del regime di rimessa liberalizzata.<br \/>\n<strong>Easy Market<\/strong> pu\u00f2 modificare queste condizioni in qualsiasi momento.<\/h4>\n[\/vc_column_text][\/vc_column][\/vc_row][vc_row][vc_column][vc_raw_html css=&#8221;.vc_custom_1719472664854{margin-bottom: 40px !important;}&#8221;]JTNDdGFibGUlMjBjbGFzcyUzRCUyMnRhYmxlJTIwdGFibGUtYm9yZGVyZWQlMjBpbmZvdGFiJTIyJTNFJTBBJTA5JTNDdGhlYWQlM0UlMEElMDklMDklM0N0ciUzRSUwQSUwOSUwOSUwOSUzQ3RkJTNFJTNDc3Ryb25nJTIwY2xhc3MlM0QlMjJzcGF6aW8lMjIlM0VTRURFJTNDJTJGc3Ryb25nJTNFJTNDJTJGdGQlM0UlMEElMDklMDklMDklM0N0ZCUzRSUzQ3N0cm9uZyUzRUZPUk1BJTIwR0lVUklESUNBJTNDJTJGc3Ryb25nJTNFJTNDJTJGdGQlM0UlMEElMDklMDklMDklM0N0ZCUzRSUzQ3N0cm9uZyUzRUlORk9STUFaSU9OSSUzQyUyRnN0cm9uZyUzRSUzQyUyRnRkJTNFJTBBJTA5JTA5JTA5JTNDdGQlM0UlM0NzdHJvbmclM0VEQVRJJTIwU09DSUVUQVJJJTNDJTJGc3Ryb25nJTNFJTNDJTJGdGQlM0UlMEElMDklMDklM0MlMkZ0ciUzRSUwQSUwOSUzQyUyRnRoZWFkJTNFJTBBJTA5JTNDdGJvZHklM0UlMEElMDklMDklM0N0ciUzRSUwQSUwOSUwOSUwOSUzQ3RkJTIwY2xhc3MlM0QlMjJjZW50ZXIlMjIlM0VJVEFMSUElM0MlMkZ0ZCUzRSUwQSUwOSUwOSUwOSUzQ3RkJTIwY2xhc3MlM0QlMjJjZW50ZXIlMjIlM0VFQVNZJTIwTUFSS0VUJTIwU1BBJTNBJTNDJTJGdGQlM0UlMEElMDklMDklMDklM0N0ZCUyMGNsYXNzJTNEJTIybGVmdCUyMiUzRVNvY2lldCVDMyVBMCUyMFVuaXBlcnNvbmFsZSUyMGNvbiUyMHNlZGUlMjBsZWdhbGUlMjBpbiUyMFN0cmFkYSUyMFN0YXRhbGUlMjBDb25zb2xhcmUlMjA1MSUyRkMlMkMlMjA0NzkyNCUyMFJpbWluaSUyMCUyOFJOJTI5JTJDJTIwSVRBTFklMjBDb2RpY2UlMjBGaXNjYWxlJTJDJTIwUGFydGl0YSUyMEl2YSUyMGUlMjBOdW1lcm8lMjBJc2NyaXppb25lJTIwJTBBJTA5JTA5JTA5UmVnaXN0cm8lMjBJbXByZXNlJTIwZGklMjBSaW1pbmklMjAwMzEwOTM0MDQwMCUyQyUyMFJFQSUyMFJOLSUyMDI3ODM5NSUyQyUyMENhcGl0YWxlJTIwU29jaWFsZSUyMEV1cm8lMjAxLjQ0MC4wMDAlMjBpLnYuJTJDJTIwaW4lMjBwZXJzb25hJTIwZGVsJTIwbGVnYWxlJTIwcmFwcHJlc2VudGFudGUlMkMlMEElMDklMDklMDlTb2NpZXQlQzMlQTAlMjBzb2dnZXR0YSUyMGElMjBkaXJlemlvbmUlMjBlJTIwY29vcmRpbmFtZW50byUyMGRpJTIwSEJHJTIwTGltaXRlZCUyQyUyMDExLTE1JTIwU2VhdG9uJTIwUGxhY2UlMkMlMjBTdCUyMEhlbGllciUyQyUyMEplcnNleSUyMEpFNCUyMDBRSCUyQyUyMENvbXBhbnklMjBuJUMyJUJBJTIwMTIxMzkyJTIwJTNDYnIlMkYlM0UlMEElMDklMDklMDklM0NhJTIwaHJlZiUzRCUyMiUyRml0JTJGdGVybWluaS1jb25kaXppb25pJTJGJTIyJTIwdGFyZ2V0JTNEJTIyX2JsYW5rJTIyJTNFVGVybWluaSUyMGUlMjBDb25kaXppb25pJTNDJTJGYSUzRSUyMCUyMCUzQ2JyJTNFJTBBJTA5JTA5JTA5JTNDYSUyMGhyZWYlM0QlMjJodHRwcyUzQSUyRiUyRnd3dy5lYXN5bWFya2V0LnRyYXZlbCUyRmVuJTJGcHJpdmFjeS1wb2xpY3klMkYlMjIlMjB0YXJnZXQlM0QlMjJfYmxhbmslMjIlM0VQcml2YWN5JTIwJTIwUG9saWN5JTNDJTJGYSUzRSUzQ2JyJTNFJTBBJTA5JTA5JTIwJTIwJTIwJTIwJTNDYSUyMGhyZWYlM0QlMjJodHRwcyUzQSUyRiUyRnd3dy5lYXN5bWFya2V0LnRyYXZlbCUyRmNvb2tpZSUyRiUyMiUyMHRhcmdldCUzRCUyMl9ibGFuayUyMiUzRSUyMENvb2tpZSUyMFBvbGljeSUzQyUyRmElM0UlM0MlMkZ0ZCUzRSUwQSUwOSUwOSUwOSUzQ3RkJTIwY2xhc3MlM0QlMjJsZWZ0JTIyJTNFRm9ybWElMjBHaXVyaWRpY2ElM0ElMjAlMjAlMjBTb2NpZXQlQzMlQTAlMjBwZXIlMjBhemlvbmklMjBjb24lMjBzb2NpbyUyMHVuaWNvJTIwJTIwTGljZW56YSUyMGRpJTIwQWdlbnppYSUzQW4uNTAlMjAlMjAxNCUyRjA1JTJGMjAxMyUyMCUyMCUyMENhcGl0YWxlJTIwU29jaWFsZSUyMHZlcnNhdG8lM0ElMjAxLjQ0MC4wMDAlMkMwMCUyMCUyMCUyMCUyMCUwQVNlZGUlM0ElMjBTUyUyMENvbnNvbGFyZSUyMDUxJTJGYyUyMFBvc3RhbCUyMGNvZGUlM0E0NzkyNCUyMCUyMCUyMENpdHQlQzMlQTAlMjAlM0ElMjBSaW1pbmklMjAlMjAlMjBDb2RpY2UlMjBQb3N0YWxlJTNBJTIwNDc5MjQlMjAlMjAlMjBQcm92aW5jaWElM0ElMjBSTiUyMCUyMFJhZ2lvbmUlMjBTb2NpYWxlJTNBJTIwRWFzeSUyME1hcmtldCUyMFNwYSUyMCUyMCUyMCUyMFBhcnRpdGElMjBJVkElMjAlM0ElMjAwMzEwOTM0MDQwMCUyMCUyMCUyMCUyMENvZGljZSUyMEZpc2NhbGVyJTNBJTIwMDMxMDkzNDA0MDAlMEFUZWxlZm9ubyUzQSUyMCUyMCUyQjM5JTIwMDU0MSUyMDE2MSUyMDAyMDAlM0NiciUzRSUyMCUyMEVtYWlsJTIwJTNBJTIwJTNDYSUyMGhyZWYlM0QlMjJtYWlsdG8lM0FhbW1pbmlzdHJhemlvbmUlNDBlYXN5bWFya2V0LnRyYXZlbCUyMiUyMHRhcmdldCUzRCUyMl9ibGFuayUyMiUzRWFtbWluaXN0cmF6aW9uZSU0MGVhc3ltYXJrZXQudHJhdmVsJTNDJTJGYSUzRSUyMCUzQ2JyJTNFcGVjJTNBJTIwJTNDYSUyMGhyZWYlM0QlMjJtYWlsdG8lM0FhbW1pbmlzdHJhemlvbmUlNDBwZWMuZWFzeW1hcmtldGNycy5pdCUyMiUyMHRhcmdldCUzRCUyMl9ibGFuayUyMiUzRWFtbWluaXN0cmF6aW9uZSU0MHBlYy5lYXN5bWFya2V0Y3JzLml0JTNDJTJGYSUzRSUzQ2JyJTNFJTIwTGljZW56YSUyMElBVEElM0ElMjAzODI0OTc3JTIwJTIwJTIwJTIwJTIwJTIwTnVtZXJvJTIwZGklMjBpc2NyaXppb25lJTIwUkVBJTIwJTNBUk4tMjc4Mzk1JTIwJTIwJTIwJTIwJTIwJTIwQ29kaWNlJTIwVW5pdm9jbyUzQSUyMENNQkFSOTclMjAlM0MlMkZ0ZCUzRSUwQSUzQyUyRnRyJTNFJTBBJTNDJTJGdGFibGUlM0UlMEElMEE=[\/vc_raw_html][\/vc_column][\/vc_row][vc_row][vc_column][\/vc_column][\/vc_row]\n<\/section>","protected":false},"excerpt":{"rendered":"<p>[vc_row][vc_column css=&#8221;.vc_custom_1716370579036{margin-bottom: 20px !important;}&#8221;][vc_column_text css=&#8221;.vc_custom_1719410413615{margin-bottom: 40px !important;}&#8221; el_class=&#8221;box&#8221;] Le presenti Note Legali regolano l&#8217;accesso, la navigazione e l&#8217;utilizzo del sito web sito in https:\/\/www.easymarket.travel (&#8220;Sito&#8221;), e mediante le quali La informiamo dei Suoi diritti e obblighi in relazione ai contenuti mostrati su di esso, ai loghi e ai marchi utilizzati, nonch\u00e9 le responsabilit\u00e0 che possono derivare dal suo uso. Contenuto e utilizzo del sito web di Easy Market: I termini di prenotazione e acquisto dei prodotti e dei servizi disponibili sul sito web di Easy Market sono disciplinati dai termini e dalle condizioni del contratto con i fornitori dei prodotti&#8230;<\/p>\n","protected":false},"author":14,"featured_media":0,"parent":0,"menu_order":0,"comment_status":"closed","ping_status":"closed","template":"","meta":[],"acf":[],"yoast_head":"<!-- This site is optimized with the Yoast SEO plugin v21.8 - https:\/\/yoast.com\/wordpress\/plugins\/seo\/ -->\n<title>Legal Notice | Easy Market | IT<\/title>\n<meta name=\"robots\" content=\"index, follow, max-snippet:-1, max-image-preview:large, max-video-preview:-1\" \/>\n<link rel=\"canonical\" href=\"https:\/\/www.easymarket.travel\/it\/legal-notice\/\" \/>\n<meta property=\"og:locale\" content=\"it_IT\" \/>\n<meta property=\"og:type\" content=\"article\" \/>\n<meta property=\"og:title\" content=\"Legal Notice | Easy Market | IT\" \/>\n<meta property=\"og:description\" content=\"[vc_row][vc_column css=&#8221;.vc_custom_1716370579036{margin-bottom: 20px !important;}&#8221;][vc_column_text css=&#8221;.vc_custom_1719410413615{margin-bottom: 40px !important;}&#8221; el_class=&#8221;box&#8221;] Le presenti Note Legali regolano l&#8217;accesso, la navigazione e l&#8217;utilizzo del sito web sito in https:\/\/www.easymarket.travel (&#8220;Sito&#8221;), e mediante le quali La informiamo dei Suoi diritti e obblighi in relazione ai contenuti mostrati su di esso, ai loghi e ai marchi utilizzati, nonch\u00e9 le responsabilit\u00e0 che possono derivare dal suo uso. Contenuto e utilizzo del sito web di Easy Market: I termini di prenotazione e acquisto dei prodotti e dei servizi disponibili sul sito web di Easy Market sono disciplinati dai termini e dalle condizioni del contratto con i fornitori dei prodotti...\" \/>\n<meta property=\"og:url\" content=\"https:\/\/www.easymarket.travel\/it\/legal-notice\/\" \/>\n<meta property=\"og:site_name\" content=\"Easy Market | IT\" \/>\n<meta property=\"article:publisher\" content=\"https:\/\/www.facebook.com\/EasyMarketTravel\" \/>\n<meta property=\"article:modified_time\" content=\"2024-06-27T07:17:45+00:00\" \/>\n<meta name=\"twitter:card\" content=\"summary_large_image\" \/>\n<meta name=\"twitter:site\" content=\"@easymarketspa\" \/>\n<meta name=\"twitter:label1\" content=\"Tempo di lettura stimato\" \/>\n\t<meta name=\"twitter:data1\" content=\"5 minuti\" \/>\n<script type=\"application\/ld+json\" class=\"yoast-schema-graph\">{\"@context\":\"https:\/\/schema.org\",\"@graph\":[{\"@type\":\"WebPage\",\"@id\":\"https:\/\/www.easymarket.travel\/it\/legal-notice\/\",\"url\":\"https:\/\/www.easymarket.travel\/it\/legal-notice\/\",\"name\":\"Legal Notice | Easy Market | IT\",\"isPartOf\":{\"@id\":\"https:\/\/www.easymarket.travel\/it\/#website\"},\"datePublished\":\"2024-05-22T09:41:09+00:00\",\"dateModified\":\"2024-06-27T07:17:45+00:00\",\"breadcrumb\":{\"@id\":\"https:\/\/www.easymarket.travel\/it\/legal-notice\/#breadcrumb\"},\"inLanguage\":\"it-IT\",\"potentialAction\":[{\"@type\":\"ReadAction\",\"target\":[\"https:\/\/www.easymarket.travel\/it\/legal-notice\/\"]}]},{\"@type\":\"BreadcrumbList\",\"@id\":\"https:\/\/www.easymarket.travel\/it\/legal-notice\/#breadcrumb\",\"itemListElement\":[{\"@type\":\"ListItem\",\"position\":1,\"name\":\"Home\",\"item\":\"https:\/\/www.easymarket.travel\/it\/\"},{\"@type\":\"ListItem\",\"position\":2,\"name\":\"Legal Notice\"}]},{\"@type\":\"WebSite\",\"@id\":\"https:\/\/www.easymarket.travel\/it\/#website\",\"url\":\"https:\/\/www.easymarket.travel\/it\/\",\"name\":\"Easy Market | IT\",\"description\":\"Sistema di prenotazione per Agenzie Viaggi\",\"publisher\":{\"@id\":\"https:\/\/www.easymarket.travel\/it\/#organization\"},\"potentialAction\":[{\"@type\":\"SearchAction\",\"target\":{\"@type\":\"EntryPoint\",\"urlTemplate\":\"https:\/\/www.easymarket.travel\/it\/?s={search_term_string}\"},\"query-input\":\"required name=search_term_string\"}],\"inLanguage\":\"it-IT\"},{\"@type\":\"Organization\",\"@id\":\"https:\/\/www.easymarket.travel\/it\/#organization\",\"name\":\"Easy Market Travel Solutions\",\"url\":\"https:\/\/www.easymarket.travel\/it\/\",\"logo\":{\"@type\":\"ImageObject\",\"inLanguage\":\"it-IT\",\"@id\":\"https:\/\/www.easymarket.travel\/it\/#\/schema\/logo\/image\/\",\"url\":\"https:\/\/www.easymarket.travel\/it\/wp-content\/uploads\/sites\/2\/2017\/11\/em-logo.png\",\"contentUrl\":\"https:\/\/www.easymarket.travel\/it\/wp-content\/uploads\/sites\/2\/2017\/11\/em-logo.png\",\"width\":280,\"height\":65,\"caption\":\"Easy Market Travel Solutions\"},\"image\":{\"@id\":\"https:\/\/www.easymarket.travel\/it\/#\/schema\/logo\/image\/\"},\"sameAs\":[\"https:\/\/www.facebook.com\/EasyMarketTravel\",\"https:\/\/twitter.com\/easymarketspa\",\"https:\/\/it.linkedin.com\/company\/easy-market-s-p-a-\",\"https:\/\/www.youtube.com\/channel\/UCo41Eg2yO4vAQDiYoICfn9w\"]}]}<\/script>\n<!-- \/ Yoast SEO plugin. -->","yoast_head_json":{"title":"Legal Notice | Easy Market | IT","robots":{"index":"index","follow":"follow","max-snippet":"max-snippet:-1","max-image-preview":"max-image-preview:large","max-video-preview":"max-video-preview:-1"},"canonical":"https:\/\/www.easymarket.travel\/it\/legal-notice\/","og_locale":"it_IT","og_type":"article","og_title":"Legal Notice | Easy Market | IT","og_description":"[vc_row][vc_column css=&#8221;.vc_custom_1716370579036{margin-bottom: 20px !important;}&#8221;][vc_column_text css=&#8221;.vc_custom_1719410413615{margin-bottom: 40px !important;}&#8221; el_class=&#8221;box&#8221;] Le presenti Note Legali regolano l&#8217;accesso, la navigazione e l&#8217;utilizzo del sito web sito in https:\/\/www.easymarket.travel (&#8220;Sito&#8221;), e mediante le quali La informiamo dei Suoi diritti e obblighi in relazione ai contenuti mostrati su di esso, ai loghi e ai marchi utilizzati, nonch\u00e9 le responsabilit\u00e0 che possono derivare dal suo uso. Contenuto e utilizzo del sito web di Easy Market: I termini di prenotazione e acquisto dei prodotti e dei servizi disponibili sul sito web di Easy Market sono disciplinati dai termini e dalle condizioni del contratto con i fornitori dei prodotti...","og_url":"https:\/\/www.easymarket.travel\/it\/legal-notice\/","og_site_name":"Easy Market | IT","article_publisher":"https:\/\/www.facebook.com\/EasyMarketTravel","article_modified_time":"2024-06-27T07:17:45+00:00","twitter_card":"summary_large_image","twitter_site":"@easymarketspa","twitter_misc":{"Tempo di lettura stimato":"5 minuti"},"schema":{"@context":"https:\/\/schema.org","@graph":[{"@type":"WebPage","@id":"https:\/\/www.easymarket.travel\/it\/legal-notice\/","url":"https:\/\/www.easymarket.travel\/it\/legal-notice\/","name":"Legal Notice | Easy Market | IT","isPartOf":{"@id":"https:\/\/www.easymarket.travel\/it\/#website"},"datePublished":"2024-05-22T09:41:09+00:00","dateModified":"2024-06-27T07:17:45+00:00","breadcrumb":{"@id":"https:\/\/www.easymarket.travel\/it\/legal-notice\/#breadcrumb"},"inLanguage":"it-IT","potentialAction":[{"@type":"ReadAction","target":["https:\/\/www.easymarket.travel\/it\/legal-notice\/"]}]},{"@type":"BreadcrumbList","@id":"https:\/\/www.easymarket.travel\/it\/legal-notice\/#breadcrumb","itemListElement":[{"@type":"ListItem","position":1,"name":"Home","item":"https:\/\/www.easymarket.travel\/it\/"},{"@type":"ListItem","position":2,"name":"Legal Notice"}]},{"@type":"WebSite","@id":"https:\/\/www.easymarket.travel\/it\/#website","url":"https:\/\/www.easymarket.travel\/it\/","name":"Easy Market | IT","description":"Sistema di prenotazione per Agenzie Viaggi","publisher":{"@id":"https:\/\/www.easymarket.travel\/it\/#organization"},"potentialAction":[{"@type":"SearchAction","target":{"@type":"EntryPoint","urlTemplate":"https:\/\/www.easymarket.travel\/it\/?s={search_term_string}"},"query-input":"required name=search_term_string"}],"inLanguage":"it-IT"},{"@type":"Organization","@id":"https:\/\/www.easymarket.travel\/it\/#organization","name":"Easy Market Travel Solutions","url":"https:\/\/www.easymarket.travel\/it\/","logo":{"@type":"ImageObject","inLanguage":"it-IT","@id":"https:\/\/www.easymarket.travel\/it\/#\/schema\/logo\/image\/","url":"https:\/\/www.easymarket.travel\/it\/wp-content\/uploads\/sites\/2\/2017\/11\/em-logo.png","contentUrl":"https:\/\/www.easymarket.travel\/it\/wp-content\/uploads\/sites\/2\/2017\/11\/em-logo.png","width":280,"height":65,"caption":"Easy Market Travel Solutions"},"image":{"@id":"https:\/\/www.easymarket.travel\/it\/#\/schema\/logo\/image\/"},"sameAs":["https:\/\/www.facebook.com\/EasyMarketTravel","https:\/\/twitter.com\/easymarketspa","https:\/\/it.linkedin.com\/company\/easy-market-s-p-a-","https:\/\/www.youtube.com\/channel\/UCo41Eg2yO4vAQDiYoICfn9w"]}]}},"_links":{"self":[{"href":"https:\/\/www.easymarket.travel\/it\/wp-json\/wp\/v2\/pages\/16712"}],"collection":[{"href":"https:\/\/www.easymarket.travel\/it\/wp-json\/wp\/v2\/pages"}],"about":[{"href":"https:\/\/www.easymarket.travel\/it\/wp-json\/wp\/v2\/types\/page"}],"author":[{"embeddable":true,"href":"https:\/\/www.easymarket.travel\/it\/wp-json\/wp\/v2\/users\/14"}],"replies":[{"embeddable":true,"href":"https:\/\/www.easymarket.travel\/it\/wp-json\/wp\/v2\/comments?post=16712"}],"version-history":[{"count":28,"href":"https:\/\/www.easymarket.travel\/it\/wp-json\/wp\/v2\/pages\/16712\/revisions"}],"predecessor-version":[{"id":16843,"href":"https:\/\/www.easymarket.travel\/it\/wp-json\/wp\/v2\/pages\/16712\/revisions\/16843"}],"wp:attachment":[{"href":"https:\/\/www.easymarket.travel\/it\/wp-json\/wp\/v2\/media?parent=16712"}],"curies":[{"name":"wp","href":"https:\/\/api.w.org\/{rel}","templated":true}]}}