{"id":550,"date":"2024-06-18T14:02:52","date_gmt":"2024-06-18T14:02:52","guid":{"rendered":"https:\/\/www.easymarket.travel\/es\/?page_id=550"},"modified":"2024-06-18T14:02:52","modified_gmt":"2024-06-18T14:02:52","slug":"informacion-privacidad","status":"publish","type":"page","link":"https:\/\/www.easymarket.travel\/es\/informacion-privacidad\/","title":{"rendered":"Informaci\u00f3n sobre Privacidad"},"content":{"rendered":"<section class=\"wpb-content-wrapper\">[vc_row][vc_column]<div class=\"mkd-section-title-holder\">\n\t<h2 class=\"mkd-section-title mkd-section-title-medium\" >\n\t<span>\n\t\tNota informativa \u2013 Art. 13 Reglamento UE 2016\/679 (\u201cReglamento RGPD\u201d)\t<\/span>\n<\/h2>\n<\/div>[vc_column_text]\n<h3 class=\"title-doc\"><i class=\"fa fa-file-text\" aria-hidden=\"true\"><\/i> Informaci\u00f3n sobre Privacidad y Pol\u00edtica de Cookies<\/h3>\n<h2 class=\"green\">Nota informativa del sitio web easymarket.travel y revolution.travel<\/h2>\n<h4 class=\"turk\"><strong>PREMISA<\/strong><\/h4>\n<p><strong>\u00bfQu\u00e9 es este documento? <\/strong> Es una nota informativa sobre la protecci\u00f3n de datos personales relacionados con el sitio web www.easymarket.travel y www.revolution.travel<\/p>\n<p><strong>\u00bfA qui\u00e9n va dirigido este documento? <\/strong>Esta nota informativa est\u00e1 dirigida a todos los profesionales del turismo (agencias) que interact\u00faan con el sitio web.<\/p>\n<p><strong>\u00bfPor qu\u00e9 este documento?<\/strong> El RGPD (Reglamento UE 2016\/679), en su art\u00edculo 13, exige que usted (el interesado) sea informado sobre el procesamiento de datos personales y qui\u00e9n los tratar\u00e1, con el fin de garantizar que el tratamiento sea correcto y transparente. Por lo tanto, a continuaci\u00f3n ver\u00e1 claramente indicados:<\/p>\n<div class= \"mkd-ordered-list\" >\n<ol>\n<li>Qui\u00e9n procesar\u00e1 sus datos (Responsable y Delegados del tratamiento)<\/li>\n<li>Qu\u00e9 datos personales se procesar\u00e1n<\/li>\n<li><strong>le finalit\u00e0<\/strong> con cui saranno trattati i dati personali<\/li>\n<li>Durante cu\u00e1nto tiempo se procesar\u00e1n los datos<\/li>\n<li>Cu\u00e1les son sus derechos<\/li>\n<\/ol>\n<\/div>\n<p><strong>\u00bfA qu\u00e9 leyes se refiere este documento?<\/strong> La nota informativa se proporciona teniendo en cuenta la combinaci\u00f3n de disposiciones del:<br \/>\na) Reglamento Europeo de Protecci\u00f3n de Datos Personales (RGDP) UE 2016\/679<br \/>\nb) Decreto Legislativo 196\/2003 (C\u00f3digo de Privacidad), modificado por el Decreto Leg. 101\/2018 y modificaciones posteriores<\/p>\n<h4 class=\"turk\">NOTA INFORMATIVA<\/h4>\n<p>Easy Market spa realiza actividades de intermediaci\u00f3n y venta de servicios tur\u00edsticos a agencias de viajes (el interesado).<br \/>\nEl RGPD (Reglamento UE 2016\/679), en su art\u00edculo 13, exige que a usted (el interesado) se le informe de los datos personales que se procesan y qui\u00e9n los procesar\u00e1, con el fin de garantizar que el tratamiento es correcto<br \/>\ny transparente.<\/p>\n<h4 class=\"turk\"><strong> 1) RESPONSABLES DEL TRATAMIENTO<\/strong><\/h4>\n<p>La empresa Easy Market Spa (con sede en Strada Statale Consolare 51\/c 47924 RIMINI Italia, Inscripci\u00f3n en el Reg. de Empresas de Rimini, n\u00famero de identificaci\u00f3n fiscal y n\u00famero de IVA: 03109340400, tel\u00e9fono: 0541<br \/>\n161 0200 Fax: 0541 489908.<br \/>\nCorreo electr\u00f3nico de respuesta al interesado: <a href=\"mailto:dpo@easymarket.travel\" target=\"_blank\" rel=\"noopener noreferrer\">dpo@easymarket.travel<\/a> Correo eletr\u00f3nico certificado: <a href=\"mailto:legale@pec.easymarketcrs.it\" target=\"_blank\" rel=\"noopener noreferrer\">legale@pec.easymarketcrs.it<\/a><\/p>\n<h4 class=\"turk\"><strong>2) FINALIDAD, BASE JUR\u00cdDICA, NATURALEZA DEL TRATAMIENTO Y TIEMPOS DE CONSERVACI\u00d3N<\/strong><\/h4>\n<p>Sus datos personales se procesan para las siguientes finalidades:<br \/>\na. <span style=\"text-decoration: underline;\">Cumplimiento de obligaciones legales, reglamentarias, normativa secundaria:<\/span><\/p>\n<ul class=\"trattlist\">\n<li>La base jur\u00eddica de este tratamiento es la necesidad de cumplir una obligaci\u00f3n legal a la que est\u00e1 sujeto el Responsable del tratamiento;<\/li>\n<li>El per\u00edodo de conservaci\u00f3n de los datos tratados con este fin es la duraci\u00f3n contractual y, tras la rescisi\u00f3n, por otros 10 a\u00f1os y, en caso de litigio, por toda la duraci\u00f3n del mismo, hasta el agotamiento de los plazos de admisibilidad de las acciones de impugnaci\u00f3n;<\/li>\n<li>Facilitar los datos personales es obligatorio ya que existe una obligaci\u00f3n legal y cualquier negativa determinar\u00e1 la imposibilidad de llevar a cabo cualquier relaci\u00f3n contractual.<\/li>\n<\/ul>\n<p>b. <span style=\"text-decoration: underline;\">Gesti\u00f3n del servicio tur\u00edstico:<\/span><\/p>\n<ul class=\"trattlist\">\n<li>La base jur\u00eddica de este tratamiento es la necesidad de ejecutar un contrato en el que el interesado es parte o de realizar medidas precontractuales adoptadas a petici\u00f3n del interesado;<\/li>\n<li>El per\u00edodo de conservaci\u00f3n de los datos tratados con este fin es la duraci\u00f3n contractual y, tras la rescisi\u00f3n, por 5 a\u00f1os m\u00e1s;<\/li>\n<li>Facilitar los datos personales es obligatorio ya que existe una obligaci\u00f3n contractual y una posible negativa determinar\u00e1 la imposibilidad de llevar a cabo cualquier relaci\u00f3n contractual.<\/li>\n<\/ul>\n<p>c. <span style=\"text-decoration: underline;\">Env\u00edo de material informativo y promocional relacionado con las actividades del Responsable del tratamiento (boletines, ofertas,\u2026) similares a los servicios ya prestados anteriormente, estudios de mercado tambi\u00e9n de forma an\u00f3nima (encuestas y an\u00e1lisis de satisfacci\u00f3n de agencias de viajes,\u2026):<\/span><\/p>\n<ul class=\"trattlist\">\n<li>La base jur\u00eddica de este tratamiento es la persecuci\u00f3n del inter\u00e9s leg\u00edtimo del Responsable del tratamiento;<\/li>\n<li>El plazo de conservaci\u00f3n de los datos procesados con esta finalidad es hasta que el interesado solicite darse de baja del servicio de env\u00edo de comunicaciones promocionales o boletines.<\/li>\n<\/ul>\n<h4 class=\"turk\"><strong>3) DATOS PERSONALES PROCESADOS<\/strong><\/h4>\n<p>Por procesamiento de datos personales nos referimos a cualquier operaci\u00f3n o conjunto de operaciones, realizadas con o sin la ayuda de procesos automatizados, aplicadas a datos personales o conjuntos de datos personales, como la recogida, el registro, la organizaci\u00f3n, la estructuraci\u00f3n, el almacenamiento, la adaptaci\u00f3n o la modificaci\u00f3n, la extracci\u00f3n, la consulta, el uso, la comunicaci\u00f3n por transmisi\u00f3n, la difusi\u00f3n o cualquier otra forma de puesta a disposici\u00f3n, la comparaci\u00f3n o la interconexi\u00f3n, la limitaci\u00f3n, la supresi\u00f3n o la estrucci\u00f3n. Tambi\u00e9n podr\u00e1n solicitarse datos calificables, de conformidad con el art. 9 del RGPD, como \u201ccategor\u00edas particulares de datos personales\u201d y es decir, datos que revelen el origen racial o \u00e9tnico, opiniones pol\u00edticas, creencias religiosas o filos\u00f3ficas, o afiliaci\u00f3n sindical, datos elacionados con la salud o la vida sexual o la orientaci\u00f3n sexual de la persona. Estas categor\u00edas de datos podr\u00e1n ser tratadas por el Responsable del procesamiento, s\u00f3lo con consentimiento expl\u00edcito.<\/p>\n<p>Los datos personales tratados son los siguientes:<\/p>\n<ul class=\"albero\">\n<li><em>Datos para el acceso al \u00e1rea reservada<\/em><br \/>\nAl registrarse en el \u00e1rea reservada del portal, el Responsable del procesamiento trata los siguientes datos personales:<\/p>\n<ul class=\"trattlist\">\n<li>Datos personales de la agencia de viajes [nombre, apellidos (persona de contacto de la agencia), correo electr\u00f3nico, n\u00famero de identificaci\u00f3n fiscal, tel\u00e9fono fijo, tel\u00e9fono m\u00f3vil, direcci\u00f3n del domicilio social]<\/li>\n<li>Informaci\u00f3n personal del cliente final [nombre, apellidos, correo electr\u00f3nico, fecha de nacimiento, lugar de nacimiento, nacionalidad, NIF, sexo, tel\u00e9fono fijo, tel\u00e9fono m\u00f3vil, domicilio, residencia, datos del documento de identidad, discapacidad, patolog\u00edas, religi\u00f3n]<\/li>\n<\/ul>\n<\/li>\n<li><em>Datos para la suscripci\u00f3n al bolet\u00edn<\/em><br \/>\nLos datos personales tratados para la suscripci\u00f3n al bolet\u00edn son los siguientes: nombre, apellidos, correo electr\u00f3nico<\/li>\n<li>Datos de navegaci\u00f3n<br \/>\nLos sistemas inform\u00e1ticos y los procedimientos de software utilizados para el funcionamiento de este sitio adquieren, durante su funcionamiento normal, algunos datos personales cuya transmisi\u00f3n est\u00e1 impl\u00edcita en el uso de protocolos de comunicaci\u00f3n de Internet.<br \/>\nEsta categor\u00eda de datos incluye direcciones IP o nombres de dominio de ordenadores y terminales que utilizan los usuarios, las direcciones en notaci\u00f3n URI\/URL (Uniform Resource Identifier\/Locator) de los recursos solicitados, la hora de la solicitud, el m\u00e9todo utilizado para enviar la solicitud al servidor, el tama\u00f1o del archivo obtenido en respuesta, el c\u00f3digo num\u00e9rico que indica el estado de la respuesta dada por el servidor (\u00e9xito, error, etc.) y otros par\u00e1metros relacionados con el sistema operativo y el entorno inform\u00e1tico del usuario. Estos datos, necesarios para el uso de los servicios web, tambi\u00e9n son procesados para:<\/p>\n<ul>\n<li>Obtener informaci\u00f3n estad\u00edstica sobre el uso de los servicios (p\u00e1ginas m\u00e1s visitadas, n\u00famero de visitantes por franja horaria o diaria, zonas geogr\u00e1ficas de procedencia, etc.);<\/li>\n<li>Comprobar el correcto funcionamiento de los servicios ofrecidos. Los datos de navegaci\u00f3n no se conservan durante m\u00e1s de 365 d\u00edas y se eliminan inmediatamente despu\u00e9s de su agregaci\u00f3n (a excepci\u00f3n de cualquier necesidad de investigaci\u00f3n penal por parte de la autoridad judicial).<\/li>\n<\/ul>\n<\/li>\n<li><em>Datos comunicados por el usuario<\/em><br \/>\nEl env\u00edo facultativo, expl\u00edcito y voluntario de mensajes a las direcciones de contacto del Responsable del tratamiento, implica la adquisici\u00f3n de los datos de contacto del remitente, necesarios para responder, as\u00ed como todos los datos personales incluidos en las comunicaciones. El usuario puede registrarse en el portal para utilizar en el \u00e1rea reservada los servicios ofrecidos por el Responsable del tratamiento.<\/li>\n<li><em>Cookies y otros sistemas de trazabilidad<\/em><br \/>\nConsulte la nota informativa detallada disponible en los siguientes enlaces: <a href=\"https:\/\/www.easymarket.travel\/cookie\" target=\"_blank\" rel=\"noopener noreferrer\">www.easymarket.travel\/cookie<\/a> Y <a href=\"https:\/\/www.revolution.travel\/public\/cookie\" target=\"_blank\" rel=\"noopener noreferrer\">www.revolution.travel\/public\/cookie<\/a><\/li>\n<\/ul>\n<h4 class=\"turk\"><strong>4)DESTINATARIOS DE LOS DATOS PERSONALES<\/strong><\/h4>\n<p>Sus datos personales podr\u00e1n ser compartidos, para los fines anteriores, con:<\/p>\n<ul class=\"trattlist\">\n<li>Sujetos que normalmente act\u00faan como responsables del tratamiento, es decir, personas, empresas o profesionales que prestan asistencia y asesoramiento al Responsable del tratamiento en materia<br \/>\ncontable, administrativa, legal, fiscal, financiera y de cobro de deudas relacionadas con la prestaci\u00f3n de servicios;<\/li>\n<li>Sujetos con quienes es necesario interactuar para la prestaci\u00f3n de servicios;<\/li>\n<li>Sujetos, organismos o autoridades a quienes es obligatorio comunicar sus datos personales de conformidad con las disposiciones de ley u \u00f3rdenes de las autoridades;<\/li>\n<li>Personal expresamente autorizado por el Responsable del tratamiento, necesario para realizar actividades estrictamente relacionadas con la prestaci\u00f3n de servicios, que se haya comprometido a mantener la confidencialidad o tenga una obligaci\u00f3n legal adecuada de confidencialidad y haya recibido instrucciones operativas adecuadas;<\/li>\n<\/ul>\n<p>La lista completa de responsables del tratamiento est\u00e1 disponible enviando una solicitud por escrito al Responsable del tratamiento.<\/p>\n<h4 class=\"turk\"><strong>5) TRANSFERENCIA DE DATOS PERSONALES<\/strong><\/h4>\n<p>Algunos de sus datos personales se comparten con destinatarios que pueden estar ubicados fuera de la Uni\u00f3n Europea. El Responsable del tratamiento garantiza que el tratamiento de sus datos personales por parte de estos destinatarios se lleva a cabo de conformidad con el RGPD. De hecho, las transferencias pueden basarse en una decisi\u00f3n de adecuaci\u00f3n o en Cl\u00e1usulas Contractuales Est\u00e1ndar aprobadas por la Comisi\u00f3n Europea.<br \/>\nPara m\u00e1s informaci\u00f3n, dir\u00edjase al Responsable del tratamiento.<\/p>\n<h4 class=\"turk\"><strong>6) EXISTENCIA DE UN PROCESO AUTOMATIZADO DE TOMA DE DECISIONES, QUE INCLUYE LA ELABORACI\u00d3N DE PERFILES<\/strong><\/h4>\n<p>El Responsable del tratamiento, con el fin de celebrar o ejecutar el contrato, adopta un proceso de toma de decisiones automatizada sobre el tratamiento de datos personales, incluida la elaboraci\u00f3n de perfiles, a que<br \/>\nse refiere el art\u00edculo 22 del RGPD encaminado a personalizar la lista de precios en funci\u00f3n del origen de la agencia de viajes.<\/p>\n<h4 class=\"turk\"><strong>7)DERECHOS DE LOS INTERESADOS<\/strong><\/h4>\n<p>Los interesados tienen derecho a obtener acceso a los datos del Responsable del tratamiento, en los casos previstos, el acceso a los datos personales y la rectificaci\u00f3n o cancelaci\u00f3n de los mismos o la limitaci\u00f3n del tratamiento que les concierne o de oponerse al tratamiento (art\u00edculos 15 y sucesivos del RGPD). La solicitud correspondiente al Responsable del tratamiento se presenta escribiendo al correo electr\u00f3nico designado para responder al interesado (<a href=\"mailto:dpo@easymarket.travel\" target=\"_blank\" rel=\"noopener\">dpo@easymarket.travel<\/a>).<\/p>\n<h4 class=\"turk\"><strong>8) DERECHO DE RECLAMACI\u00d3N<\/strong><\/h4>\n<p>Los interesados que consideren que el tratamiento de datos personales que les concierne se produce en violaci\u00f3n de lo dispuesto por el RGPD, tiene derecho a presentar una queja ante la Autoridad de Protecci\u00f3n<br \/>\nde Datos Personales (www.gpdp.it), seg\u00fan lo previsto por el art. 77 del propio RGPD, o emprender las acciones legales pertinentes (art. 79 del RGPD). Puede comunicarse con el Delegado de Protecci\u00f3n de Datos Personales (DPO) en la siguiente direcci\u00f3n de correo electr\u00f3nico: dpo@easymarket.travel .<\/p>\n<h4 class=\"turk\"><strong>9) MODIFICACIONES<\/strong><\/h4>\n<p>El Responsable se reserva el derecho de realizar cambios, en cualquier momento, a esta nota informativa.<br \/>\nLa versi\u00f3n actual est\u00e1 publicada en el siguiente enlace: https:\/\/www.easymarket.travel\/es\/terminos-y-condiciones\/<\/p>\n<hr class=\"clear\" \/>\n<p><a class=\"button3\" href=\"https:\/\/cdn.easymarketcrs.it\/statics\/shared\/download\/conditions\/informativa_esp.pdf\" target=\"_blank\" rel=\"noopener noreferrer\">Descarga el archivo pdf <i class=\"fa fa-file-pdf-o\" aria-hidden=\"true\"><\/i><\/a>[\/vc_column_text][vc_column_text el_class=&#8221;dark-gray display-none&#8221;]Gentile Utente,<br \/>\ndesideriamo informarLa, ai sensi dell&#8217;articolo 13 del decreto legislativo 196\/2003 recante disposizioni a tutela delle persone e di altri soggetti rispetto al trattamento dei dati personali, che i dati da Lei forniti verranno utilizzati nel rispetto dei principi di correttezza, liceit\u00e0, trasparenza e tutela della Sua riservatezza e dei Suoi diritti.<\/p>\n<p>I Suoi dati verranno trattati con strumenti informatici\/telematici per fornire i servizi di invio di newsletter nonch\u00e9 per elaborare studi e ricerche statistiche e di mercato.<br \/>\nIl trattamento dei Suoi dati avverr\u00e0 con modalit\u00e0 idonee a garantire la sicurezza e la riservatezza degli stessi.<\/p>\n<p>Si informa altres\u00ec che i dati da Lei forniti non verranno trasmessi n\u00e9 divulgati a soggetti terzi, privati o pubblici, se non in forma aggregata e anonima o in caso di provvedimento dell\u2019Autorit\u00e0 Giudiziaria.<\/p>\n<p>L&#8217;eventuale rifiuto di fornire i dati contrassegnati come obbligatori comporta la mancata esecuzione del servizio di invio di newsletter.<\/p>\n<p>Titolare del trattamento \u00e8 Easy Maret Spa.<br \/>\nL&#8217;elenco dettagliato dei soggetti nominati responsabili del trattamento Le sar\u00e0 fornito da Easy Maret Spa a seguito di Sua espressa richiesta.<\/p>\n<p>Le ricordiamo che in ogni momento potr\u00e0 esercitare i diritti di cui all&#8217;articolo 7, qui di seguito riportato integralmente, inviando un&#8217;e-mail all&#8217;indirizzo commerciale@easymarketcrs.it.<\/p>\n<div class= \"mkd-ordered-list\" >\n<ol>\n<li>L&#8217;interessato ha diritto di ottenere la conferma dell&#8217;esistenza o meno di dati personali che lo riguardano, anche se non ancora registrati, e la loro comunicazione in forma intelligibile.<\/li>\n<li>L&#8217;interessato ha diritto di ottenere l&#8217;indicazione:<br \/>\na) dell&#8217;origine dei dati personali;<br \/>\nb) delle finalit\u00e0 e modalit\u00e0 del trattamento;<br \/>\nc) della logica applicata in caso di trattamento effettuato con l&#8217;ausilio di strumenti elettronici;<br \/>\nd) degli estremi identificativi del titolare, dei responsabili e del rappresentante designato ai<br \/>\nsensi dell&#8217;articolo 5, comma 2;<br \/>\ne) dei soggetti o delle categorie di soggetti ai quali i dati personali possono essere comunicati o che possono venirne a conoscenza in qualit\u00e0 di rappresentante designato nel territorio dello Stato, di responsabili o incaricati.<\/li>\n<li>L&#8217;interessato ha diritto di ottenere:<br \/>\na) l&#8217;aggiornamento, la rettificazione ovvero, quando vi ha interesse, l&#8217;integrazione dei dati;<br \/>\nb) la cancellazione, la trasformazione in forma anonima o il blocco dei dati trattati in violazione di legge, compresi quelli di cui non \u00e8 necessaria la conservazione in relazione agli scopi per i quali i dati sono stati raccolti o successivamente trattati; c) l&#8217;attestazione che le operazioni di cui alle lettere a) e b) sono state portate a conoscenza, anche per quanto riguarda il loro contenuto, di coloro ai quali i dati sono stati comunicati o diffusi, eccettuato il caso in cui tale adempimento si rivela impossibile o comporta un impiego di mezzi manifestamente sproporzionato rispetto al diritto tutelato.<\/li>\n<li>L&#8217;interessato ha diritto di opporsi, in tutto o in parte:<br \/>\na) per motivi legittimi al trattamento dei dati personali che lo riguardano, ancorch\u00e9 pertinenti allo scopo della raccolta;<br \/>\nb) al trattamento di dati personali che lo riguardano a fini di invio di materiale pubblicitario o di vendita diretta o per il compimento di ricerche di mercato o di comunicazione.<\/li>\n<\/ol>\n<\/div>[\/vc_column_text][\/vc_column][\/vc_row]\n<\/section>","protected":false},"excerpt":{"rendered":"<p>[vc_row][vc_column][vc_column_text] Informaci\u00f3n sobre Privacidad y Pol\u00edtica de Cookies Nota informativa del sitio web easymarket.travel y revolution.travel PREMISA \u00bfQu\u00e9 es este documento? Es una nota informativa sobre la protecci\u00f3n de datos personales relacionados con el sitio web www.easymarket.travel y www.revolution.travel \u00bfA qui\u00e9n va dirigido este documento? Esta nota informativa est\u00e1 dirigida a todos los profesionales del turismo (agencias) que interact\u00faan con el sitio web. \u00bfPor qu\u00e9 este documento? El RGPD (Reglamento UE 2016\/679), en su art\u00edculo 13, exige que usted (el interesado) sea informado sobre el procesamiento de datos personales y qui\u00e9n los tratar\u00e1, con el fin de garantizar que el&#8230;<\/p>\n","protected":false},"author":14,"featured_media":0,"parent":0,"menu_order":0,"comment_status":"closed","ping_status":"closed","template":"","meta":[],"acf":[],"yoast_head":"<!-- This site is optimized with the Yoast SEO plugin v21.8 - https:\/\/yoast.com\/wordpress\/plugins\/seo\/ -->\n<title>Informaci\u00f3n sobre Privacidad - Easy Market | ES<\/title>\n<meta name=\"robots\" content=\"index, follow, max-snippet:-1, max-image-preview:large, max-video-preview:-1\" \/>\n<link rel=\"canonical\" href=\"https:\/\/www.easymarket.travel\/es\/informacion-privacidad\/\" \/>\n<meta property=\"og:locale\" content=\"en_US\" \/>\n<meta property=\"og:type\" content=\"article\" \/>\n<meta property=\"og:title\" content=\"Informaci\u00f3n sobre Privacidad - Easy Market | ES\" \/>\n<meta property=\"og:description\" content=\"[vc_row][vc_column][vc_column_text] Informaci\u00f3n sobre Privacidad y Pol\u00edtica de Cookies Nota informativa del sitio web easymarket.travel y revolution.travel PREMISA \u00bfQu\u00e9 es este documento? Es una nota informativa sobre la protecci\u00f3n de datos personales relacionados con el sitio web www.easymarket.travel y www.revolution.travel \u00bfA qui\u00e9n va dirigido este documento? Esta nota informativa est\u00e1 dirigida a todos los profesionales del turismo (agencias) que interact\u00faan con el sitio web. \u00bfPor qu\u00e9 este documento? El RGPD (Reglamento UE 2016\/679), en su art\u00edculo 13, exige que usted (el interesado) sea informado sobre el procesamiento de datos personales y qui\u00e9n los tratar\u00e1, con el fin de garantizar que el...\" \/>\n<meta property=\"og:url\" content=\"https:\/\/www.easymarket.travel\/es\/informacion-privacidad\/\" \/>\n<meta property=\"og:site_name\" content=\"Easy Market | ES\" \/>\n<meta name=\"twitter:label1\" content=\"Est. reading time\" \/>\n\t<meta name=\"twitter:data1\" content=\"10 minutes\" \/>\n<script type=\"application\/ld+json\" class=\"yoast-schema-graph\">{\"@context\":\"https:\/\/schema.org\",\"@graph\":[{\"@type\":\"WebPage\",\"@id\":\"https:\/\/www.easymarket.travel\/es\/informacion-privacidad\/\",\"url\":\"https:\/\/www.easymarket.travel\/es\/informacion-privacidad\/\",\"name\":\"Informaci\u00f3n sobre Privacidad - Easy Market | ES\",\"isPartOf\":{\"@id\":\"https:\/\/www.easymarket.travel\/es\/#website\"},\"datePublished\":\"2024-06-18T14:02:52+00:00\",\"dateModified\":\"2024-06-18T14:02:52+00:00\",\"breadcrumb\":{\"@id\":\"https:\/\/www.easymarket.travel\/es\/informacion-privacidad\/#breadcrumb\"},\"inLanguage\":\"en-US\",\"potentialAction\":[{\"@type\":\"ReadAction\",\"target\":[\"https:\/\/www.easymarket.travel\/es\/informacion-privacidad\/\"]}]},{\"@type\":\"BreadcrumbList\",\"@id\":\"https:\/\/www.easymarket.travel\/es\/informacion-privacidad\/#breadcrumb\",\"itemListElement\":[{\"@type\":\"ListItem\",\"position\":1,\"name\":\"Home\",\"item\":\"https:\/\/www.easymarket.travel\/es\/\"},{\"@type\":\"ListItem\",\"position\":2,\"name\":\"Informaci\u00f3n sobre Privacidad\"}]},{\"@type\":\"WebSite\",\"@id\":\"https:\/\/www.easymarket.travel\/es\/#website\",\"url\":\"https:\/\/www.easymarket.travel\/es\/\",\"name\":\"Easy Market | ES\",\"description\":\"Sistema de reservas para Agencias de Viajes\",\"potentialAction\":[{\"@type\":\"SearchAction\",\"target\":{\"@type\":\"EntryPoint\",\"urlTemplate\":\"https:\/\/www.easymarket.travel\/es\/?s={search_term_string}\"},\"query-input\":\"required name=search_term_string\"}],\"inLanguage\":\"en-US\"}]}<\/script>\n<!-- \/ Yoast SEO plugin. -->","yoast_head_json":{"title":"Informaci\u00f3n sobre Privacidad - Easy Market | ES","robots":{"index":"index","follow":"follow","max-snippet":"max-snippet:-1","max-image-preview":"max-image-preview:large","max-video-preview":"max-video-preview:-1"},"canonical":"https:\/\/www.easymarket.travel\/es\/informacion-privacidad\/","og_locale":"en_US","og_type":"article","og_title":"Informaci\u00f3n sobre Privacidad - Easy Market | ES","og_description":"[vc_row][vc_column][vc_column_text] Informaci\u00f3n sobre Privacidad y Pol\u00edtica de Cookies Nota informativa del sitio web easymarket.travel y revolution.travel PREMISA \u00bfQu\u00e9 es este documento? Es una nota informativa sobre la protecci\u00f3n de datos personales relacionados con el sitio web www.easymarket.travel y www.revolution.travel \u00bfA qui\u00e9n va dirigido este documento? Esta nota informativa est\u00e1 dirigida a todos los profesionales del turismo (agencias) que interact\u00faan con el sitio web. \u00bfPor qu\u00e9 este documento? El RGPD (Reglamento UE 2016\/679), en su art\u00edculo 13, exige que usted (el interesado) sea informado sobre el procesamiento de datos personales y qui\u00e9n los tratar\u00e1, con el fin de garantizar que el...","og_url":"https:\/\/www.easymarket.travel\/es\/informacion-privacidad\/","og_site_name":"Easy Market | ES","twitter_misc":{"Est. reading time":"10 minutes"},"schema":{"@context":"https:\/\/schema.org","@graph":[{"@type":"WebPage","@id":"https:\/\/www.easymarket.travel\/es\/informacion-privacidad\/","url":"https:\/\/www.easymarket.travel\/es\/informacion-privacidad\/","name":"Informaci\u00f3n sobre Privacidad - Easy Market | ES","isPartOf":{"@id":"https:\/\/www.easymarket.travel\/es\/#website"},"datePublished":"2024-06-18T14:02:52+00:00","dateModified":"2024-06-18T14:02:52+00:00","breadcrumb":{"@id":"https:\/\/www.easymarket.travel\/es\/informacion-privacidad\/#breadcrumb"},"inLanguage":"en-US","potentialAction":[{"@type":"ReadAction","target":["https:\/\/www.easymarket.travel\/es\/informacion-privacidad\/"]}]},{"@type":"BreadcrumbList","@id":"https:\/\/www.easymarket.travel\/es\/informacion-privacidad\/#breadcrumb","itemListElement":[{"@type":"ListItem","position":1,"name":"Home","item":"https:\/\/www.easymarket.travel\/es\/"},{"@type":"ListItem","position":2,"name":"Informaci\u00f3n sobre Privacidad"}]},{"@type":"WebSite","@id":"https:\/\/www.easymarket.travel\/es\/#website","url":"https:\/\/www.easymarket.travel\/es\/","name":"Easy Market | ES","description":"Sistema de reservas para Agencias de Viajes","potentialAction":[{"@type":"SearchAction","target":{"@type":"EntryPoint","urlTemplate":"https:\/\/www.easymarket.travel\/es\/?s={search_term_string}"},"query-input":"required name=search_term_string"}],"inLanguage":"en-US"}]}},"_links":{"self":[{"href":"https:\/\/www.easymarket.travel\/es\/wp-json\/wp\/v2\/pages\/550"}],"collection":[{"href":"https:\/\/www.easymarket.travel\/es\/wp-json\/wp\/v2\/pages"}],"about":[{"href":"https:\/\/www.easymarket.travel\/es\/wp-json\/wp\/v2\/types\/page"}],"author":[{"embeddable":true,"href":"https:\/\/www.easymarket.travel\/es\/wp-json\/wp\/v2\/users\/14"}],"replies":[{"embeddable":true,"href":"https:\/\/www.easymarket.travel\/es\/wp-json\/wp\/v2\/comments?post=550"}],"version-history":[{"count":4,"href":"https:\/\/www.easymarket.travel\/es\/wp-json\/wp\/v2\/pages\/550\/revisions"}],"predecessor-version":[{"id":555,"href":"https:\/\/www.easymarket.travel\/es\/wp-json\/wp\/v2\/pages\/550\/revisions\/555"}],"wp:attachment":[{"href":"https:\/\/www.easymarket.travel\/es\/wp-json\/wp\/v2\/media?parent=550"}],"curies":[{"name":"wp","href":"https:\/\/api.w.org\/{rel}","templated":true}]}}