{"id":439,"date":"2023-07-31T14:10:04","date_gmt":"2023-07-31T14:10:04","guid":{"rendered":"https:\/\/www.easymarket.travel\/es\/?page_id=439"},"modified":"2023-08-07T07:59:45","modified_gmt":"2023-08-07T07:59:45","slug":"mybank","status":"publish","type":"page","link":"https:\/\/www.easymarket.travel\/es\/mybank\/","title":{"rendered":"\u00a1Paga ahora con MyBank!"},"content":{"rendered":"<section class=\"wpb-content-wrapper\">[vc_row css=&#8221;.vc_custom_1509610749852{margin-bottom: 30px !important;}&#8221;][vc_column][vc_row_inner content_width=&#8221;grid&#8221; css=&#8221;.vc_custom_1690979889178{margin-top: 0px !important;margin-bottom: 0px !important;padding-top: 30px !important;padding-bottom: 20px !important;background-color: #fafafa !important;}&#8221;][vc_column_inner][vc_single_image image=&#8221;440&#8243; img_size=&#8221;medium&#8221; el_class=&#8221;inline-left&#8221;][vc_column_text css=&#8221;.vc_custom_1690813183070{margin-top: 20px !important;padding-top: 20px !important;padding-bottom: 20px !important;}&#8221; el_class=&#8221;inline-left mar-l30&#8243;]\n<h2 style=\"color: #1dc2f1; font-size: 50px;\">\u00bfQu\u00e9 es MyBank?<\/h2>\n[\/vc_column_text]<div class=\"mkd-separator-holder clearfix  mkd-separator-center mkd-separator-full-width\">\n\t<div class=\"mkd-separator\" style=\"border-color: #f9f9f9;margin-top: 5px\"><\/div>\n<\/div>\n[vc_column_text]<span style=\"color: #333333;\"><strong>MyBank<\/strong> es la soluci\u00f3n de pago respaldada por el sector bancario europeo que garantiza toda la seguridad del servicio de banca en l\u00ednea de tu propio banco.<\/span><br \/>\n<span style=\"color: #333333;\"> Para utilizar MyBank no es necesario registrarse, abrir nuevas cuentas o activar tarjetas de cr\u00e9dito. MyBank te permite realizar pagos directamente desde tu cuenta corriente a trav\u00e9s de tu homebanking.<\/span><br \/>\n<span style=\"color: #333333;\"> Podr\u00e1s pagar sin compartir tus datos sensibles con terceros. El servicio MyBank se limita a establecer un contacto directo entre tu banco y el banco del comerciante, garantizando la m\u00e1xima seguridad.<\/span>[\/vc_column_text][\/vc_column_inner][\/vc_row_inner][vc_row_inner content_width=&#8221;grid&#8221; css=&#8221;.vc_custom_1493280410396{margin-top: 0px !important;padding-top: 30px !important;background-color: #1dc2f1 !important;}&#8221;][vc_column_inner]<div class=\"mkd-section-title-holder\">\n\t<h2 class=\"mkd-section-title mkd-section-title-medium\" style=\"color: #ffffff\">\n\t<span>\n\t\t\u00bfC\u00f3mo funciona MyBank?\t<\/span>\n<\/h2>\n<\/div><div class=\"mkd-masonry-elements-holder four space\">\n\t<div class=\"mkd-masonry-elements-grid-sizer\"><\/div>\n\t<div class=\"mkd-masonry-elements-item mkd-square\">\n\t<div class=\"mkd-masonry-elements-item-inner mkd-masonry-elements-item-custom-107127\" style=\"padding: 3px 15px 10px 15px;border-radius: 4px\" data-item-class=\"mkd-masonry-elements-item-custom-107127\">\n\t\t<span class=\"mkd-masonry-elements-item-background\" style=\"background-color: #ffffff\"><\/span>\n\t\t<div class=\"mkd-masonry-elements-item-inner-helper\">\n\t\t\t<div class=\"mkd-masonry-elements-item-inner-tb\">\n\t\t\t\t<div class=\"mkd-masonry-elements-item-inner-tc\" style=\"vertical-align: middle\">\n\t\t\t\t\t[vc_single_image image=&#8221;441&#8243; img_size=&#8221;medium&#8221; alignment=&#8221;center&#8221;][vc_column_text css=&#8221;.vc_custom_1690970238609{margin-top: -10px !important;}&#8221; el_class=&#8221;box-fix&#8221;]<img decoding=\"async\" loading=\"lazy\" class=\"alignnone\" style=\"margin: -15px 10px 0 0; width: 35px;\" src=\"\/es\/wp-content\/uploads\/sites\/4\/2023\/07\/mybank_numb_01.png\" alt=\"a\" width=\"45\" height=\"45\" \/><span style=\"color: #666;\">En la fase de reserva de tus productos y servicios en Revolution, encontrar\u00e1s MyBank en la secci\u00f3n de pago. Solo tienes que seleccionar el bot\u00f3n MyBank y continuar con el pago.<\/span>[\/vc_column_text]\t\t\t\t<\/div>\n\t\t\t<\/div>\n\t\t<\/div>\n\t<\/div>\n<\/div><div class=\"mkd-masonry-elements-item mkd-square\">\n\t<div class=\"mkd-masonry-elements-item-inner mkd-masonry-elements-item-custom-674151\" style=\"padding: 3px 15px 10px 15px;border-radius: 4px\" data-item-class=\"mkd-masonry-elements-item-custom-674151\">\n\t\t<span class=\"mkd-masonry-elements-item-background\" style=\"background-color: #ffffff\"><\/span>\n\t\t<div class=\"mkd-masonry-elements-item-inner-helper\">\n\t\t\t<div class=\"mkd-masonry-elements-item-inner-tb\">\n\t\t\t\t<div class=\"mkd-masonry-elements-item-inner-tc\" style=\"vertical-align: middle\">\n\t\t\t\t\t[vc_single_image image=&#8221;442&#8243; img_size=&#8221;medium&#8221; alignment=&#8221;center&#8221;][vc_column_text css=&#8221;.vc_custom_1690970245712{margin-top: -10px !important;}&#8221; el_class=&#8221;box-fix&#8221;]<img decoding=\"async\" loading=\"lazy\" class=\"alignnone\" style=\"margin: -15px 10px 0 0; width: 35px;\" src=\"\/es\/wp-content\/uploads\/sites\/4\/2023\/07\/mybank_numb_02.png\" alt=\"a\" width=\"45\" height=\"45\" \/><span style=\"color: #666;\">Selecciona el nombre de tu banco y ser\u00e1s redirigido a tu homebanking.<br \/>\nAccede de manera segura con tus c\u00f3digos de acceso habituales.<\/span>[\/vc_column_text]\t\t\t\t<\/div>\n\t\t\t<\/div>\n\t\t<\/div>\n\t<\/div>\n<\/div><div class=\"mkd-masonry-elements-item mkd-square\">\n\t<div class=\"mkd-masonry-elements-item-inner mkd-masonry-elements-item-custom-876192\" style=\"padding: 3px 15px 10px 15px;border-radius: 4px\" data-item-class=\"mkd-masonry-elements-item-custom-876192\">\n\t\t<span class=\"mkd-masonry-elements-item-background\" style=\"background-color: #ffffff\"><\/span>\n\t\t<div class=\"mkd-masonry-elements-item-inner-helper\">\n\t\t\t<div class=\"mkd-masonry-elements-item-inner-tb\">\n\t\t\t\t<div class=\"mkd-masonry-elements-item-inner-tc\" style=\"vertical-align: middle\">\n\t\t\t\t\t[vc_single_image image=&#8221;443&#8243; img_size=&#8221;full&#8221; alignment=&#8221;center&#8221; css=&#8221;.vc_custom_1690978932662{margin-bottom: 30px !important;padding-top: 10px !important;padding-bottom: 13px !important;}&#8221;][vc_column_text css=&#8221;.vc_custom_1690970250569{margin-top: -10px !important;}&#8221; el_class=&#8221;box-fix&#8221;]<img decoding=\"async\" loading=\"lazy\" class=\"alignnone\" style=\"margin: 0px 10px 0 0; width: 35px;\" src=\"\/es\/wp-content\/uploads\/sites\/4\/2023\/07\/custom-icon-9.png\" alt=\"a\" width=\"45\" height=\"45\" \/><span style=\"color: #666;\">Los datos del pago ser\u00e1n mostrados pre rellenados. <\/span><span style=\"color: #666;\">Autoriza la transacci\u00f3n y completa el pago.<\/span>[\/vc_column_text]\t\t\t\t<\/div>\n\t\t\t<\/div>\n\t\t<\/div>\n\t<\/div>\n<\/div><div class=\"mkd-masonry-elements-item mkd-square\">\n\t<div class=\"mkd-masonry-elements-item-inner mkd-masonry-elements-item-custom-735327\" style=\"padding: 3px 15px 10px 15px;border-radius: 4px\" data-item-class=\"mkd-masonry-elements-item-custom-735327\">\n\t\t<span class=\"mkd-masonry-elements-item-background\" style=\"background-color: #ffffff\"><\/span>\n\t\t<div class=\"mkd-masonry-elements-item-inner-helper\">\n\t\t\t<div class=\"mkd-masonry-elements-item-inner-tb\">\n\t\t\t\t<div class=\"mkd-masonry-elements-item-inner-tc\" style=\"vertical-align: middle\">\n\t\t\t\t\t[vc_single_image image=&#8221;444&#8243; img_size=&#8221;full&#8221; alignment=&#8221;center&#8221; css=&#8221;.vc_custom_1690978882240{margin-bottom: 30px !important;padding-top: 10px !important;padding-bottom: 13px !important;}&#8221;][vc_column_text css=&#8221;.vc_custom_1690970256970{margin-top: -10px !important;}&#8221; el_class=&#8221;box-fix&#8221;]<img decoding=\"async\" loading=\"lazy\" class=\"alignnone\" style=\"margin: -15px 10px 0 0; width: 35px;\" src=\"\/es\/wp-content\/uploads\/sites\/4\/2023\/07\/mybank_numb_04.png\" alt=\"a\" width=\"45\" height=\"45\" \/><span style=\"color: #666;\">En pocos segundos, tanto t\u00fa como Easy Market recibir\u00e1n la confirmaci\u00f3n del pago realizado.<\/span><br \/>\n<span style=\"color: #666;\">Tus productos y servicios se reservar\u00e1n con \u00e9xito.<\/span>[\/vc_column_text]\t\t\t\t<\/div>\n\t\t\t<\/div>\n\t\t<\/div>\n\t<\/div>\n<\/div><\/div>[\/vc_column_inner][\/vc_row_inner][vc_row_inner content_width=&#8221;grid&#8221; content_aligment=&#8221;center&#8221; css=&#8221;.vc_custom_1690979856825{margin-top: 60px !important;margin-bottom: 60px !important;}&#8221;][vc_column_inner][vc_single_image image=&#8221;457&#8243; img_size=&#8221;full&#8221; alignment=&#8221;center&#8221; onclick=&#8221;custom_link&#8221; img_link_target=&#8221;_blank&#8221; css_animation=&#8221;fadeIn&#8221; link=&#8221;https:\/\/bit.ly\/2TKJLHs&#8221;][\/vc_column_inner][\/vc_row_inner][vc_row_inner content_width=&#8221;grid&#8221; css=&#8221;.vc_custom_1493285872909{margin-top: 30px !important;}&#8221;][vc_column_inner]<div class=\"mkd-section-title-holder\">\n\t<h2 class=\"mkd-section-title mkd-section-title-medium mkd-section-title-left\" style=\"color: #1dc2f1;text-align: left\">\n\t<span>\n\t\t\u00bfC\u00f3mo puedo unirme a MyBank?\t<\/span>\n<\/h2>\n<\/div>[vc_column_text]<span style=\"color: #666; font-size: 18px;\">Como cliente, no necesitas registrarte ni hacer nada especial. Si tu banco forma parte del circuito de MyBank y dispones de los c\u00f3digos de acceso de tu homebanking, podr\u00e1s comenzar a utilizar el m\u00e9todo de pago en l\u00ednea de inmediato.<br \/>\nHaz clic en el banner para descubrir si tu banco ha activado MyBank y comienza a usarlo para tus reservas. <\/span><br \/>\n<span style=\"color: #666; font-size: 18px;\"> Cada mes, nuevos bancos activan MyBank. Si el nombre de tu banco a\u00fan no est\u00e1 en la lista, cont\u00e1ctanos y solicitaremos su adhesi\u00f3n. <\/span><br \/>\n<span style=\"color: #666; font-size: 18px;\"> Para obtener m\u00e1s informaci\u00f3n y preguntas frecuentes sobre los servicios de MyBank, visita el sitio web <a href=\"https:\/\/mybank.eu\/\">www.mybank.eu<\/a><\/span>[\/vc_column_text][\/vc_column_inner][\/vc_row_inner][vc_row_inner content_width=&#8221;grid&#8221; css=&#8221;.vc_custom_1493285872909{margin-top: 30px !important;}&#8221;][vc_column_inner][vc_column_text css=&#8221;.vc_custom_1690891249925{margin-top: 30px !important;margin-right: 0px !important;margin-bottom: 15px !important;margin-left: 0px !important;border-top-width: 1px !important;border-right-width: 1px !important;border-bottom-width: 1px !important;border-left-width: 1px !important;padding-top: 3% !important;padding-right: 2% !important;padding-bottom: 3% !important;padding-left: 2% !important;border-left-color: #1dc2f1 !important;border-left-style: solid !important;border-right-color: #1dc2f1 !important;border-right-style: solid !important;border-top-color: #1dc2f1 !important;border-top-style: solid !important;border-bottom-color: #1dc2f1 !important;border-bottom-style: solid !important;}&#8221;]\n<h3 style=\"color: #1dc2f1; font-size: 25px;\"><strong>Recarga tu alcanc\u00eda con <a href=\"https:\/\/www.easymarket.travel\/es\/wp-content\/uploads\/sites\/4\/2023\/07\/Logo_MyBank.png\"><img decoding=\"async\" loading=\"lazy\" class=\"alignnone wp-image-440\" style=\"margin-bottom: -10px; margin-left: 10px; margin-right: 10px;\" src=\"https:\/\/www.easymarket.travel\/es\/wp-content\/uploads\/sites\/4\/2023\/07\/Logo_MyBank-300x169.png\" alt=\"\" width=\"106\" height=\"60\" srcset=\"https:\/\/www.easymarket.travel\/es\/wp-content\/uploads\/sites\/4\/2023\/07\/Logo_MyBank-300x169.png 300w, https:\/\/www.easymarket.travel\/es\/wp-content\/uploads\/sites\/4\/2023\/07\/Logo_MyBank.png 500w\" sizes=\"(max-width: 106px) 100vw, 106px\" \/><\/a> y obtiene el cashback del 1% autom\u00e1tico a cualquier importe.<\/strong><\/h3>\n<p><span style=\"padding-top: 10px; text-align: center;\"><a href=\"\/es\/alcancia-electronica\/\"\n   target=\"_blank\" style=\"color: #fff;background-color: #1dc2f1;font-size: 20px;font-weight: 600;margin: 10px auto\" class=\"mkd-btn mkd-btn-solid mkd-btn-small mkd-btn-custom-hover-bg mkd-btn-custom-hover-color mkd-btn-hover-solid\" data-hover-bg-color=\"#1dc2f1\" data-hover-color=\"#fff\" >\n\t<span class=\"mkd-btn-text\">Descubre m\u00e1s<\/span>\n\t\n\t\n\t\t\t<span class=\"mkd-btn-helper\" style=\"background-color: #1dc2f1\"><\/span>\n\t<\/a><\/span>[\/vc_column_text][\/vc_column_inner][\/vc_row_inner][\/vc_column][\/vc_row]\n<\/section>","protected":false},"excerpt":{"rendered":"<p>[vc_row css=&#8221;.vc_custom_1509610749852{margin-bottom: 30px !important;}&#8221;][vc_column][vc_row_inner content_width=&#8221;grid&#8221; css=&#8221;.vc_custom_1690979889178{margin-top: 0px !important;margin-bottom: 0px !important;padding-top: 30px !important;padding-bottom: 20px !important;background-color: #fafafa !important;}&#8221;][vc_column_inner][vc_single_image image=&#8221;440&#8243; img_size=&#8221;medium&#8221; el_class=&#8221;inline-left&#8221;][vc_column_text css=&#8221;.vc_custom_1690813183070{margin-top: 20px !important;padding-top: 20px !important;padding-bottom: 20px !important;}&#8221; el_class=&#8221;inline-left mar-l30&#8243;] \u00bfQu\u00e9 es MyBank? [\/vc_column_text][vc_column_text]MyBank es la soluci\u00f3n de pago respaldada por el sector bancario europeo que garantiza toda la seguridad del servicio de banca en l\u00ednea de tu propio banco. Para utilizar MyBank no es necesario registrarse, abrir nuevas cuentas o activar tarjetas de cr\u00e9dito. MyBank te permite realizar pagos directamente desde tu cuenta corriente a trav\u00e9s de tu homebanking. Podr\u00e1s pagar sin compartir tus datos sensibles con terceros. El servicio MyBank&#8230;<\/p>\n","protected":false},"author":14,"featured_media":478,"parent":0,"menu_order":0,"comment_status":"closed","ping_status":"closed","template":"full-width.php","meta":[],"acf":[],"yoast_head":"<!-- This site is optimized with the Yoast SEO plugin v21.8 - https:\/\/yoast.com\/wordpress\/plugins\/seo\/ -->\n<title>\u00a1Paga ahora con MyBank! - Easy Market | ES<\/title>\n<meta name=\"robots\" content=\"index, follow, max-snippet:-1, max-image-preview:large, max-video-preview:-1\" \/>\n<link rel=\"canonical\" href=\"https:\/\/www.easymarket.travel\/es\/mybank\/\" \/>\n<meta property=\"og:locale\" content=\"en_US\" \/>\n<meta property=\"og:type\" content=\"article\" \/>\n<meta property=\"og:title\" content=\"\u00a1Paga ahora con MyBank! - Easy Market | ES\" \/>\n<meta property=\"og:description\" content=\"[vc_row css=&#8221;.vc_custom_1509610749852{margin-bottom: 30px !important;}&#8221;][vc_column][vc_row_inner content_width=&#8221;grid&#8221; css=&#8221;.vc_custom_1690979889178{margin-top: 0px !important;margin-bottom: 0px !important;padding-top: 30px !important;padding-bottom: 20px !important;background-color: #fafafa !important;}&#8221;][vc_column_inner][vc_single_image image=&#8221;440&#8243; img_size=&#8221;medium&#8221; el_class=&#8221;inline-left&#8221;][vc_column_text css=&#8221;.vc_custom_1690813183070{margin-top: 20px !important;padding-top: 20px !important;padding-bottom: 20px !important;}&#8221; el_class=&#8221;inline-left mar-l30&#8243;] \u00bfQu\u00e9 es MyBank? [\/vc_column_text][vc_column_text]MyBank es la soluci\u00f3n de pago respaldada por el sector bancario europeo que garantiza toda la seguridad del servicio de banca en l\u00ednea de tu propio banco. Para utilizar MyBank no es necesario registrarse, abrir nuevas cuentas o activar tarjetas de cr\u00e9dito. MyBank te permite realizar pagos directamente desde tu cuenta corriente a trav\u00e9s de tu homebanking. Podr\u00e1s pagar sin compartir tus datos sensibles con terceros. El servicio MyBank...\" \/>\n<meta property=\"og:url\" content=\"https:\/\/www.easymarket.travel\/es\/mybank\/\" \/>\n<meta property=\"og:site_name\" content=\"Easy Market | ES\" \/>\n<meta property=\"article:modified_time\" content=\"2023-08-07T07:59:45+00:00\" \/>\n<meta property=\"og:image\" content=\"https:\/\/www.easymarket.travel\/es\/wp-content\/uploads\/sites\/4\/2023\/08\/segnaposto_mybank.jpg\" \/>\n\t<meta property=\"og:image:width\" content=\"810\" \/>\n\t<meta property=\"og:image:height\" content=\"520\" \/>\n\t<meta property=\"og:image:type\" content=\"image\/jpeg\" \/>\n<meta name=\"twitter:label1\" content=\"Est. reading time\" \/>\n\t<meta name=\"twitter:data1\" content=\"4 minutes\" \/>\n<script type=\"application\/ld+json\" class=\"yoast-schema-graph\">{\"@context\":\"https:\/\/schema.org\",\"@graph\":[{\"@type\":\"WebPage\",\"@id\":\"https:\/\/www.easymarket.travel\/es\/mybank\/\",\"url\":\"https:\/\/www.easymarket.travel\/es\/mybank\/\",\"name\":\"\u00a1Paga ahora con MyBank! - Easy Market | ES\",\"isPartOf\":{\"@id\":\"https:\/\/www.easymarket.travel\/es\/#website\"},\"datePublished\":\"2023-07-31T14:10:04+00:00\",\"dateModified\":\"2023-08-07T07:59:45+00:00\",\"breadcrumb\":{\"@id\":\"https:\/\/www.easymarket.travel\/es\/mybank\/#breadcrumb\"},\"inLanguage\":\"en-US\",\"potentialAction\":[{\"@type\":\"ReadAction\",\"target\":[\"https:\/\/www.easymarket.travel\/es\/mybank\/\"]}]},{\"@type\":\"BreadcrumbList\",\"@id\":\"https:\/\/www.easymarket.travel\/es\/mybank\/#breadcrumb\",\"itemListElement\":[{\"@type\":\"ListItem\",\"position\":1,\"name\":\"Home\",\"item\":\"https:\/\/www.easymarket.travel\/es\/\"},{\"@type\":\"ListItem\",\"position\":2,\"name\":\"\u00a1Paga ahora con MyBank!\"}]},{\"@type\":\"WebSite\",\"@id\":\"https:\/\/www.easymarket.travel\/es\/#website\",\"url\":\"https:\/\/www.easymarket.travel\/es\/\",\"name\":\"Easy Market | ES\",\"description\":\"Sistema de reservas para Agencias de Viajes\",\"potentialAction\":[{\"@type\":\"SearchAction\",\"target\":{\"@type\":\"EntryPoint\",\"urlTemplate\":\"https:\/\/www.easymarket.travel\/es\/?s={search_term_string}\"},\"query-input\":\"required name=search_term_string\"}],\"inLanguage\":\"en-US\"}]}<\/script>\n<!-- \/ Yoast SEO plugin. -->","yoast_head_json":{"title":"\u00a1Paga ahora con MyBank! - Easy Market | ES","robots":{"index":"index","follow":"follow","max-snippet":"max-snippet:-1","max-image-preview":"max-image-preview:large","max-video-preview":"max-video-preview:-1"},"canonical":"https:\/\/www.easymarket.travel\/es\/mybank\/","og_locale":"en_US","og_type":"article","og_title":"\u00a1Paga ahora con MyBank! - Easy Market | ES","og_description":"[vc_row css=&#8221;.vc_custom_1509610749852{margin-bottom: 30px !important;}&#8221;][vc_column][vc_row_inner content_width=&#8221;grid&#8221; css=&#8221;.vc_custom_1690979889178{margin-top: 0px !important;margin-bottom: 0px !important;padding-top: 30px !important;padding-bottom: 20px !important;background-color: #fafafa !important;}&#8221;][vc_column_inner][vc_single_image image=&#8221;440&#8243; img_size=&#8221;medium&#8221; el_class=&#8221;inline-left&#8221;][vc_column_text css=&#8221;.vc_custom_1690813183070{margin-top: 20px !important;padding-top: 20px !important;padding-bottom: 20px !important;}&#8221; el_class=&#8221;inline-left mar-l30&#8243;] \u00bfQu\u00e9 es MyBank? [\/vc_column_text][vc_column_text]MyBank es la soluci\u00f3n de pago respaldada por el sector bancario europeo que garantiza toda la seguridad del servicio de banca en l\u00ednea de tu propio banco. Para utilizar MyBank no es necesario registrarse, abrir nuevas cuentas o activar tarjetas de cr\u00e9dito. MyBank te permite realizar pagos directamente desde tu cuenta corriente a trav\u00e9s de tu homebanking. Podr\u00e1s pagar sin compartir tus datos sensibles con terceros. El servicio MyBank...","og_url":"https:\/\/www.easymarket.travel\/es\/mybank\/","og_site_name":"Easy Market | ES","article_modified_time":"2023-08-07T07:59:45+00:00","og_image":[{"width":810,"height":520,"url":"https:\/\/www.easymarket.travel\/es\/wp-content\/uploads\/sites\/4\/2023\/08\/segnaposto_mybank.jpg","type":"image\/jpeg"}],"twitter_misc":{"Est. reading time":"4 minutes"},"schema":{"@context":"https:\/\/schema.org","@graph":[{"@type":"WebPage","@id":"https:\/\/www.easymarket.travel\/es\/mybank\/","url":"https:\/\/www.easymarket.travel\/es\/mybank\/","name":"\u00a1Paga ahora con MyBank! - Easy Market | ES","isPartOf":{"@id":"https:\/\/www.easymarket.travel\/es\/#website"},"datePublished":"2023-07-31T14:10:04+00:00","dateModified":"2023-08-07T07:59:45+00:00","breadcrumb":{"@id":"https:\/\/www.easymarket.travel\/es\/mybank\/#breadcrumb"},"inLanguage":"en-US","potentialAction":[{"@type":"ReadAction","target":["https:\/\/www.easymarket.travel\/es\/mybank\/"]}]},{"@type":"BreadcrumbList","@id":"https:\/\/www.easymarket.travel\/es\/mybank\/#breadcrumb","itemListElement":[{"@type":"ListItem","position":1,"name":"Home","item":"https:\/\/www.easymarket.travel\/es\/"},{"@type":"ListItem","position":2,"name":"\u00a1Paga ahora con MyBank!"}]},{"@type":"WebSite","@id":"https:\/\/www.easymarket.travel\/es\/#website","url":"https:\/\/www.easymarket.travel\/es\/","name":"Easy Market | ES","description":"Sistema de reservas para Agencias de Viajes","potentialAction":[{"@type":"SearchAction","target":{"@type":"EntryPoint","urlTemplate":"https:\/\/www.easymarket.travel\/es\/?s={search_term_string}"},"query-input":"required name=search_term_string"}],"inLanguage":"en-US"}]}},"_links":{"self":[{"href":"https:\/\/www.easymarket.travel\/es\/wp-json\/wp\/v2\/pages\/439"}],"collection":[{"href":"https:\/\/www.easymarket.travel\/es\/wp-json\/wp\/v2\/pages"}],"about":[{"href":"https:\/\/www.easymarket.travel\/es\/wp-json\/wp\/v2\/types\/page"}],"author":[{"embeddable":true,"href":"https:\/\/www.easymarket.travel\/es\/wp-json\/wp\/v2\/users\/14"}],"replies":[{"embeddable":true,"href":"https:\/\/www.easymarket.travel\/es\/wp-json\/wp\/v2\/comments?post=439"}],"version-history":[{"count":20,"href":"https:\/\/www.easymarket.travel\/es\/wp-json\/wp\/v2\/pages\/439\/revisions"}],"predecessor-version":[{"id":479,"href":"https:\/\/www.easymarket.travel\/es\/wp-json\/wp\/v2\/pages\/439\/revisions\/479"}],"wp:featuredmedia":[{"embeddable":true,"href":"https:\/\/www.easymarket.travel\/es\/wp-json\/wp\/v2\/media\/478"}],"wp:attachment":[{"href":"https:\/\/www.easymarket.travel\/es\/wp-json\/wp\/v2\/media?parent=439"}],"curies":[{"name":"wp","href":"https:\/\/api.w.org\/{rel}","templated":true}]}}