{"id":37,"date":"2018-01-10T16:23:57","date_gmt":"2018-01-10T16:23:57","guid":{"rendered":"http:\/\/www.easymarket.travel\/es\/?page_id=37"},"modified":"2023-03-22T11:03:03","modified_gmt":"2023-03-22T11:03:03","slug":"quienes-somos","status":"publish","type":"page","link":"https:\/\/www.easymarket.travel\/es\/quienes-somos\/","title":{"rendered":"Quienes somos"},"content":{"rendered":"<section class=\"wpb-content-wrapper\">[vc_row content_width=&#8221;grid&#8221; css=&#8221;.vc_custom_1512044285158{margin-top: 30px !important;margin-bottom: 0px !important;padding-top: 20px !important;padding-bottom: 20px !important;background: #ffffff url(\/it\/wp-content\/uploads\/sites\/2\/revslider\/home-8\/h8-slide-1-shape-5.png?id=5450) !important;background-position: 0 0 !important;background-repeat: no-repeat !important;}&#8221;][vc_column width=&#8221;1\/2&#8243; el_class=&#8221;white-player&#8221;]\t<div class=\"mkd-video-banner-holder\">\n\t\t<a class=\"mkd-video-banner-link\" href=\"https:\/\/youtu.be\/wlvnSfrHJzM\"\n\t\t   data-rel=\"prettyPhoto[1939267463]\">\n\t\t\t<img width=\"1781\" height=\"1001\" src=\"https:\/\/www.easymarket.travel\/es\/wp-content\/uploads\/sites\/4\/2022\/09\/miniatura_videoEM.jpg\" class=\"attachment-full size-full\" alt=\"\" decoding=\"async\" loading=\"lazy\" srcset=\"https:\/\/www.easymarket.travel\/es\/wp-content\/uploads\/sites\/4\/2022\/09\/miniatura_videoEM.jpg 1781w, https:\/\/www.easymarket.travel\/es\/wp-content\/uploads\/sites\/4\/2022\/09\/miniatura_videoEM-300x169.jpg 300w, https:\/\/www.easymarket.travel\/es\/wp-content\/uploads\/sites\/4\/2022\/09\/miniatura_videoEM-1024x576.jpg 1024w, https:\/\/www.easymarket.travel\/es\/wp-content\/uploads\/sites\/4\/2022\/09\/miniatura_videoEM-768x432.jpg 768w, https:\/\/www.easymarket.travel\/es\/wp-content\/uploads\/sites\/4\/2022\/09\/miniatura_videoEM-1536x863.jpg 1536w\" sizes=\"(max-width: 1781px) 100vw, 1781px\" \/>\t\t\t<div class=\"mkd-video-banner-overlay\">\n\t\t\t\t<div class=\"mkd-vb-overlay-tb\">\n\t\t\t\t\t<div class=\"mkd-vb-overlay-tc\">\n\t\t\t\t\t\t<span class=\"mkd-vb-play-icon\">\n\t\t\t\t\t\t<span aria-hidden=\"true\" class=\"mkd-icon-font-elegant arrow_triangle-right \" ><\/span>\t\t\t\t\t\t<\/span>\n\t\t\t\t\t<\/div>\n\t\t\t\t<\/div>\n\t\t\t<\/div>\n\t\t<\/a>\n\t<\/div>\n[\/vc_column][vc_column width=&#8221;1\/2&#8243;][vc_empty_space height=&#8221;15px&#8221;][vc_column_text]\n<h3><strong>Easy Market Travel Solutions<\/strong><\/h3>\n<h4 style=\"text-align: justify;\">Empresa joven y din\u00e1mica formada por profesionales que trabajan diariamente con pasi\u00f3n para poner a disposici\u00f3n de las Agencias de Viajes productos tur\u00edsticos de calidad y servicios en l\u00ednea con sus necesidades reales a trav\u00e9s de una plataforma web altamente tecnol\u00f3gica en constante actualizaci\u00f3n.<\/h4>\n<h4 style=\"text-align: justify;\">La base de la filosof\u00eda de Easy Market es un constante impulso para el crecimiento y la mejora. \u00a1Estamos convencidos de que el progreso pasa necesariamente por la puesta en com\u00fan y que las palabras claves de toda evoluci\u00f3n son: &#8220;ponerse en juego siempre&#8221;!<\/h4>\n[\/vc_column_text][\/vc_column][\/vc_row][vc_row content_width=&#8221;grid&#8221; css=&#8221;.vc_custom_1512044476370{margin-top: 0px !important;margin-bottom: 0px !important;border-bottom-width: 2px !important;padding-top: 20px !important;padding-bottom: 20px !important;background-image: url(\/it\/wp-content\/uploads\/sites\/2\/2014\/10\/bg-prism-white.gif?id=8033) !important;border-bottom-color: #cecece !important;border-bottom-style: dashed !important;}&#8221;][vc_column width=&#8221;1\/3&#8243;][vc_single_image image=&#8221;87&#8243; img_size=&#8221;&#8221; add_caption=&#8221;yes&#8221; alignment=&#8221;center&#8221; css=&#8221;.vc_custom_1663602908516{padding-top: 20px !important;padding-bottom: 10px !important;}&#8221;][\/vc_column][vc_column width=&#8221;2\/3&#8243;][vc_column_text]\n<h4>Easy Market nace en el 2000 como primer consolidador de ofertas vacacionales para las Agencias de viajes, trabaja para garantizar el desarrollo, la renovaci\u00f3n y la eficiencia de los servicios ofrecidos, el crecimiento y la optimizaci\u00f3n de los recursos.<\/h4>\n<div id=\"target-id6a04f69bcfcc4\" class=\"collapseomatic_content \">\n<h4>Desde 2010, Easy Market forma parte del Hotelbeds Group, el primer banco de camas B2B del mundo.<\/h4>\n<h4>Con la entrada en el mercado internacional y la adquisici\u00f3n de uno de los principales distribuidores de productos tur\u00edsticos en l\u00ednea, Easy Market extiende sus servicios a otros pa\u00edses como: Ruman\u00eda, Albania, Serbia, Eslovenia, Croacia, Montenegro y Bosnia, a trav\u00e9s de su portal, a un p\u00fablico cada vez m\u00e1s heterog\u00e9neo y diverso.<\/h4>\n<\/div><span class=\"collapseomatic \" id=\"id6a04f69bcfcc4\"  tabindex=\"0\" title=\"leer todo\"    >leer todo<\/span><span id='swap-id6a04f69bcfcc4'  class='colomat-swap' style='display:none;'>reducir<\/span>[\/vc_column_text][\/vc_column][\/vc_row][vc_row content_width=&#8221;grid&#8221; css=&#8221;.vc_custom_1512044505215{margin-top: 0px !important;margin-bottom: 30px !important;padding-top: 20px !important;padding-bottom: 10px !important;background-image: url(\/it\/wp-content\/uploads\/sites\/2\/2014\/10\/bg-prism-white.gif?id=8033) !important;}&#8221;][vc_column width=&#8221;1\/3&#8243;][vc_single_image image=&#8221;14&#8243; img_size=&#8221;&#8221; alignment=&#8221;center&#8221; css=&#8221;.vc_custom_1663603074628{padding-top: 20px !important;padding-bottom: 10px !important;}&#8221;][\/vc_column][vc_column width=&#8221;2\/3&#8243;][vc_column_text]\n<h3>Innovaci\u00f3n, tecnolog\u00eda y vanguardia al servicio del mercado B2B<\/h3>\n<h4>A partir de la innovaci\u00f3n de la empresa nace <strong>Revolution<\/strong>, una plataforma que ofrece un sistema intuitivo y de \u00faltima generaci\u00f3n para la comercializaci\u00f3n y distribuci\u00f3n de servicios y productos tur\u00edsticos:<\/h4>\n<div id=\"target-id6a04f69bcfd18\" class=\"collapseomatic_content \">\n<h4>desde vuelos a tarifas negociadas, hoteles en todo el mundo, alquiler de coches, excursiones, actividades y seguros, grupos y traslados.<\/h4>\n<h4>El sistema, basado en las necesidades operativas de las agencias, est\u00e1 siendo desarrollado constantemente por el departamento &#8220;IT&#8221; que, en cooperaci\u00f3n con la oficina de ventas y los departamentos operativos que brindan una visi\u00f3n precisa de las necesidades de las agencias, siempre estudia nuevas posibles funcionalidades y optimizaci\u00f3n de obras de las existentes.<\/h4>\n<h4>La tecnolog\u00eda es, de hecho, un activo fundamental para el desarrollo del core business de Easy Market. La investigaci\u00f3n est\u00e1 constantemente encaminada a ofrecer un sistema simple, r\u00e1pido y divertido para las agencias y sus negocios.<\/h4>\n<\/div><span class=\"collapseomatic \" id=\"id6a04f69bcfd18\"  tabindex=\"0\" title=\"leer todo\"    >leer todo<\/span><span id='swap-id6a04f69bcfd18'  class='colomat-swap' style='display:none;'>Reducir<\/span>[\/vc_column_text][\/vc_column][\/vc_row][vc_row content_width=&#8221;grid&#8221; css=&#8221;.vc_custom_1512044505215{margin-top: 0px !important;margin-bottom: 30px !important;padding-top: 20px !important;padding-bottom: 10px !important;background-image: url(\/it\/wp-content\/uploads\/sites\/2\/2014\/10\/bg-prism-white.gif?id=8033) !important;}&#8221;][vc_column width=&#8221;1\/3&#8243;][vc_single_image image=&#8221;404&#8243; img_size=&#8221;medium&#8221; alignment=&#8221;center&#8221; onclick=&#8221;custom_link&#8221; img_link_target=&#8221;_blank&#8221; css=&#8221;.vc_custom_1679482961115{padding-top: 20px !important;padding-bottom: 10px !important;}&#8221; link=&#8221;https:\/\/cdn.easymarketcrs.it\/statics\/rev\/download\/company_profile_easy_market_es.pdf&#8221;][\/vc_column][vc_column width=&#8221;2\/3&#8243;][vc_column_text]\n<h3 style=\"margin-borrom: 30px;\"><strong>COMPANY PROFILE<\/strong><\/h3>\n<h5 class=\"red\"><a href=\"https:\/\/cdn.easymarketcrs.it\/statics\/rev\/download\/company_profile_easy_market_es.pdf\">Descarga el perfil de empresa de Easy Market<\/a><\/h5>\n[\/vc_column_text][\/vc_column][\/vc_row][vc_row content_width=&#8221;grid&#8221; content_aligment=&#8221;center&#8221;][vc_column css=&#8221;.vc_custom_1491292538857{margin-top: 30px !important;}&#8221;]<div class=\"mkd-section-title-holder\">\n\t<h1 class=\"mkd-section-title mkd-section-title-large mkd-section-title-center\" style=\"color: #dd3333;text-align: center;margin-bottom: 35px\">\n\t<span>\n\t\tEasy Market en n\u00fameros\t<\/span>\n<\/h1>\n<\/div>[vc_row_inner][vc_column_inner width=&#8221;1\/5&#8243;]<div class=\"mkd-counter-holder mkd-counter-dark mkd-counter-circle\">\n\t<div class=\"mkd-counter zero\">\n\t\t800000\t<\/div>\n    <div class=\"mkd-counter-content\">\n                    <h5 class=\"mkd-counter-title\"> 800.000 pasajeros <\/h5>\n                            <p class=\"mkd-counter-text\">en 2019<\/p>\n                    <\/div>\n            <div class=\"mkd-counter-icon-holder\">\n            <div class=\"mkd-counter-icon-circle\"><\/div>\n            <div class=\"mkd-counter-icon mkd-type1-gradient-bottom-to-top-text\"><i class=\"mkd-icon-font-awesome fa fa-user \" ><\/i><\/div>\n        <\/div>\n    <\/div>[\/vc_column_inner][vc_column_inner width=&#8221;1\/5&#8243;]<div class=\"mkd-counter-holder mkd-counter-dark mkd-counter-circle\">\n\t<div class=\"mkd-counter zero\">\n\t\t7000000\t<\/div>\n    <div class=\"mkd-counter-content\">\n                    <h5 class=\"mkd-counter-title\"> 7.000.000 b\u00fasquedas <\/h5>\n                            <p class=\"mkd-counter-text\">por a\u00f1o<\/p>\n                    <\/div>\n            <div class=\"mkd-counter-icon-holder\">\n            <div class=\"mkd-counter-icon-circle\"><\/div>\n            <div class=\"mkd-counter-icon mkd-type1-gradient-bottom-to-top-text\"><span aria-hidden=\"true\" class=\"mkd-icon-font-elegant icon_search \" ><\/span><\/div>\n        <\/div>\n    <\/div>[\/vc_column_inner][vc_column_inner width=&#8221;1\/5&#8243;]<div class=\"mkd-counter-holder mkd-counter-dark mkd-counter-circle\">\n\t<div class=\"mkd-counter zero\">\n\t\t700\t<\/div>\n    <div class=\"mkd-counter-content\">\n                    <h5 class=\"mkd-counter-title\"> + 700 aerol\u00edneas <\/h5>\n                            <p class=\"mkd-counter-text\">trabajan con nosotros<\/p>\n                    <\/div>\n            <div class=\"mkd-counter-icon-holder\">\n            <div class=\"mkd-counter-icon-circle\"><\/div>\n            <div class=\"mkd-counter-icon mkd-type1-gradient-bottom-to-top-text\"><i class=\"mkd-icon-font-awesome fa fa-plane \" ><\/i><\/div>\n        <\/div>\n    <\/div>[\/vc_column_inner][vc_column_inner width=&#8221;1\/5&#8243;]<div class=\"mkd-counter-holder mkd-counter-dark mkd-counter-circle\">\n\t<div class=\"mkd-counter zero\">\n\t\t1000000\t<\/div>\n    <div class=\"mkd-counter-content\">\n                    <h5 class=\"mkd-counter-title\"> + 1.000.000 Hoteles <\/h5>\n                            <p class=\"mkd-counter-text\">en m\u00e1s de 223 pa\u00edses<\/p>\n                    <\/div>\n            <div class=\"mkd-counter-icon-holder\">\n            <div class=\"mkd-counter-icon-circle\"><\/div>\n            <div class=\"mkd-counter-icon mkd-type1-gradient-bottom-to-top-text\"><span aria-hidden=\"true\" class=\"mkd-icon-font-elegant icon_building \" ><\/span><\/div>\n        <\/div>\n    <\/div>[\/vc_column_inner][vc_column_inner width=&#8221;1\/5&#8243;]<div class=\"mkd-counter-holder mkd-counter-dark mkd-counter-circle\">\n\t<div class=\"mkd-counter zero\">\n\t\t18000\t<\/div>\n    <div class=\"mkd-counter-content\">\n                    <h5 class=\"mkd-counter-title\"> + 18.000 Actividades <\/h5>\n                            <p class=\"mkd-counter-text\">en m\u00e1s de 185 pa\u00edses<\/p>\n                    <\/div>\n            <div class=\"mkd-counter-icon-holder\">\n            <div class=\"mkd-counter-icon-circle\"><\/div>\n            <div class=\"mkd-counter-icon mkd-type1-gradient-bottom-to-top-text\"><i class=\"mkd-icon-font-awesome fa fa-university \" ><\/i><\/div>\n        <\/div>\n    <\/div>[\/vc_column_inner][\/vc_row_inner][vc_row_inner content_width=&#8221;grid&#8221; content_aligment=&#8221;center&#8221;][vc_column_inner]\n<h4 class=\"mkd-custom-font-holder\" style=\"font-family: monsterrat, sans-serif;;font-size: 16px;line-height: 20px;font-weight: 400;color: #333333\" data-font-size= 16  data-line-height= 20>\n<\/h4>[\/vc_column_inner][\/vc_row_inner][\/vc_column][\/vc_row][vc_row el_class=&#8221;display-none&#8221;][vc_column]<div class=\"mkd-section-title-holder\">\n\t<h1 class=\"mkd-section-title mkd-section-title-large mkd-section-title-center\" style=\"text-align: center;margin-bottom: 10px\">\n\t<span>\n\t\tL&#039;azienda\t<\/span>\n<\/h1>\n<\/div><div class=\"mkd-section-subtitle-holder mkd-section-subtitle-center\" >\n\t<p style=\"color: #dd3333;text-align: center\" class=\"mkd-section-subtitle\">Ogni giorno lavorano per garantirvi il meglio 80 professionisti, pronti a mettere a vostra disposizione competenze e passione.<br \/>\nChi siamo?<\/p>\n<\/div>[vc_row_inner][vc_column_inner width=&#8221;1\/2&#8243;][\/vc_column_inner][vc_column_inner width=&#8221;1\/2&#8243;]<div class=\"mkd-team circle\">\n\t<div class=\"mkd-team-inner\">\n\t\t\t\t\t<div class=\"mkd-team-info\">\n                <div class=\"mkd-team-title-holder\">\n                    <h4 class=\"mkd-team-name\">\n                        <a itemprop=\"url\" href=\"\"><\/a>\n                    <\/h4>\n\n                                    <\/div>\n\t\t\t\t\t\t\t\t<div class=\"mkd-team-social-holder-between\">\n\t\t\t\t\t<div class=\"mkd-team-social\">\n\t\t\t\t\t\t<div class=\"mkd-team-social-inner\">\n\t\t\t\t\t\t\t<div class=\"mkd-team-social-wrapp\">\n\n\t\t\t\t\t\t\t\t\n\t\t\t\t\t\t\t<\/div>\n\t\t\t\t\t\t<\/div>\n\t\t\t\t\t<\/div>\n\t\t\t\t<\/div>\n\t\t\t<\/div>\n\n\t<\/div>\n<\/div>[\/vc_column_inner][\/vc_row_inner][\/vc_column][\/vc_row]\n<\/section>","protected":false},"excerpt":{"rendered":"<p>[vc_row content_width=&#8221;grid&#8221; css=&#8221;.vc_custom_1512044285158{margin-top: 30px !important;margin-bottom: 0px !important;padding-top: 20px !important;padding-bottom: 20px !important;background: #ffffff url(\/it\/wp-content\/uploads\/sites\/2\/revslider\/home-8\/h8-slide-1-shape-5.png?id=5450) !important;background-position: 0 0 !important;background-repeat: no-repeat !important;}&#8221;][vc_column width=&#8221;1\/2&#8243; el_class=&#8221;white-player&#8221;][\/vc_column][vc_column width=&#8221;1\/2&#8243;][vc_empty_space height=&#8221;15px&#8221;][vc_column_text] Easy Market Travel Solutions Empresa joven y din\u00e1mica formada por profesionales que trabajan diariamente con pasi\u00f3n para poner a disposici\u00f3n de las Agencias de Viajes productos tur\u00edsticos de calidad y servicios en l\u00ednea con sus necesidades reales a trav\u00e9s de una plataforma web altamente tecnol\u00f3gica en constante actualizaci\u00f3n. La base de la filosof\u00eda de Easy Market es un constante impulso para el crecimiento y la mejora. \u00a1Estamos convencidos de que el progreso pasa necesariamente por la puesta&#8230;<\/p>\n","protected":false},"author":2,"featured_media":0,"parent":0,"menu_order":0,"comment_status":"closed","ping_status":"closed","template":"full-width.php","meta":[],"acf":[],"yoast_head":"<!-- This site is optimized with the Yoast SEO plugin v21.8 - https:\/\/yoast.com\/wordpress\/plugins\/seo\/ -->\n<title>Quienes somos - Easy Market | ES<\/title>\n<meta name=\"description\" content=\"Una plataforma al servicio de las agencias de viajes. Rvolution.travel donde los agentes pueden reservar vuelos a tarifas negociadas, hoteles en todo el mundo, alquiler de coches, excursiones, actividades, seguros, grupos y transfers.\" \/>\n<meta name=\"robots\" content=\"index, follow, max-snippet:-1, max-image-preview:large, max-video-preview:-1\" \/>\n<link rel=\"canonical\" href=\"https:\/\/www.easymarket.travel\/es\/quienes-somos\/\" \/>\n<meta property=\"og:locale\" content=\"en_US\" \/>\n<meta property=\"og:type\" content=\"article\" \/>\n<meta property=\"og:title\" content=\"Quienes somos - Easy Market | ES\" \/>\n<meta property=\"og:description\" content=\"Una plataforma al servicio de las agencias de viajes. Rvolution.travel donde los agentes pueden reservar vuelos a tarifas negociadas, hoteles en todo el mundo, alquiler de coches, excursiones, actividades, seguros, grupos y transfers.\" \/>\n<meta property=\"og:url\" content=\"https:\/\/www.easymarket.travel\/es\/quienes-somos\/\" \/>\n<meta property=\"og:site_name\" content=\"Easy Market | ES\" \/>\n<meta property=\"article:modified_time\" content=\"2023-03-22T11:03:03+00:00\" \/>\n<meta name=\"twitter:label1\" content=\"Est. reading time\" \/>\n\t<meta name=\"twitter:data1\" content=\"3 minutes\" \/>\n<script type=\"application\/ld+json\" class=\"yoast-schema-graph\">{\"@context\":\"https:\/\/schema.org\",\"@graph\":[{\"@type\":\"WebPage\",\"@id\":\"https:\/\/www.easymarket.travel\/es\/quienes-somos\/\",\"url\":\"https:\/\/www.easymarket.travel\/es\/quienes-somos\/\",\"name\":\"Quienes somos - Easy Market | ES\",\"isPartOf\":{\"@id\":\"https:\/\/www.easymarket.travel\/es\/#website\"},\"datePublished\":\"2018-01-10T16:23:57+00:00\",\"dateModified\":\"2023-03-22T11:03:03+00:00\",\"description\":\"Una plataforma al servicio de las agencias de viajes. Rvolution.travel donde los agentes pueden reservar vuelos a tarifas negociadas, hoteles en todo el mundo, alquiler de coches, excursiones, actividades, seguros, grupos y transfers.\",\"breadcrumb\":{\"@id\":\"https:\/\/www.easymarket.travel\/es\/quienes-somos\/#breadcrumb\"},\"inLanguage\":\"en-US\",\"potentialAction\":[{\"@type\":\"ReadAction\",\"target\":[\"https:\/\/www.easymarket.travel\/es\/quienes-somos\/\"]}]},{\"@type\":\"BreadcrumbList\",\"@id\":\"https:\/\/www.easymarket.travel\/es\/quienes-somos\/#breadcrumb\",\"itemListElement\":[{\"@type\":\"ListItem\",\"position\":1,\"name\":\"Home\",\"item\":\"https:\/\/www.easymarket.travel\/es\/\"},{\"@type\":\"ListItem\",\"position\":2,\"name\":\"Quienes somos\"}]},{\"@type\":\"WebSite\",\"@id\":\"https:\/\/www.easymarket.travel\/es\/#website\",\"url\":\"https:\/\/www.easymarket.travel\/es\/\",\"name\":\"Easy Market | ES\",\"description\":\"Sistema de reservas para Agencias de Viajes\",\"potentialAction\":[{\"@type\":\"SearchAction\",\"target\":{\"@type\":\"EntryPoint\",\"urlTemplate\":\"https:\/\/www.easymarket.travel\/es\/?s={search_term_string}\"},\"query-input\":\"required name=search_term_string\"}],\"inLanguage\":\"en-US\"}]}<\/script>\n<!-- \/ Yoast SEO plugin. -->","yoast_head_json":{"title":"Quienes somos - Easy Market | ES","description":"Una plataforma al servicio de las agencias de viajes. Rvolution.travel donde los agentes pueden reservar vuelos a tarifas negociadas, hoteles en todo el mundo, alquiler de coches, excursiones, actividades, seguros, grupos y transfers.","robots":{"index":"index","follow":"follow","max-snippet":"max-snippet:-1","max-image-preview":"max-image-preview:large","max-video-preview":"max-video-preview:-1"},"canonical":"https:\/\/www.easymarket.travel\/es\/quienes-somos\/","og_locale":"en_US","og_type":"article","og_title":"Quienes somos - Easy Market | ES","og_description":"Una plataforma al servicio de las agencias de viajes. Rvolution.travel donde los agentes pueden reservar vuelos a tarifas negociadas, hoteles en todo el mundo, alquiler de coches, excursiones, actividades, seguros, grupos y transfers.","og_url":"https:\/\/www.easymarket.travel\/es\/quienes-somos\/","og_site_name":"Easy Market | ES","article_modified_time":"2023-03-22T11:03:03+00:00","twitter_misc":{"Est. reading time":"3 minutes"},"schema":{"@context":"https:\/\/schema.org","@graph":[{"@type":"WebPage","@id":"https:\/\/www.easymarket.travel\/es\/quienes-somos\/","url":"https:\/\/www.easymarket.travel\/es\/quienes-somos\/","name":"Quienes somos - Easy Market | ES","isPartOf":{"@id":"https:\/\/www.easymarket.travel\/es\/#website"},"datePublished":"2018-01-10T16:23:57+00:00","dateModified":"2023-03-22T11:03:03+00:00","description":"Una plataforma al servicio de las agencias de viajes. Rvolution.travel donde los agentes pueden reservar vuelos a tarifas negociadas, hoteles en todo el mundo, alquiler de coches, excursiones, actividades, seguros, grupos y transfers.","breadcrumb":{"@id":"https:\/\/www.easymarket.travel\/es\/quienes-somos\/#breadcrumb"},"inLanguage":"en-US","potentialAction":[{"@type":"ReadAction","target":["https:\/\/www.easymarket.travel\/es\/quienes-somos\/"]}]},{"@type":"BreadcrumbList","@id":"https:\/\/www.easymarket.travel\/es\/quienes-somos\/#breadcrumb","itemListElement":[{"@type":"ListItem","position":1,"name":"Home","item":"https:\/\/www.easymarket.travel\/es\/"},{"@type":"ListItem","position":2,"name":"Quienes somos"}]},{"@type":"WebSite","@id":"https:\/\/www.easymarket.travel\/es\/#website","url":"https:\/\/www.easymarket.travel\/es\/","name":"Easy Market | ES","description":"Sistema de reservas para Agencias de Viajes","potentialAction":[{"@type":"SearchAction","target":{"@type":"EntryPoint","urlTemplate":"https:\/\/www.easymarket.travel\/es\/?s={search_term_string}"},"query-input":"required name=search_term_string"}],"inLanguage":"en-US"}]}},"_links":{"self":[{"href":"https:\/\/www.easymarket.travel\/es\/wp-json\/wp\/v2\/pages\/37"}],"collection":[{"href":"https:\/\/www.easymarket.travel\/es\/wp-json\/wp\/v2\/pages"}],"about":[{"href":"https:\/\/www.easymarket.travel\/es\/wp-json\/wp\/v2\/types\/page"}],"author":[{"embeddable":true,"href":"https:\/\/www.easymarket.travel\/es\/wp-json\/wp\/v2\/users\/2"}],"replies":[{"embeddable":true,"href":"https:\/\/www.easymarket.travel\/es\/wp-json\/wp\/v2\/comments?post=37"}],"version-history":[{"count":21,"href":"https:\/\/www.easymarket.travel\/es\/wp-json\/wp\/v2\/pages\/37\/revisions"}],"predecessor-version":[{"id":405,"href":"https:\/\/www.easymarket.travel\/es\/wp-json\/wp\/v2\/pages\/37\/revisions\/405"}],"wp:attachment":[{"href":"https:\/\/www.easymarket.travel\/es\/wp-json\/wp\/v2\/media?parent=37"}],"curies":[{"name":"wp","href":"https:\/\/api.w.org\/{rel}","templated":true}]}}