{"id":31,"date":"2018-01-10T16:16:12","date_gmt":"2018-01-10T16:16:12","guid":{"rendered":"http:\/\/www.easymarket.travel\/es\/?page_id=31"},"modified":"2022-09-29T15:54:07","modified_gmt":"2022-09-29T15:54:07","slug":"revolution","status":"publish","type":"page","link":"https:\/\/www.easymarket.travel\/es\/revolution\/","title":{"rendered":"Revolution"},"content":{"rendered":"<section class=\"wpb-content-wrapper\">[vc_row content_width=&#8221;grid&#8221; css=&#8221;.vc_custom_1493019319099{margin-top: 30px !important;background-position: 0 0 !important;background-repeat: repeat !important;}&#8221;][vc_column]<div class=\"mkd-section-title-holder\">\n\t<h2 class=\"mkd-section-title mkd-section-title-medium mkd-section-title-center\" style=\"color: #4c86c6;text-align: center\">\n\t<span>\n\t\t\u00a1Nuestros motores de b\u00fasqueda impulsan tu negocio!\t<\/span>\n<\/h2>\n<\/div>[vc_row_inner content_width=&#8221;grid&#8221; content_aligment=&#8221;center&#8221; css=&#8221;.vc_custom_1506089713095{margin-top: 30px !important;margin-bottom: 30px !important;}&#8221;][vc_column_inner]<a href=\"https:\/\/www.revolution.travel\/login\"\n   target=\"_blank\" style=\"color: #ffffff;background-color: #fa1700;border-color: #fa1700;font-size: 16px;font-weight: 700;margin: 10px 20px\" class=\"mkd-btn mkd-btn-solid mkd-btn-medium mkd-btn-custom-hover-bg mkd-btn-custom-border-hover mkd-btn-custom-hover-color mkd-btn-hover-solid\" data-hover-bg-color=\"#f21300\" data-hover-color=\"#ffffff\" data-hover-border-color=\"#f21300\" >\n\t<span class=\"mkd-btn-text\">Inicia sesi\u00f3n en Revolution<\/span>\n\t\n\t\n\t\t\t<span class=\"mkd-btn-helper\" style=\"background-color: #f21300\"><\/span>\n\t<\/a><a href=\"https:\/\/www.revolution.travel\/register\"\n   target=\"_blank\" style=\"color: #5186c0;font-size: 16px;font-weight: 700;margin: 10px 20px\" class=\"mkd-btn mkd-btn-outline mkd-btn-medium mkd-btn-custom-hover-bg mkd-btn-custom-hover-color mkd-btn-hover-solid\" data-hover-bg-color=\"#5186c0\" data-hover-color=\"#ffffff\" >\n\t<span class=\"mkd-btn-text\">Reg\u00edstrate<\/span>\n\t\n\t\n\t\t\t<span class=\"mkd-btn-helper\" style=\"background-color: #5186c0\"><\/span>\n\t<\/a>[\/vc_column_inner][vc_column_inner][\/vc_column_inner][vc_column_inner][\/vc_column_inner][\/vc_row_inner][vc_column_text css=&#8221;.vc_custom_1663940990500{margin-bottom: 30px !important;}&#8221;]\n<h3>C\u00e1mbiate a <span style=\"color: #4c86c6;\"> Revolution\u00a9<\/span>, un\u00a0sistema de reservas sencillo, r\u00e1pido y divertido, que te ofrece <strong>Hoteles, Vuelos, Coches, Actividades y mucho m\u00e1s<\/strong> en una \u00fanica soluci\u00f3n, a precios competitivos.<\/h3>\n<h3><strong>Revolution es sin\u00f3nimo de innovaci\u00f3n, tecnolog\u00eda y vanguardia al servicio del mercado B2B.<\/strong><\/h3>\n<h3>Un sistema, basado en las necesidades reales de las agencias, en constante desarrollo por parte del Departamento de IT que, en cooperaci\u00f3n con el Departamento Comercial y los Departamentos Operativos que brindan una visi\u00f3n precisa de las necesidades de las agencias, siempre estudia nuevas funcionalidades posibles y trabaja en la optimizaci\u00f3n de las que ya existen.<\/h3>\n[\/vc_column_text][\/vc_column][\/vc_row][vc_row content_width=&#8221;grid&#8221; css=&#8221;.vc_custom_1509468012268{margin-bottom: 10px !important;}&#8221;][vc_column css=&#8221;.vc_custom_1518519086174{border-top-width: 1px !important;border-right-width: 1px !important;border-bottom-width: 1px !important;border-left-width: 1px !important;padding-top: 10px !important;padding-right: 10px !important;padding-bottom: 10px !important;padding-left: 10px !important;background-color: #ffffff !important;border-left-color: #1fbcf1 !important;border-left-style: solid !important;border-right-color: #1fbcf1 !important;border-right-style: solid !important;border-top-color: #1fbcf1 !important;border-top-style: solid !important;border-bottom-color: #1fbcf1 !important;border-bottom-style: solid !important;border-radius: 4px !important;}&#8221;][vc_column_text]<img decoding=\"async\" class=\"alignleft wp-image-7177\" style=\"padding-left: 25px;\" src=\"\/it\/wp-content\/uploads\/sites\/2\/2016\/11\/services-custom-icon-1.png\" alt=\"\" width=\"65\" \/><\/p>\n<h3><strong>Anuncios<\/strong><\/h3>\n[\/vc_column_text][vc_zigzag color=&#8221;white&#8221; el_border_width=&#8221;8&#8243;][vc_column_text css=&#8221;.vc_custom_1663921205140{padding-left: 10px !important;}&#8221; el_class=&#8221;novita&#8221;]<div class=\"mkd-unordered-list  mkd-circle\" >\n<ul>\n<li style=\"font-size: 18px; color: #333333; margin-bottom: 3px!important;\">Posibilidad de gestionar un n\u00famero ilimitado de operadores de mostrador con una \u00fanica identificaci\u00f3n<\/li>\n<li style=\"font-size: 18px; color: #333333; margin-bottom: 3px!important;\">Mark Up gratuito y opaco en las tarifas<\/li>\n<li style=\"font-size: 18px; color: #333333; margin-bottom: 3px!important;\">Nuevos gr\u00e1ficos m\u00e1s sencillos e intuitivos<\/li>\n<li style=\"font-size: 18px; color: #333333; margin-bottom: 3px!important;\">Filtros r\u00e1pidos y f\u00e1ciles para refinar sus b\u00fasquedas<\/li>\n<li style=\"font-size: 18px; color: #333333; margin-bottom: 3px!important;\">Procesos de compras y back office uniformados<\/li>\n<li style=\"font-size: 18px; color: #333333; margin-bottom: 3px!important;\">Asistencia gratuita 24\/7 a agencias proporcionada directamente por Easy Market<\/li>\n<\/ul>\n<\/div>[\/vc_column_text][\/vc_column][\/vc_row][vc_row content_width=&#8221;grid&#8221; css=&#8221;.vc_custom_1509468003722{margin-bottom: 10px !important;}&#8221;][vc_column css=&#8221;.vc_custom_1518519861494{border-top-width: 1px !important;border-right-width: 1px !important;border-bottom-width: 1px !important;border-left-width: 1px !important;padding-top: 10px !important;padding-right: 10px !important;padding-bottom: 10px !important;padding-left: 10px !important;background-color: #ffffff !important;border-left-color: #ec2426 !important;border-left-style: solid !important;border-right-color: #ec2426 !important;border-right-style: solid !important;border-top-color: #ec2426 !important;border-top-style: solid !important;border-bottom-color: #ec2426 !important;border-bottom-style: solid !important;border-radius: 4px !important;}&#8221;][vc_column_text]<img decoding=\"async\" class=\"alignleft wp-image-7177\" style=\"padding-left: 25px;\" src=\"\/it\/wp-content\/uploads\/sites\/2\/2017\/05\/icona-hotel-light-color.png\" alt=\"icona-hotel-light-color\" width=\"50\" \/><\/p>\n<h3><strong>HOTEL<\/strong><\/h3>\n[\/vc_column_text][vc_zigzag color=&#8221;white&#8221; el_border_width=&#8221;8&#8243;][vc_column_text css=&#8221;.vc_custom_1664466801804{padding-left: 10px !important;}&#8221; el_class=&#8221;hotel&#8221;]<div class=\"mkd-unordered-list  mkd-circle\" >\n<ul>\n<li style=\"font-size: 18px; color: #333333; margin-bottom: 3px!important;\">M\u00e1s de 1.000.000 en 223 pa\u00edses<\/li>\n<li style=\"font-size: 18px; color: #333333; margin-bottom: 3px!important;\">Elige los Hoteles de todo el mundo con el buscador, desde nuestro nuevo Mapa o utilizando su direcci\u00f3n<\/li>\n<li style=\"font-size: 18px; color: #333333; margin-bottom: 3px!important;\">Posibilidad de crear cotizaciones personalizadas para sus clientes<\/li>\n<li style=\"font-size: 18px; color: #333333; margin-bottom: 3px!important;\">Posibilidad de opci\u00f3n de tarifas<\/li>\n<li style=\"font-size: 18px; color: #333333; margin-bottom: 3px!important;\">Back Office para gestionar reservas de forma independiente<\/li>\n<\/ul>\n<\/div>[\/vc_column_text][\/vc_column][\/vc_row][vc_row content_width=&#8221;grid&#8221; css=&#8221;.vc_custom_1509468012268{margin-bottom: 10px !important;}&#8221;][vc_column css=&#8221;.vc_custom_1518519904096{border-top-width: 1px !important;border-right-width: 1px !important;border-bottom-width: 1px !important;border-left-width: 1px !important;padding-top: 10px !important;padding-right: 10px !important;padding-bottom: 10px !important;padding-left: 10px !important;background-color: #ffffff !important;border-left-color: #109c49 !important;border-left-style: solid !important;border-right-color: #109c49 !important;border-right-style: solid !important;border-top-color: #109c49 !important;border-top-style: solid !important;border-bottom-color: #109c49 !important;border-bottom-style: solid !important;border-radius: 4px !important;}&#8221;][vc_column_text]<img decoding=\"async\" class=\"alignleft wp-image-7177\" style=\"padding-left: 25px;\" src=\"\/it\/wp-content\/uploads\/sites\/2\/2017\/05\/icona-flight-light-color.png\" alt=\"icona-hotel-light-color\" width=\"50\" \/><\/p>\n<h3 class=\"upp\"><strong>Vuelos<\/strong><\/h3>\n[\/vc_column_text][vc_zigzag color=&#8221;white&#8221; el_border_width=&#8221;8&#8243;][vc_column_text css=&#8221;.vc_custom_1663921531427{padding-left: 10px !important;}&#8221; el_class=&#8221;voli&#8221;]<div class=\"mkd-unordered-list  mkd-circle\" >\n<ul>\n<li style=\"font-size: 18px; color: #333333; margin-bottom: 3px!important;\">M\u00e1s de 700 l\u00edneas a\u00e9reas regulares y de bajo coste<\/li>\n<li style=\"font-size: 18px; color: #333333; margin-bottom: 3px!important;\">Tarifas netas. Amplios m\u00e1rgenes de marcado<\/li>\n<li style=\"font-size: 18px; color: #333333; margin-bottom: 3px!important;\">Servicio de ticketing automatizado (24 horas)<\/li>\n<li style=\"font-size: 18px; color: #333333; margin-bottom: 3px!important;\">Tiempo L\u00edmite real de la l\u00ednea a\u00e9rea<\/li>\n<\/ul>\n<\/div>[\/vc_column_text][\/vc_column][\/vc_row][vc_row content_width=&#8221;grid&#8221; css=&#8221;.vc_custom_1509468012268{margin-bottom: 10px !important;}&#8221;][vc_column css=&#8221;.vc_custom_1518519924110{border-top-width: 1px !important;border-right-width: 1px !important;border-bottom-width: 1px !important;border-left-width: 1px !important;padding-top: 10px !important;padding-right: 10px !important;padding-bottom: 10px !important;padding-left: 10px !important;background-color: #ffffff !important;border-left-color: #8952a1 !important;border-left-style: solid !important;border-right-color: #8952a1 !important;border-right-style: solid !important;border-top-color: #8952a1 !important;border-top-style: solid !important;border-bottom-color: #8952a1 !important;border-bottom-style: solid !important;border-radius: 4px !important;}&#8221;][vc_column_text]<img decoding=\"async\" class=\"alignleft wp-image-7177\" style=\"padding-left: 25px;\" src=\"\/it\/wp-content\/uploads\/sites\/2\/2017\/05\/icona-activity-light-color.png\" alt=\"icona-hotel-light-color\" width=\"50\" \/><\/p>\n<h3 class=\"upp\"><strong>Actividades<\/strong><\/h3>\n[\/vc_column_text][vc_zigzag color=&#8221;white&#8221; el_border_width=&#8221;8&#8243;][vc_column_text css=&#8221;.vc_custom_1663921902425{padding-left: 10px !important;}&#8221; el_class=&#8221;attivita&#8221;]<div class=\"mkd-unordered-list  mkd-circle\" >\n<ul>\n<li style=\"font-size: 18px; color: #333333; margin-bottom: 3px!important;\">M\u00e1s de 18.000 ofertas comerciales en m\u00e1s de 185 pa\u00edses<\/li>\n<li style=\"font-size: 18px; color: #333333; margin-bottom: 3px!important;\">Excursiones con gu\u00edas en los idiomas m\u00e1s importantes<\/li>\n<li style=\"font-size: 18px; color: #333333; margin-bottom: 3px!important;\">Descripciones claras y oportunas de todos los productos.<\/li>\n<li style=\"font-size: 18px; color: #333333; margin-bottom: 3px!important;\">Posibilidad de crear cotizaciones personalizadas para sus clientes<\/li>\n<li style=\"font-size: 18px; color: #333333; margin-bottom: 3px!important;\">Pago directo a Mercado F\u00e1cil<\/li>\n<\/ul>\n<\/div>[\/vc_column_text][\/vc_column][\/vc_row][vc_row content_width=&#8221;grid&#8221; css=&#8221;.vc_custom_1509468012268{margin-bottom: 10px !important;}&#8221;][vc_column css=&#8221;.vc_custom_1518519882018{border-top-width: 1px !important;border-right-width: 1px !important;border-bottom-width: 1px !important;border-left-width: 1px !important;padding-top: 10px !important;padding-right: 10px !important;padding-bottom: 10px !important;padding-left: 10px !important;background-color: #ffffff !important;border-left-color: #eb3393 !important;border-left-style: solid !important;border-right-color: #eb3393 !important;border-right-style: solid !important;border-top-color: #eb3393 !important;border-top-style: solid !important;border-bottom-color: #eb3393 !important;border-bottom-style: solid !important;border-radius: 4px !important;}&#8221;][vc_column_text]<img decoding=\"async\" class=\"alignleft wp-image-7177\" style=\"padding-left: 25px;\" src=\"\/it\/wp-content\/uploads\/sites\/2\/2017\/05\/icona-auto-light-color.png\" alt=\"icona-hotel-light-color\" width=\"50\" \/><\/p>\n<h3 class=\"upp\"><strong>Coches<\/strong><\/h3>\n[\/vc_column_text][vc_zigzag color=&#8221;white&#8221; el_border_width=&#8221;8&#8243;][vc_column_text css=&#8221;.vc_custom_1663921816217{padding-left: 10px !important;}&#8221; el_class=&#8221;auto&#8221;]<div class=\"mkd-unordered-list  mkd-circle\" >\n<ul>\n<li style=\"font-size: 18px; color: #333333; margin-bottom: 3px!important;\">M\u00e1s de 500 proveedores, 111.000 coches de alquiler y 24 millones de ofertas para tus clientes<\/li>\n<li style=\"font-size: 18px; color: #333333; margin-bottom: 3px!important;\">Posibilidad de crear cotizaciones personalizadas para sus clientes<\/li>\n<li style=\"font-size: 18px; color: #333333; margin-bottom: 3px!important;\">Facturaci\u00f3n publicitaria neta 74 TER<\/li>\n<li style=\"font-size: 18px; color: #333333; margin-bottom: 3px!important;\">Pago directo a Mercado F\u00e1ci<\/li>\n<li style=\"font-size: 18px; color: #333333; margin-bottom: 3px!important;\">Back office integrado para administrar su pr\u00e1ctica de forma independiente<\/li>\n<\/ul>\n<\/div>[\/vc_column_text][\/vc_column][\/vc_row][vc_row content_width=&#8221;grid&#8221; content_aligment=&#8221;center&#8221; css=&#8221;.vc_custom_1646392162422{margin-top: 30px !important;margin-bottom: 0px !important;padding-top: 15px !important;padding-bottom: 20px !important;background-image: url(https:\/\/www.easymarket.travel\/it\/wp-content\/uploads\/sites\/2\/2015\/07\/h7-background-2.jpg?id=7295) !important;}&#8221;][vc_column css=&#8221;.vc_custom_1641977445533{margin-bottom: 0px !important;}&#8221;]<div class=\"mkd-section-title-holder\">\n\t<h2 class=\"mkd-section-title mkd-section-title-medium mkd-section-title-left\" style=\"color: #ffffff;text-align: left\">\n\t<span>\n\t\tPor qu\u00e9 elegir Revolution\u00a9\t<\/span>\n<\/h2>\n<\/div><div  class=\"mkd-icon-list-item mkd-icon-list-item-headings-font-family\">\n\t<div class=\"mkd-icon-list-icon-holder\">\n\t\t<div class=\"mkd-icon-list-icon-holder-inner clearfix\">\n\t\t\t<span aria-hidden=\"true\" class=\"mkd-icon-font-elegant icon_ribbon \" style=\"color:#ffffff;font-size:18px\" ><\/span>\t\t<\/div>\n\t<\/div>\n\t<p class=\"mkd-icon-list-text\" >\n\t\t<span class=\"mkd-icon-list-title\"  style=\"color:#ffffff;font-size:20px;font-weight: 500\">\n\t\t\t\u00a1Es gratis!\t\t<\/span>\n\t\t<span class=\"mkd-icon-list-subtitle\">\n\t\t\t\t\t<\/span>\n\t<\/p>\n<\/div><div  class=\"mkd-icon-list-item mkd-icon-list-item-headings-font-family\">\n\t<div class=\"mkd-icon-list-icon-holder\">\n\t\t<div class=\"mkd-icon-list-icon-holder-inner clearfix\">\n\t\t\t<span aria-hidden=\"true\" class=\"mkd-icon-font-elegant icon_ribbon \" style=\"color:#ffffff;font-size:18px\" ><\/span>\t\t<\/div>\n\t<\/div>\n\t<p class=\"mkd-icon-list-text\" >\n\t\t<span class=\"mkd-icon-list-title\"  style=\"color:#ffffff;font-size:20px;font-weight: 400\">\n\t\t\tOfrece soluciones r\u00e1pidas para cualquiera de las solicitudes de sus clientes.\t\t<\/span>\n\t\t<span class=\"mkd-icon-list-subtitle\">\n\t\t\t\t\t<\/span>\n\t<\/p>\n<\/div><div  class=\"mkd-icon-list-item mkd-icon-list-item-headings-font-family\">\n\t<div class=\"mkd-icon-list-icon-holder\">\n\t\t<div class=\"mkd-icon-list-icon-holder-inner clearfix\">\n\t\t\t<span aria-hidden=\"true\" class=\"mkd-icon-font-elegant icon_ribbon \" style=\"color:#ffffff;font-size:18px\" ><\/span>\t\t<\/div>\n\t<\/div>\n\t<p class=\"mkd-icon-list-text\" >\n\t\t<span class=\"mkd-icon-list-title\"  style=\"color:#ffffff;font-size:20px;font-weight: 400\">\n\t\t\tDispone di un ricco database di offerte con disponiblit\u00e0 reale.\t\t<\/span>\n\t\t<span class=\"mkd-icon-list-subtitle\">\n\t\t\t\t\t<\/span>\n\t<\/p>\n<\/div><div  class=\"mkd-icon-list-item mkd-icon-list-item-headings-font-family\">\n\t<div class=\"mkd-icon-list-icon-holder\">\n\t\t<div class=\"mkd-icon-list-icon-holder-inner clearfix\">\n\t\t\t<span aria-hidden=\"true\" class=\"mkd-icon-font-elegant icon_ribbon \" style=\"color:#ffffff;font-size:18px\" ><\/span>\t\t<\/div>\n\t<\/div>\n\t<p class=\"mkd-icon-list-text\" >\n\t\t<span class=\"mkd-icon-list-title\"  style=\"color:#ffffff;font-size:20px;font-weight: 400\">\n\t\t\tOfrece precios competitivos y comisiones ventajosas.\t\t<\/span>\n\t\t<span class=\"mkd-icon-list-subtitle\">\n\t\t\t\t\t<\/span>\n\t<\/p>\n<\/div><div  class=\"mkd-icon-list-item mkd-icon-list-item-headings-font-family\">\n\t<div class=\"mkd-icon-list-icon-holder\">\n\t\t<div class=\"mkd-icon-list-icon-holder-inner clearfix\">\n\t\t\t<span aria-hidden=\"true\" class=\"mkd-icon-font-elegant icon_ribbon \" style=\"color:#ffffff;font-size:18px\" ><\/span>\t\t<\/div>\n\t<\/div>\n\t<p class=\"mkd-icon-list-text\" >\n\t\t<span class=\"mkd-icon-list-title\"  style=\"color:#ffffff;font-size:20px;font-weight: 400\">\n\t\t\tPone a su disposici\u00f3n un Cualificado Servicio de Atenci\u00f3n al Cliente.\t\t<\/span>\n\t\t<span class=\"mkd-icon-list-subtitle\">\n\t\t\t\t\t<\/span>\n\t<\/p>\n<\/div><div  class=\"mkd-icon-list-item mkd-icon-list-item-headings-font-family\">\n\t<div class=\"mkd-icon-list-icon-holder\">\n\t\t<div class=\"mkd-icon-list-icon-holder-inner clearfix\">\n\t\t\t<span aria-hidden=\"true\" class=\"mkd-icon-font-elegant icon_ribbon \" style=\"color:#ffffff;font-size:18px\" ><\/span>\t\t<\/div>\n\t<\/div>\n\t<p class=\"mkd-icon-list-text\" >\n\t\t<span class=\"mkd-icon-list-title\"  style=\"color:#ffffff;font-size:20px;font-weight: 400\">\n\t\t\tTe permite m\u00e9todos de pago flexibles.\t\t<\/span>\n\t\t<span class=\"mkd-icon-list-subtitle\">\n\t\t\t\t\t<\/span>\n\t<\/p>\n<\/div>[\/vc_column][\/vc_row]\n<\/section>","protected":false},"excerpt":{"rendered":"<p>[vc_row content_width=&#8221;grid&#8221; css=&#8221;.vc_custom_1493019319099{margin-top: 30px !important;background-position: 0 0 !important;background-repeat: repeat !important;}&#8221;][vc_column][vc_row_inner content_width=&#8221;grid&#8221; content_aligment=&#8221;center&#8221; css=&#8221;.vc_custom_1506089713095{margin-top: 30px !important;margin-bottom: 30px !important;}&#8221;][vc_column_inner][\/vc_column_inner][vc_column_inner][\/vc_column_inner][vc_column_inner][\/vc_column_inner][\/vc_row_inner][vc_column_text css=&#8221;.vc_custom_1663940990500{margin-bottom: 30px !important;}&#8221;] C\u00e1mbiate a Revolution\u00a9, un\u00a0sistema de reservas sencillo, r\u00e1pido y divertido, que te ofrece Hoteles, Vuelos, Coches, Actividades y mucho m\u00e1s en una \u00fanica soluci\u00f3n, a precios competitivos. Revolution es sin\u00f3nimo de innovaci\u00f3n, tecnolog\u00eda y vanguardia al servicio del mercado B2B. Un sistema, basado en las necesidades reales de las agencias, en constante desarrollo por parte del Departamento de IT que, en cooperaci\u00f3n con el Departamento Comercial y los Departamentos Operativos que brindan una visi\u00f3n precisa de las necesidades de las&#8230;<\/p>\n","protected":false},"author":2,"featured_media":0,"parent":0,"menu_order":0,"comment_status":"closed","ping_status":"closed","template":"full-width.php","meta":[],"acf":[],"yoast_head":"<!-- This site is optimized with the Yoast SEO plugin v21.8 - https:\/\/yoast.com\/wordpress\/plugins\/seo\/ -->\n<title>Revolution - Easy Market | ES<\/title>\n<meta name=\"robots\" content=\"index, follow, max-snippet:-1, max-image-preview:large, max-video-preview:-1\" \/>\n<link rel=\"canonical\" href=\"https:\/\/www.easymarket.travel\/es\/revolution\/\" \/>\n<meta property=\"og:locale\" content=\"en_US\" \/>\n<meta property=\"og:type\" content=\"article\" \/>\n<meta property=\"og:title\" content=\"Revolution - Easy Market | ES\" \/>\n<meta property=\"og:description\" content=\"[vc_row content_width=&#8221;grid&#8221; css=&#8221;.vc_custom_1493019319099{margin-top: 30px !important;background-position: 0 0 !important;background-repeat: repeat !important;}&#8221;][vc_column][vc_row_inner content_width=&#8221;grid&#8221; content_aligment=&#8221;center&#8221; css=&#8221;.vc_custom_1506089713095{margin-top: 30px !important;margin-bottom: 30px !important;}&#8221;][vc_column_inner][\/vc_column_inner][vc_column_inner][\/vc_column_inner][vc_column_inner][\/vc_column_inner][\/vc_row_inner][vc_column_text css=&#8221;.vc_custom_1663940990500{margin-bottom: 30px !important;}&#8221;] C\u00e1mbiate a Revolution\u00a9, un\u00a0sistema de reservas sencillo, r\u00e1pido y divertido, que te ofrece Hoteles, Vuelos, Coches, Actividades y mucho m\u00e1s en una \u00fanica soluci\u00f3n, a precios competitivos. Revolution es sin\u00f3nimo de innovaci\u00f3n, tecnolog\u00eda y vanguardia al servicio del mercado B2B. Un sistema, basado en las necesidades reales de las agencias, en constante desarrollo por parte del Departamento de IT que, en cooperaci\u00f3n con el Departamento Comercial y los Departamentos Operativos que brindan una visi\u00f3n precisa de las necesidades de las...\" \/>\n<meta property=\"og:url\" content=\"https:\/\/www.easymarket.travel\/es\/revolution\/\" \/>\n<meta property=\"og:site_name\" content=\"Easy Market | ES\" \/>\n<meta property=\"article:modified_time\" content=\"2022-09-29T15:54:07+00:00\" \/>\n<meta name=\"twitter:label1\" content=\"Est. reading time\" \/>\n\t<meta name=\"twitter:data1\" content=\"5 minutes\" \/>\n<script type=\"application\/ld+json\" class=\"yoast-schema-graph\">{\"@context\":\"https:\/\/schema.org\",\"@graph\":[{\"@type\":\"WebPage\",\"@id\":\"https:\/\/www.easymarket.travel\/es\/revolution\/\",\"url\":\"https:\/\/www.easymarket.travel\/es\/revolution\/\",\"name\":\"Revolution - Easy Market | ES\",\"isPartOf\":{\"@id\":\"https:\/\/www.easymarket.travel\/es\/#website\"},\"datePublished\":\"2018-01-10T16:16:12+00:00\",\"dateModified\":\"2022-09-29T15:54:07+00:00\",\"breadcrumb\":{\"@id\":\"https:\/\/www.easymarket.travel\/es\/revolution\/#breadcrumb\"},\"inLanguage\":\"en-US\",\"potentialAction\":[{\"@type\":\"ReadAction\",\"target\":[\"https:\/\/www.easymarket.travel\/es\/revolution\/\"]}]},{\"@type\":\"BreadcrumbList\",\"@id\":\"https:\/\/www.easymarket.travel\/es\/revolution\/#breadcrumb\",\"itemListElement\":[{\"@type\":\"ListItem\",\"position\":1,\"name\":\"Home\",\"item\":\"https:\/\/www.easymarket.travel\/es\/\"},{\"@type\":\"ListItem\",\"position\":2,\"name\":\"Revolution\"}]},{\"@type\":\"WebSite\",\"@id\":\"https:\/\/www.easymarket.travel\/es\/#website\",\"url\":\"https:\/\/www.easymarket.travel\/es\/\",\"name\":\"Easy Market | ES\",\"description\":\"Sistema de reservas para Agencias de Viajes\",\"potentialAction\":[{\"@type\":\"SearchAction\",\"target\":{\"@type\":\"EntryPoint\",\"urlTemplate\":\"https:\/\/www.easymarket.travel\/es\/?s={search_term_string}\"},\"query-input\":\"required name=search_term_string\"}],\"inLanguage\":\"en-US\"}]}<\/script>\n<!-- \/ Yoast SEO plugin. -->","yoast_head_json":{"title":"Revolution - Easy Market | ES","robots":{"index":"index","follow":"follow","max-snippet":"max-snippet:-1","max-image-preview":"max-image-preview:large","max-video-preview":"max-video-preview:-1"},"canonical":"https:\/\/www.easymarket.travel\/es\/revolution\/","og_locale":"en_US","og_type":"article","og_title":"Revolution - Easy Market | ES","og_description":"[vc_row content_width=&#8221;grid&#8221; css=&#8221;.vc_custom_1493019319099{margin-top: 30px !important;background-position: 0 0 !important;background-repeat: repeat !important;}&#8221;][vc_column][vc_row_inner content_width=&#8221;grid&#8221; content_aligment=&#8221;center&#8221; css=&#8221;.vc_custom_1506089713095{margin-top: 30px !important;margin-bottom: 30px !important;}&#8221;][vc_column_inner][\/vc_column_inner][vc_column_inner][\/vc_column_inner][vc_column_inner][\/vc_column_inner][\/vc_row_inner][vc_column_text css=&#8221;.vc_custom_1663940990500{margin-bottom: 30px !important;}&#8221;] C\u00e1mbiate a Revolution\u00a9, un\u00a0sistema de reservas sencillo, r\u00e1pido y divertido, que te ofrece Hoteles, Vuelos, Coches, Actividades y mucho m\u00e1s en una \u00fanica soluci\u00f3n, a precios competitivos. Revolution es sin\u00f3nimo de innovaci\u00f3n, tecnolog\u00eda y vanguardia al servicio del mercado B2B. Un sistema, basado en las necesidades reales de las agencias, en constante desarrollo por parte del Departamento de IT que, en cooperaci\u00f3n con el Departamento Comercial y los Departamentos Operativos que brindan una visi\u00f3n precisa de las necesidades de las...","og_url":"https:\/\/www.easymarket.travel\/es\/revolution\/","og_site_name":"Easy Market | ES","article_modified_time":"2022-09-29T15:54:07+00:00","twitter_misc":{"Est. reading time":"5 minutes"},"schema":{"@context":"https:\/\/schema.org","@graph":[{"@type":"WebPage","@id":"https:\/\/www.easymarket.travel\/es\/revolution\/","url":"https:\/\/www.easymarket.travel\/es\/revolution\/","name":"Revolution - Easy Market | ES","isPartOf":{"@id":"https:\/\/www.easymarket.travel\/es\/#website"},"datePublished":"2018-01-10T16:16:12+00:00","dateModified":"2022-09-29T15:54:07+00:00","breadcrumb":{"@id":"https:\/\/www.easymarket.travel\/es\/revolution\/#breadcrumb"},"inLanguage":"en-US","potentialAction":[{"@type":"ReadAction","target":["https:\/\/www.easymarket.travel\/es\/revolution\/"]}]},{"@type":"BreadcrumbList","@id":"https:\/\/www.easymarket.travel\/es\/revolution\/#breadcrumb","itemListElement":[{"@type":"ListItem","position":1,"name":"Home","item":"https:\/\/www.easymarket.travel\/es\/"},{"@type":"ListItem","position":2,"name":"Revolution"}]},{"@type":"WebSite","@id":"https:\/\/www.easymarket.travel\/es\/#website","url":"https:\/\/www.easymarket.travel\/es\/","name":"Easy Market | ES","description":"Sistema de reservas para Agencias de Viajes","potentialAction":[{"@type":"SearchAction","target":{"@type":"EntryPoint","urlTemplate":"https:\/\/www.easymarket.travel\/es\/?s={search_term_string}"},"query-input":"required name=search_term_string"}],"inLanguage":"en-US"}]}},"_links":{"self":[{"href":"https:\/\/www.easymarket.travel\/es\/wp-json\/wp\/v2\/pages\/31"}],"collection":[{"href":"https:\/\/www.easymarket.travel\/es\/wp-json\/wp\/v2\/pages"}],"about":[{"href":"https:\/\/www.easymarket.travel\/es\/wp-json\/wp\/v2\/types\/page"}],"author":[{"embeddable":true,"href":"https:\/\/www.easymarket.travel\/es\/wp-json\/wp\/v2\/users\/2"}],"replies":[{"embeddable":true,"href":"https:\/\/www.easymarket.travel\/es\/wp-json\/wp\/v2\/comments?post=31"}],"version-history":[{"count":15,"href":"https:\/\/www.easymarket.travel\/es\/wp-json\/wp\/v2\/pages\/31\/revisions"}],"predecessor-version":[{"id":231,"href":"https:\/\/www.easymarket.travel\/es\/wp-json\/wp\/v2\/pages\/31\/revisions\/231"}],"wp:attachment":[{"href":"https:\/\/www.easymarket.travel\/es\/wp-json\/wp\/v2\/media?parent=31"}],"curies":[{"name":"wp","href":"https:\/\/api.w.org\/{rel}","templated":true}]}}