{"id":29,"date":"2018-01-10T16:14:48","date_gmt":"2018-01-10T16:14:48","guid":{"rendered":"http:\/\/www.easymarket.travel\/es\/?page_id=29"},"modified":"2022-09-23T13:40:40","modified_gmt":"2022-09-23T13:40:40","slug":"mision","status":"publish","type":"page","link":"https:\/\/www.easymarket.travel\/es\/mision\/","title":{"rendered":"Misi\u00f3n"},"content":{"rendered":"<section class=\"wpb-content-wrapper\">[vc_row content_width=&#8221;grid&#8221; css=&#8221;.vc_custom_1641977388549{margin-top: 30px !important;}&#8221;][vc_column]<div class=\"mkd-section-title-holder\">\n\t<h2 class=\"mkd-section-title mkd-section-title-medium mkd-section-title-left\" style=\"color: #1e73be;text-align: left;margin-bottom: 20px\">\n\t<span>\n\t\tMisi\u00f3n: innovaci\u00f3n e integraci\u00f3n de servicios\t<\/span>\n<\/h2>\n<\/div>[vc_column_text]\n<h4><span style=\"color: #333333;\">Easy Market opera con el objetivo de proporcionar a las agencias de viajes un <strong>\u00fanico sistema de reservas<\/strong>, simple y flexible, que permite el acceso a una <strong>amplia gama de servicios y tarifas de una amplia gama de proveedores<\/strong>.<\/span><\/h4>\n<h4><span style=\"color: #333333;\">Consolida el producto de los mejores operadores tur\u00edsticos existentes en el mercado, ofrece un sistema intuitivo, pero por sobre todo vanguardista.<br \/>\nPermite una f\u00e1cil comparaci\u00f3n de las tarifas de vuelo de todas las compa\u00f1\u00edas a\u00e9reas (l\u00ednea y low cost) integradas.<br \/>\nTiene una amplia oferta de hoteles en todo el mundo, a tarifas netas y exclusivas. Propone todas las ofertas especiales de las mejores compa\u00f1\u00edas de alquiler de coches. Actividades en todo el mundo y soluciones para los viajes de grupo.<\/span><\/h4>\n<h4><span style=\"color: #1fbdf2;\"><strong>\u00bfPor qu\u00e9 Revolution?<\/strong><\/span><\/h4>\n<div class=\"mkd-unordered-list  mkd-circle\" >\n<ul>\n<li style=\"font-size: 20px; color: #333333;\">es una plataforma en continuo desarrollo y, gracias a un departamento de IT inside, cuenta con una constante actualizaci\u00f3n, integraci\u00f3n de nuevas funcionalidades, y la optimizaci\u00f3n de las existentes.<\/li>\n<li style=\"font-size: 20px; color: #333333;\">El funcionamiento de los motores de b\u00fasqueda es particularmente intuitivo y simple, \u00a1pensado para facilitar el trabajo diario en la Agencia!<\/li>\n<\/ul>\n<\/div>\n<h4><span style=\"color: #1fbdf2;\"><strong>\u00bfPor qu\u00e9 Easy Market?<\/strong><\/span><\/h4>\n<h4><strong>\u00a1Trabajamos para garantizarle solo lo mejor!<\/strong><\/h4>\n<div class=\"mkd-unordered-list  mkd-circle\" >\n<ul>\n<li style=\"font-size: 20px; color: #333333;\">Easy Market es mucho m\u00e1s que una simple OLTA! De hecho, tenemos una red comercial presente en toda Italia y los distintos pa\u00edses europeos a disposici\u00f3n de las Agencias. Compuesta por profesionales preparados para apoyarlas personalmente en su trabajo.<\/li>\n<li style=\"font-size: 20px; color: #333333;\">\u00a1Nuestro trabajo no se acaba en el \u00e1mbito online, sino que va mucho m\u00e1s all\u00e1 de los servicios ofrecidos en la plataforma! Entre los objetivos principales est\u00e1 el de cuidar personalmente la relaci\u00f3n con las Agencias. \u00bfC\u00f3mo? A trav\u00e9s de eventos, ferias o diversas iniciativas dise\u00f1adas especialmente para ellos.<\/li>\n<\/ul>\n<\/div>[\/vc_column_text][\/vc_column][\/vc_row][vc_row css=&#8221;.vc_custom_1542278372116{margin-top: 50px !important;margin-bottom: 0px !important;border-bottom-width: 0px !important;padding-top: 30px !important;background: #eaeaea url(\/it\/wp-content\/uploads\/sites\/2\/2015\/07\/bg-row-page-revolution.png?id=6917) !important;background-position: 0 0 !important;background-repeat: repeat !important;}&#8221;][vc_column css=&#8221;.vc_custom_1542278474876{margin-bottom: 0px !important;}&#8221;]<div class=\"mkd-elements-holder mkd-responsive-mode-768\" ><div class=\"mkd-elements-holder-item mkd-width-1-1 mkd-vertical-alignment-middle mkd-horizontal-alignment-center\" data-item-class=\"mkd-elements-holder-custom-650513\" >\n\t<div class=\"mkd-elements-holder-item-inner\">\n\t\t<div\n\t\t\tclass=\"mkd-elements-holder-item-content mkd-elements-holder-custom-650513\" style=\"margin: 0\">\n\t\t\t<div class=\"mkd-elements-holder-item-content-inner\">\n\t\t\t\t<div class=\"mkd-section-title-holder\">\n\t<h1 class=\"mkd-section-title mkd-section-title-large mkd-section-title-center\" style=\"color: #1e73be;text-align: center\">\n\t<span>\n\t\t\u00bfCansado de su viejo CRS?\t<\/span>\n<\/h1>\n<\/div>[vc_column_text]<span style=\"color: #1e73be; font-size: 30px; margin: 35px auto -5px auto; display: block; clear: left;\">Elige<\/span><br \/>\n<a href=\"https:\/\/www.revolution.travel\" target=\"_blank\" rel=\"noopener noreferrer\"><img decoding=\"async\" style=\"display: block; margin: 0 auto;\" src=\"\/it\/wp-content\/uploads\/sites\/2\/eventi\/revolution-logo-big-300x95.png\" alt=\"revolution-logo-big\" \/><\/a><br \/>\n<span style=\"display: block; clear: left; margin: 0 auto; color: #1e73be; font-size: 35px;\">y trabaja sin estr\u00e9s<\/span>[\/vc_column_text][vc_column_text]\n<div style=\"text-align: center; margin: 35px auto 0 auto;\"><img decoding=\"async\" loading=\"lazy\" class=\"alignnone wp-image-6023\" src=\"\/it\/wp-content\/uploads\/sites\/2\/2014\/10\/ico_circle_hotel.png\" alt=\"ico_circle_hotel\" width=\"50\" height=\"50\" \/> <img decoding=\"async\" loading=\"lazy\" class=\"alignnone wp-image-6024\" src=\"\/it\/wp-content\/uploads\/sites\/2\/2014\/10\/ico_circle_voli.png\" alt=\"ico_circle_voli\" width=\"50\" height=\"50\" \/>\u00a0 <img decoding=\"async\" loading=\"lazy\" class=\"alignnone wp-image-6033\" src=\"\/it\/wp-content\/uploads\/sites\/2\/2014\/10\/ico_circle_transfer.png\" alt=\"ico_circle_transfer\" width=\"50\" height=\"50\" \/> <img decoding=\"async\" loading=\"lazy\" class=\"alignnone wp-image-6031\" src=\"\/it\/wp-content\/uploads\/sites\/2\/2014\/10\/ico_circle_activity.png\" alt=\"ico_circle_activity\" width=\"50\" height=\"50\" \/> <img decoding=\"async\" loading=\"lazy\" class=\"alignnone wp-image-6027\" src=\"\/it\/wp-content\/uploads\/sites\/2\/2014\/10\/ico_circle_auto.png\" alt=\"ico_circle_auto\" width=\"50\" height=\"50\" \/> <img decoding=\"async\" loading=\"lazy\" class=\"alignnone wp-image-6025\" src=\"\/it\/wp-content\/uploads\/sites\/2\/2014\/10\/ico_circle_gruppi.png\" alt=\"ico_circle_gruppi\" width=\"50\" height=\"50\" \/><\/div>\n[\/vc_column_text]\t\t\t<\/div>\n\t\t<\/div>\n\t<\/div>\n<\/div><div class=\"mkd-elements-holder-item mkd-width-3-5 mkd-vertical-alignment-bottom mkd-horizontal-alignment-left\" data-item-class=\"mkd-elements-holder-custom-766524\" >\n\t<div class=\"mkd-elements-holder-item-inner\">\n\t\t<div\n\t\t\tclass=\"mkd-elements-holder-item-content mkd-elements-holder-custom-766524\" >\n\t\t\t<div class=\"mkd-elements-holder-item-content-inner\">\n\t\t\t\t<div class=\"mkd-animations-holder mkd-element-from-right\" data-animation=\"mkd-element-from-right\">\n\t<div style=\"transition-delay: 300ms;-webkit-animation-delay: 300ms;animation-delay: 300ms;animation-duration: 500ms;-webkit-animation-duration: 500ms;-moz-animation-duration: 500ms\">\n\t\t[vc_single_image image=&#8221;123&#8243; img_size=&#8221;543&#215;511&#8243; alignment=&#8221;center&#8221; onclick=&#8221;custom_link&#8221; img_link_target=&#8221;_blank&#8221; link=&#8221;https:\/\/www.revolution.travel\/register&#8221; css=&#8221;.vc_custom_1663658081025{margin-bottom: 20px !important;}&#8221;]\t<\/div>\n\n<\/div>\t\t\t<\/div>\n\t\t<\/div>\n\t<\/div>\n<\/div><\/div>[\/vc_column][\/vc_row]\n<\/section>","protected":false},"excerpt":{"rendered":"<p>[vc_row content_width=&#8221;grid&#8221; css=&#8221;.vc_custom_1641977388549{margin-top: 30px !important;}&#8221;][vc_column][vc_column_text] Easy Market opera con el objetivo de proporcionar a las agencias de viajes un \u00fanico sistema de reservas, simple y flexible, que permite el acceso a una amplia gama de servicios y tarifas de una amplia gama de proveedores. Consolida el producto de los mejores operadores tur\u00edsticos existentes en el mercado, ofrece un sistema intuitivo, pero por sobre todo vanguardista. Permite una f\u00e1cil comparaci\u00f3n de las tarifas de vuelo de todas las compa\u00f1\u00edas a\u00e9reas (l\u00ednea y low cost) integradas. Tiene una amplia oferta de hoteles en todo el mundo, a tarifas netas y exclusivas. Propone&#8230;<\/p>\n","protected":false},"author":2,"featured_media":0,"parent":0,"menu_order":0,"comment_status":"closed","ping_status":"closed","template":"full-width.php","meta":[],"acf":[],"yoast_head":"<!-- This site is optimized with the Yoast SEO plugin v21.8 - https:\/\/yoast.com\/wordpress\/plugins\/seo\/ -->\n<title>Misi\u00f3n - Easy Market | ES<\/title>\n<meta name=\"robots\" content=\"index, follow, max-snippet:-1, max-image-preview:large, max-video-preview:-1\" \/>\n<link rel=\"canonical\" href=\"https:\/\/www.easymarket.travel\/es\/mision\/\" \/>\n<meta property=\"og:locale\" content=\"en_US\" \/>\n<meta property=\"og:type\" content=\"article\" \/>\n<meta property=\"og:title\" content=\"Misi\u00f3n - Easy Market | ES\" \/>\n<meta property=\"og:description\" content=\"[vc_row content_width=&#8221;grid&#8221; css=&#8221;.vc_custom_1641977388549{margin-top: 30px !important;}&#8221;][vc_column][vc_column_text] Easy Market opera con el objetivo de proporcionar a las agencias de viajes un \u00fanico sistema de reservas, simple y flexible, que permite el acceso a una amplia gama de servicios y tarifas de una amplia gama de proveedores. Consolida el producto de los mejores operadores tur\u00edsticos existentes en el mercado, ofrece un sistema intuitivo, pero por sobre todo vanguardista. Permite una f\u00e1cil comparaci\u00f3n de las tarifas de vuelo de todas las compa\u00f1\u00edas a\u00e9reas (l\u00ednea y low cost) integradas. Tiene una amplia oferta de hoteles en todo el mundo, a tarifas netas y exclusivas. Propone...\" \/>\n<meta property=\"og:url\" content=\"https:\/\/www.easymarket.travel\/es\/mision\/\" \/>\n<meta property=\"og:site_name\" content=\"Easy Market | ES\" \/>\n<meta property=\"article:modified_time\" content=\"2022-09-23T13:40:40+00:00\" \/>\n<meta name=\"twitter:label1\" content=\"Est. reading time\" \/>\n\t<meta name=\"twitter:data1\" content=\"4 minutes\" \/>\n<script type=\"application\/ld+json\" class=\"yoast-schema-graph\">{\"@context\":\"https:\/\/schema.org\",\"@graph\":[{\"@type\":\"WebPage\",\"@id\":\"https:\/\/www.easymarket.travel\/es\/mision\/\",\"url\":\"https:\/\/www.easymarket.travel\/es\/mision\/\",\"name\":\"Misi\u00f3n - Easy Market | ES\",\"isPartOf\":{\"@id\":\"https:\/\/www.easymarket.travel\/es\/#website\"},\"datePublished\":\"2018-01-10T16:14:48+00:00\",\"dateModified\":\"2022-09-23T13:40:40+00:00\",\"breadcrumb\":{\"@id\":\"https:\/\/www.easymarket.travel\/es\/mision\/#breadcrumb\"},\"inLanguage\":\"en-US\",\"potentialAction\":[{\"@type\":\"ReadAction\",\"target\":[\"https:\/\/www.easymarket.travel\/es\/mision\/\"]}]},{\"@type\":\"BreadcrumbList\",\"@id\":\"https:\/\/www.easymarket.travel\/es\/mision\/#breadcrumb\",\"itemListElement\":[{\"@type\":\"ListItem\",\"position\":1,\"name\":\"Home\",\"item\":\"https:\/\/www.easymarket.travel\/es\/\"},{\"@type\":\"ListItem\",\"position\":2,\"name\":\"Misi\u00f3n\"}]},{\"@type\":\"WebSite\",\"@id\":\"https:\/\/www.easymarket.travel\/es\/#website\",\"url\":\"https:\/\/www.easymarket.travel\/es\/\",\"name\":\"Easy Market | ES\",\"description\":\"Sistema de reservas para Agencias de Viajes\",\"potentialAction\":[{\"@type\":\"SearchAction\",\"target\":{\"@type\":\"EntryPoint\",\"urlTemplate\":\"https:\/\/www.easymarket.travel\/es\/?s={search_term_string}\"},\"query-input\":\"required name=search_term_string\"}],\"inLanguage\":\"en-US\"}]}<\/script>\n<!-- \/ Yoast SEO plugin. -->","yoast_head_json":{"title":"Misi\u00f3n - Easy Market | ES","robots":{"index":"index","follow":"follow","max-snippet":"max-snippet:-1","max-image-preview":"max-image-preview:large","max-video-preview":"max-video-preview:-1"},"canonical":"https:\/\/www.easymarket.travel\/es\/mision\/","og_locale":"en_US","og_type":"article","og_title":"Misi\u00f3n - Easy Market | ES","og_description":"[vc_row content_width=&#8221;grid&#8221; css=&#8221;.vc_custom_1641977388549{margin-top: 30px !important;}&#8221;][vc_column][vc_column_text] Easy Market opera con el objetivo de proporcionar a las agencias de viajes un \u00fanico sistema de reservas, simple y flexible, que permite el acceso a una amplia gama de servicios y tarifas de una amplia gama de proveedores. Consolida el producto de los mejores operadores tur\u00edsticos existentes en el mercado, ofrece un sistema intuitivo, pero por sobre todo vanguardista. Permite una f\u00e1cil comparaci\u00f3n de las tarifas de vuelo de todas las compa\u00f1\u00edas a\u00e9reas (l\u00ednea y low cost) integradas. Tiene una amplia oferta de hoteles en todo el mundo, a tarifas netas y exclusivas. Propone...","og_url":"https:\/\/www.easymarket.travel\/es\/mision\/","og_site_name":"Easy Market | ES","article_modified_time":"2022-09-23T13:40:40+00:00","twitter_misc":{"Est. reading time":"4 minutes"},"schema":{"@context":"https:\/\/schema.org","@graph":[{"@type":"WebPage","@id":"https:\/\/www.easymarket.travel\/es\/mision\/","url":"https:\/\/www.easymarket.travel\/es\/mision\/","name":"Misi\u00f3n - Easy Market | ES","isPartOf":{"@id":"https:\/\/www.easymarket.travel\/es\/#website"},"datePublished":"2018-01-10T16:14:48+00:00","dateModified":"2022-09-23T13:40:40+00:00","breadcrumb":{"@id":"https:\/\/www.easymarket.travel\/es\/mision\/#breadcrumb"},"inLanguage":"en-US","potentialAction":[{"@type":"ReadAction","target":["https:\/\/www.easymarket.travel\/es\/mision\/"]}]},{"@type":"BreadcrumbList","@id":"https:\/\/www.easymarket.travel\/es\/mision\/#breadcrumb","itemListElement":[{"@type":"ListItem","position":1,"name":"Home","item":"https:\/\/www.easymarket.travel\/es\/"},{"@type":"ListItem","position":2,"name":"Misi\u00f3n"}]},{"@type":"WebSite","@id":"https:\/\/www.easymarket.travel\/es\/#website","url":"https:\/\/www.easymarket.travel\/es\/","name":"Easy Market | ES","description":"Sistema de reservas para Agencias de Viajes","potentialAction":[{"@type":"SearchAction","target":{"@type":"EntryPoint","urlTemplate":"https:\/\/www.easymarket.travel\/es\/?s={search_term_string}"},"query-input":"required name=search_term_string"}],"inLanguage":"en-US"}]}},"_links":{"self":[{"href":"https:\/\/www.easymarket.travel\/es\/wp-json\/wp\/v2\/pages\/29"}],"collection":[{"href":"https:\/\/www.easymarket.travel\/es\/wp-json\/wp\/v2\/pages"}],"about":[{"href":"https:\/\/www.easymarket.travel\/es\/wp-json\/wp\/v2\/types\/page"}],"author":[{"embeddable":true,"href":"https:\/\/www.easymarket.travel\/es\/wp-json\/wp\/v2\/users\/2"}],"replies":[{"embeddable":true,"href":"https:\/\/www.easymarket.travel\/es\/wp-json\/wp\/v2\/comments?post=29"}],"version-history":[{"count":8,"href":"https:\/\/www.easymarket.travel\/es\/wp-json\/wp\/v2\/pages\/29\/revisions"}],"predecessor-version":[{"id":194,"href":"https:\/\/www.easymarket.travel\/es\/wp-json\/wp\/v2\/pages\/29\/revisions\/194"}],"wp:attachment":[{"href":"https:\/\/www.easymarket.travel\/es\/wp-json\/wp\/v2\/media?parent=29"}],"curies":[{"name":"wp","href":"https:\/\/api.w.org\/{rel}","templated":true}]}}