{"id":255,"date":"2022-12-01T09:56:56","date_gmt":"2022-12-01T09:56:56","guid":{"rendered":"https:\/\/www.easymarket.travel\/es\/?page_id=255"},"modified":"2023-08-01T12:32:11","modified_gmt":"2023-08-01T12:32:11","slug":"alcancia-electronica","status":"publish","type":"page","link":"https:\/\/www.easymarket.travel\/es\/alcancia-electronica\/","title":{"rendered":"Alcanc\u00eda electr\u00f3nica"},"content":{"rendered":"<section class=\"wpb-content-wrapper\">[vc_row content_aligment=&#8221;center&#8221; css=&#8221;.vc_custom_1669823193910{margin-top: 1px !important;margin-bottom: 30px !important;padding-top: 3% !important;padding-bottom: 3% !important;background-image: url(https:\/\/www.easymarket.travel\/es\/wp-content\/uploads\/sites\/4\/2022\/11\/bg_row_cashback_salvadanaio_v5.jpg?id=256) !important;}&#8221;][vc_column][vc_column_text]\n<h2 class=\" upper turk2\"><strong>CASHBACK 1% ALCANC\u00cdA ELECTR\u00d3NICA<\/strong><\/h2>\n<h3 class=\"white\" style=\"margin-bottom: 20px;\">La nueva promoci\u00f3n dedicada a todas las agencias de viajes<\/h3>\n[\/vc_column_text][\/vc_column][\/vc_row][vc_row content_width=&#8221;grid&#8221; css=&#8221;.vc_custom_1633609681056{margin-bottom: 30px !important;}&#8221;][vc_column width=&#8221;1\/3&#8243;][vc_single_image image=&#8221;257&#8243; img_size=&#8221;full&#8221; alignment=&#8221;center&#8221;][\/vc_column][vc_column width=&#8221;2\/3&#8243;][vc_column_text css=&#8221;.vc_custom_1690817000520{margin-top: 0px !important;margin-bottom: 0px !important;padding-top: 0px !important;padding-bottom: 0px !important;}&#8221;]\n<h2 class=\"blu upper\"><strong>\u00bfQU\u00c9 ES?<\/strong><\/h2>\n<h3>En Revolution, usar la Alcanc\u00eda Electr\u00f3nica permite a los agentes de viajes pagar todos los productos y servicios ofrecidos por la plataforma.<\/h3>\n<h3>Este m\u00e9todo representa particulares ventajas, y entre ellas, la posibilidad de obtener un cashback por cada recarga.<\/h3>\n[\/vc_column_text][\/vc_column][\/vc_row][vc_row content_width=&#8221;grid&#8221;][vc_column][vc_text_separator title=&#8221;\u00bfC\u00d3MO HACER?&#8221; color=&#8221;blue&#8221; style=&#8221;dashed&#8221; border_width=&#8221;2&#8243; el_class=&#8221;come&#8221;][\/vc_column][\/vc_row][vc_row content_width=&#8221;grid&#8221; css=&#8221;.vc_custom_1690817104240{margin-top: 15px !important;margin-bottom: 0px !important;padding-top: 0px !important;padding-bottom: 0px !important;background-color: #edf1f9 !important;}&#8221;][vc_column width=&#8221;1\/2&#8243;][vc_column_text css=&#8221;.vc_custom_1690817234272{margin-top: 15px !important;margin-bottom: 0px !important;padding-top: 20px !important;}&#8221;]\n<h3><strong>Easy Market premia a los agentes reconociendo el 1% de cashback si recargan su Alcanc\u00eda Electr\u00f3nica.<\/strong><\/h3>\n<h3>Por ejemplo, con una recarga de 5.000\u20ac encontrar\u00e1s 5.000\u20ac + 50\u20ac extra directamente en tu Alcanc\u00eda Electr\u00f3nica.<\/h3>\n<h3>Para realizarla, elige uno de estos m\u00e9todos:[\/vc_column_text][\/vc_column][vc_column width=&#8221;1\/2&#8243;][vc_single_image image=&#8221;258&#8243; img_size=&#8221;full&#8221; alignment=&#8221;center&#8221; css=&#8221;.vc_custom_1669823246392{margin-top: 2% !important;margin-bottom: 1% !important;}&#8221;][\/vc_column][\/vc_row][vc_row content_width=&#8221;grid&#8221; css=&#8221;.vc_custom_1690817129072{margin-top: 0px !important;padding-top: 0px !important;padding-bottom: 3% !important;background-color: #edf1f9 !important;}&#8221;][vc_column][vc_column_text]<\/h3>\n<h3><i class=\"fa fa-check fa-lg blu\" aria-hidden=\"true\"><\/i> <strong>Transferencia Bancaria<\/strong><\/h3>\n<h4 style=\"margin-top: 4px;\">Puedes realizar una transferencia de cualquier monto para recargar tu Alcanc\u00eda, pero debes tener en cuenta que, para obtener el 1% de cashback, la recarga debe ser de un m\u00ednimo de 2000\u20ac.<br \/>\nEnv\u00edanos el comprobante a <a class=\"blu\" href=\"mailto:sales@easymarket.travel\" target=\"_blank\" rel=\"noopener\">sales@easymarket.travel<\/a><br \/>\nUna vez que el dinero est\u00e9 disponible, tu Alcanc\u00eda ser\u00e1 recargada.<br \/>\nPonte en contacto con tu Referente Comercial para obtener m\u00e1s informaci\u00f3n.<\/h4>\n<h3><i class=\"fa fa-check fa-lg blu\" aria-hidden=\"true\"><\/i> <strong>MyBank<\/strong><\/h3>\n<h4 style=\"margin-top: 4px;\">Directamente desde la p\u00e1gina de la gesti\u00f3n de tu Alcanc\u00eda Electr\u00f3nica, podr\u00e1s seleccionar el bot\u00f3n MyBank para recargarla.<br \/>\nDigita el monto que deseas transferir. Haciendo clic en \u201cRecargar\u201d podr\u00e1s seleccionar el nombre de tu banco y ser\u00e1s redirigido a tu homebanking.<br \/>\nAccede de manera segura con tus c\u00f3digos de acceso habituales.<br \/>\nAutoriza la transacci\u00f3n. En pocos segundos recibir\u00e1s la confirmaci\u00f3n de la realizaci\u00f3n del pago<\/h4>\n<h5>*IMPORTANTE: Cuando has finalizado el pago haz clic en &#8220;Vuelve al negocio&#8221; y as\u00ed Easy Market recibir\u00e1 la comunicaci\u00f3n del pago completado. En caso contrario, la transacci\u00f3n no resultar\u00e1 realizada y por ende tampoco estar\u00e1 disponible en la Alcanc\u00eda.<\/h5>\n<h5>MyBank est\u00e1 disponible para todos aquellos que han activado el servicio de homebanking o mobile banking. Est\u00e1 accesible para PC, smartphone y tablet.<\/h5>\n[\/vc_column_text][\/vc_column][\/vc_row][vc_row content_width=&#8221;grid&#8221;][vc_column width=&#8221;1\/3&#8243;][vc_single_image image=&#8221;259&#8243; img_size=&#8221;medium&#8221; css=&#8221;.vc_custom_1669823266927{margin-top: 2% !important;margin-bottom: 2% !important;padding-top: 20px !important;padding-right: 20px !important;padding-bottom: 20px !important;padding-left: 20px !important;}&#8221;][\/vc_column][vc_column width=&#8221;2\/3&#8243;][vc_column_text css=&#8221;.vc_custom_1690817180280{padding-top: 20px !important;}&#8221;]\n<h3><i class=\"fa fa-hand-o-right fa-lg turk2\" aria-hidden=\"true\"><\/i> Una vez que has completado los pasos, encontrar\u00e1s disponible en tu Alcanc\u00eda el valor que has transferido m\u00e1s el cashback correspondiente al 1% de tu recarga. Y podr\u00e1s utilizarlo inmediatamente en el pago de tus reservas en la plataforma Revolution.<\/h3>\n<h3><strong><a href=\"http:\/\/www.revolution.travel\" target=\"_blank\" rel=\"noopener noreferrer\">\u00a1Compru\u00e9balo ahora en Revolution!<\/a><\/strong><\/h3>\n[\/vc_column_text][\/vc_column][\/vc_row]\n<\/section>","protected":false},"excerpt":{"rendered":"<p>[vc_row content_aligment=&#8221;center&#8221; css=&#8221;.vc_custom_1669823193910{margin-top: 1px !important;margin-bottom: 30px !important;padding-top: 3% !important;padding-bottom: 3% !important;background-image: url(https:\/\/www.easymarket.travel\/es\/wp-content\/uploads\/sites\/4\/2022\/11\/bg_row_cashback_salvadanaio_v5.jpg?id=256) !important;}&#8221;][vc_column][vc_column_text] CASHBACK 1% ALCANC\u00cdA ELECTR\u00d3NICA La nueva promoci\u00f3n dedicada a todas las agencias de viajes [\/vc_column_text][\/vc_column][\/vc_row][vc_row content_width=&#8221;grid&#8221; css=&#8221;.vc_custom_1633609681056{margin-bottom: 30px !important;}&#8221;][vc_column width=&#8221;1\/3&#8243;][vc_single_image image=&#8221;257&#8243; img_size=&#8221;full&#8221; alignment=&#8221;center&#8221;][\/vc_column][vc_column width=&#8221;2\/3&#8243;][vc_column_text css=&#8221;.vc_custom_1690817000520{margin-top: 0px !important;margin-bottom: 0px !important;padding-top: 0px !important;padding-bottom: 0px !important;}&#8221;] \u00bfQU\u00c9 ES? En Revolution, usar la Alcanc\u00eda Electr\u00f3nica permite a los agentes de viajes pagar todos los productos y servicios ofrecidos por la plataforma. Este m\u00e9todo representa particulares ventajas, y entre ellas, la posibilidad de obtener un cashback por cada recarga. [\/vc_column_text][\/vc_column][\/vc_row][vc_row content_width=&#8221;grid&#8221;][vc_column][vc_text_separator title=&#8221;\u00bfC\u00d3MO HACER?&#8221; color=&#8221;blue&#8221; style=&#8221;dashed&#8221; border_width=&#8221;2&#8243; el_class=&#8221;come&#8221;][\/vc_column][\/vc_row][vc_row content_width=&#8221;grid&#8221; css=&#8221;.vc_custom_1690817104240{margin-top: 15px !important;margin-bottom: 0px&#8230;<\/p>\n","protected":false},"author":14,"featured_media":0,"parent":0,"menu_order":0,"comment_status":"closed","ping_status":"closed","template":"full-width.php","meta":[],"acf":[],"yoast_head":"<!-- This site is optimized with the Yoast SEO plugin v21.8 - https:\/\/yoast.com\/wordpress\/plugins\/seo\/ -->\n<title>Alcanc\u00eda electr\u00f3nica - Easy Market | ES<\/title>\n<meta name=\"description\" content=\"La Alcanc\u00eda Electr\u00f3nica de la plataforma Revolution te da la posibilidad de obtener cr\u00e9dito extra! M\u00e1s informaci\u00f3n aqu\u00ed.\" \/>\n<meta name=\"robots\" content=\"index, follow, max-snippet:-1, max-image-preview:large, max-video-preview:-1\" \/>\n<link rel=\"canonical\" href=\"https:\/\/www.easymarket.travel\/es\/alcancia-electronica\/\" \/>\n<meta property=\"og:locale\" content=\"en_US\" \/>\n<meta property=\"og:type\" content=\"article\" \/>\n<meta property=\"og:title\" content=\"Alcanc\u00eda electr\u00f3nica - Easy Market | ES\" \/>\n<meta property=\"og:description\" content=\"La Alcanc\u00eda Electr\u00f3nica de la plataforma Revolution te da la posibilidad de obtener cr\u00e9dito extra! M\u00e1s informaci\u00f3n aqu\u00ed.\" \/>\n<meta property=\"og:url\" content=\"https:\/\/www.easymarket.travel\/es\/alcancia-electronica\/\" \/>\n<meta property=\"og:site_name\" content=\"Easy Market | ES\" \/>\n<meta property=\"article:modified_time\" content=\"2023-08-01T12:32:11+00:00\" \/>\n<meta name=\"twitter:label1\" content=\"Est. reading time\" \/>\n\t<meta name=\"twitter:data1\" content=\"1 minute\" \/>\n<script type=\"application\/ld+json\" class=\"yoast-schema-graph\">{\"@context\":\"https:\/\/schema.org\",\"@graph\":[{\"@type\":\"WebPage\",\"@id\":\"https:\/\/www.easymarket.travel\/es\/alcancia-electronica\/\",\"url\":\"https:\/\/www.easymarket.travel\/es\/alcancia-electronica\/\",\"name\":\"Alcanc\u00eda electr\u00f3nica - Easy Market | ES\",\"isPartOf\":{\"@id\":\"https:\/\/www.easymarket.travel\/es\/#website\"},\"datePublished\":\"2022-12-01T09:56:56+00:00\",\"dateModified\":\"2023-08-01T12:32:11+00:00\",\"description\":\"La Alcanc\u00eda Electr\u00f3nica de la plataforma Revolution te da la posibilidad de obtener cr\u00e9dito extra! M\u00e1s informaci\u00f3n aqu\u00ed.\",\"breadcrumb\":{\"@id\":\"https:\/\/www.easymarket.travel\/es\/alcancia-electronica\/#breadcrumb\"},\"inLanguage\":\"en-US\",\"potentialAction\":[{\"@type\":\"ReadAction\",\"target\":[\"https:\/\/www.easymarket.travel\/es\/alcancia-electronica\/\"]}]},{\"@type\":\"BreadcrumbList\",\"@id\":\"https:\/\/www.easymarket.travel\/es\/alcancia-electronica\/#breadcrumb\",\"itemListElement\":[{\"@type\":\"ListItem\",\"position\":1,\"name\":\"Home\",\"item\":\"https:\/\/www.easymarket.travel\/es\/\"},{\"@type\":\"ListItem\",\"position\":2,\"name\":\"Alcanc\u00eda electr\u00f3nica\"}]},{\"@type\":\"WebSite\",\"@id\":\"https:\/\/www.easymarket.travel\/es\/#website\",\"url\":\"https:\/\/www.easymarket.travel\/es\/\",\"name\":\"Easy Market | ES\",\"description\":\"Sistema de reservas para Agencias de Viajes\",\"potentialAction\":[{\"@type\":\"SearchAction\",\"target\":{\"@type\":\"EntryPoint\",\"urlTemplate\":\"https:\/\/www.easymarket.travel\/es\/?s={search_term_string}\"},\"query-input\":\"required name=search_term_string\"}],\"inLanguage\":\"en-US\"}]}<\/script>\n<!-- \/ Yoast SEO plugin. -->","yoast_head_json":{"title":"Alcanc\u00eda electr\u00f3nica - Easy Market | ES","description":"La Alcanc\u00eda Electr\u00f3nica de la plataforma Revolution te da la posibilidad de obtener cr\u00e9dito extra! M\u00e1s informaci\u00f3n aqu\u00ed.","robots":{"index":"index","follow":"follow","max-snippet":"max-snippet:-1","max-image-preview":"max-image-preview:large","max-video-preview":"max-video-preview:-1"},"canonical":"https:\/\/www.easymarket.travel\/es\/alcancia-electronica\/","og_locale":"en_US","og_type":"article","og_title":"Alcanc\u00eda electr\u00f3nica - Easy Market | ES","og_description":"La Alcanc\u00eda Electr\u00f3nica de la plataforma Revolution te da la posibilidad de obtener cr\u00e9dito extra! M\u00e1s informaci\u00f3n aqu\u00ed.","og_url":"https:\/\/www.easymarket.travel\/es\/alcancia-electronica\/","og_site_name":"Easy Market | ES","article_modified_time":"2023-08-01T12:32:11+00:00","twitter_misc":{"Est. reading time":"1 minute"},"schema":{"@context":"https:\/\/schema.org","@graph":[{"@type":"WebPage","@id":"https:\/\/www.easymarket.travel\/es\/alcancia-electronica\/","url":"https:\/\/www.easymarket.travel\/es\/alcancia-electronica\/","name":"Alcanc\u00eda electr\u00f3nica - Easy Market | ES","isPartOf":{"@id":"https:\/\/www.easymarket.travel\/es\/#website"},"datePublished":"2022-12-01T09:56:56+00:00","dateModified":"2023-08-01T12:32:11+00:00","description":"La Alcanc\u00eda Electr\u00f3nica de la plataforma Revolution te da la posibilidad de obtener cr\u00e9dito extra! M\u00e1s informaci\u00f3n aqu\u00ed.","breadcrumb":{"@id":"https:\/\/www.easymarket.travel\/es\/alcancia-electronica\/#breadcrumb"},"inLanguage":"en-US","potentialAction":[{"@type":"ReadAction","target":["https:\/\/www.easymarket.travel\/es\/alcancia-electronica\/"]}]},{"@type":"BreadcrumbList","@id":"https:\/\/www.easymarket.travel\/es\/alcancia-electronica\/#breadcrumb","itemListElement":[{"@type":"ListItem","position":1,"name":"Home","item":"https:\/\/www.easymarket.travel\/es\/"},{"@type":"ListItem","position":2,"name":"Alcanc\u00eda electr\u00f3nica"}]},{"@type":"WebSite","@id":"https:\/\/www.easymarket.travel\/es\/#website","url":"https:\/\/www.easymarket.travel\/es\/","name":"Easy Market | ES","description":"Sistema de reservas para Agencias de Viajes","potentialAction":[{"@type":"SearchAction","target":{"@type":"EntryPoint","urlTemplate":"https:\/\/www.easymarket.travel\/es\/?s={search_term_string}"},"query-input":"required name=search_term_string"}],"inLanguage":"en-US"}]}},"_links":{"self":[{"href":"https:\/\/www.easymarket.travel\/es\/wp-json\/wp\/v2\/pages\/255"}],"collection":[{"href":"https:\/\/www.easymarket.travel\/es\/wp-json\/wp\/v2\/pages"}],"about":[{"href":"https:\/\/www.easymarket.travel\/es\/wp-json\/wp\/v2\/types\/page"}],"author":[{"embeddable":true,"href":"https:\/\/www.easymarket.travel\/es\/wp-json\/wp\/v2\/users\/14"}],"replies":[{"embeddable":true,"href":"https:\/\/www.easymarket.travel\/es\/wp-json\/wp\/v2\/comments?post=255"}],"version-history":[{"count":9,"href":"https:\/\/www.easymarket.travel\/es\/wp-json\/wp\/v2\/pages\/255\/revisions"}],"predecessor-version":[{"id":466,"href":"https:\/\/www.easymarket.travel\/es\/wp-json\/wp\/v2\/pages\/255\/revisions\/466"}],"wp:attachment":[{"href":"https:\/\/www.easymarket.travel\/es\/wp-json\/wp\/v2\/media?parent=255"}],"curies":[{"name":"wp","href":"https:\/\/api.w.org\/{rel}","templated":true}]}}